{"id":6643,"date":"2016-10-26T10:05:19","date_gmt":"2016-10-26T08:05:19","guid":{"rendered":"https:\/\/dev.consellagrari.com\/historia\/"},"modified":"2026-01-26T13:52:51","modified_gmt":"2026-01-26T12:52:51","slug":"organos-de-gobierno","status":"publish","type":"page","link":"https:\/\/valencia.consellagrari.com\/es\/quienes-somos\/organos-de-gobierno\/","title":{"rendered":"\u00d3rganos de gobierno"},"content":{"rendered":"<div class=\"wpb-content-wrapper\"><p>[vc_row el_class=\u00bbpage-center\u00bb][vc_column][vc_single_image source=\u00bbfeatured_image\u00bb img_size=\u00bblarge\u00bb alignment=\u00bbcenter\u00bb image_hovers=\u00bbfalse\u00bb el_class=\u00bbpage-featured-image\u00bb][vc_column_text]El Consell Agrari de Val\u00e8ncia est\u00e1 formado por los siguientes \u00d3rganos de Gobierno:<\/p>\n<h3>Presidencia<\/h3>\n<p>Es Presidente\/a del Consell Agrari de Val\u00e8ncia la persona que lo sea del Ayuntamiento de Val\u00e8ncia, quien podr\u00e1 delegar el ejercicio efectivo de sus competencias y atribuciones en la Vicepresidencia del Consell Agrari Municipal.<\/p>\n<p>Son atribuciones y deberes del presidente o presidenta los siguientes:<\/p>\n<ol>\n<li>Convocar, presidir y levantar las sesiones del Consejo Rector, dirigir sus deliberaciones y decidir los empates con voto de calidad.<\/li>\n<li>Presidir y dirigir cualquier tipo de comisi\u00f3n de trabajo que pueda constituirse en su seno, para su mejor desenvolvimiento.<\/li>\n<li>\u00a0Ejecutar y hacer cumplir los acuerdos adoptados por los \u00d3rganos decisorios.<\/li>\n<li>Inspeccionar los Servicios.<\/li>\n<li>\u00a0Representar al Organismo Aut\u00f3nomo a todos los efectos y, en particular, firmar cuantos documentos de car\u00e1cter p\u00fablico o privado fueren precisos.<\/li>\n<li>Actuar ante los tribunales, organismos y autoridades de toda \u00edndole, otorgando, en su caso, los apoderamientos necesarios, y ejercitar, en caso de urgencia, acciones administrativas, judiciales o de cualquier \u00edndole, y otorgar poderes, dando cuenta al Consejo Rector<\/li>\n<li>Celebrar cualquier tipo de contrato, de derecho p\u00fablico o privado, siempre que no tengan una duraci\u00f3n superior a cuatro a\u00f1os ni sobrepasen la cuant\u00eda del 10% de los recursos ordinarios del Presupuesto del Organismo, con una cuant\u00eda m\u00e1xima de seis millones de euros, en cualquier caso.<\/li>\n<li>Desempe\u00f1ar la Jefatura Superior del personal. Otorgar al personal recompensas econ\u00f3micas o de cualquier orden. Ordenar la instrucci\u00f3n de expedientes disciplinarios, y disponer la suspensi\u00f3n preventiva por raz\u00f3n de presuntas faltas graves o muy graves, e imponer sanciones en los casos que procedan. En el caso de que la sanci\u00f3n sea de separaci\u00f3n del servicio del personal funcionario del Organismo o de despido de personal laboral deber\u00e1 dar cuenta al Consejo Rector en la siguiente sesi\u00f3n que celebre.<\/li>\n<li>Aprobar la Oferta de Empleo P\u00fablico y las bases de convocatoria para selecci\u00f3n del personal. Asimismo aprobar las bases de selecci\u00f3n y realizar las contrataciones del personal laboral temporal conforme a las mismas.<\/li>\n<li>Formar el proyecto del presupuesto para su elevaci\u00f3n al Consejo Rector.<\/li>\n<li>Ordenar el gasto y los pagos, dentro de los l\u00edmites se\u00f1alados en la legislaci\u00f3n vigente a las y los Presidentes de las Corporaciones Locales y bases de ejecuci\u00f3n del presupuesto, y la autorizaci\u00f3n mancomunada con la Intervenci\u00f3n y Tesorer\u00eda de los movimientos de fondos.<\/li>\n<li>Rendir los estados y cuentas anuales preceptivos conforme a la legislaci\u00f3n vigente.<\/li>\n<li>Con car\u00e1cter residual, cualesquiera otras funciones no reservadas por los presentes Estatutos a la competencia de ning\u00fan otro \u00f3rgano del Organismo.<\/li>\n<\/ol>\n<h3>Vicepresidencia<\/h3>\n<p>Le corresponder\u00e1 al concejal o concejala del Excmo. Ayuntamiento de Val\u00e8ncia, miembro del Consejo Rector que sea designado por la Presidencia.<\/p>\n<p>La Vicepresidencia desempe\u00f1ar\u00e1 las competencias que le delegue la Presidencia, adem\u00e1s de su sustituci\u00f3n en caso de ausencia, vacante o enfermedad.<\/p>\n<h3>Consejo Rector<\/h3>\n<p>Es el m\u00e1ximo \u00f3rgano de gobierno del organismo aut\u00f3nomo al que le corresponde la suprema direcci\u00f3n de este, la fijaci\u00f3n de las directrices de actuaci\u00f3n y la supervisi\u00f3n del cumplimiento de objetivos.<\/p>\n<p>Son competencias del Consejo Rector:<\/p>\n<ol>\n<li>Aprobar y modificar la organizaci\u00f3n general del organismo y sus departamentos.<\/li>\n<li>Proponer al Pleno del Ayuntamiento la aprobaci\u00f3n de plantilla y relaci\u00f3n de puestos de trabajo, debiendo observar, respecto a la determinaci\u00f3n y modificaci\u00f3n de las condiciones retributivas de todo el personal, lo que al respecto determine el Pleno del Ayuntamiento.<\/li>\n<li>Aprobar el Convenio Colectivo del personal.<\/li>\n<li>Ratificar el despido del personal laboral.<\/li>\n<li>Aprobar y rectificar anualmente el inventario de sus bienes y derechos.<\/li>\n<li>Aprobar inicialmente el presupuesto anual para cada ejercicio econ\u00f3mico, elev\u00e1ndolo con la antelaci\u00f3n necesaria al Ayuntamiento de Val\u00e8ncia a los efectos de su integraci\u00f3n en el Presupuesto General, as\u00ed como proponer al Pleno Municipal los expedientes de modificaci\u00f3n de cr\u00e9dito que procedan.<\/li>\n<li>Aprobar las Cuentas Anuales para su elevaci\u00f3n al Ayuntamiento a los efectos de formaci\u00f3n de la Cuenta General.<\/li>\n<li>Celebrar cualquier tipo de contrato cuando su cuant\u00eda o duraci\u00f3n rebase los l\u00edmites de las atribuciones de la Presidencia.<\/li>\n<li>Ordenar el gasto, cuando rebase los l\u00edmites de las atribuciones de la Presidencia.<\/li>\n<li>El reconocimiento extrajudicial de cr\u00e9ditos, siempre que no exista consignaci\u00f3n presupuestaria y se habilite el oportuno cr\u00e9dito extraordinario o suplemento de cr\u00e9dito, elev\u00e1ndose al Pleno del Ayuntamiento para su ratificaci\u00f3n.<\/li>\n<li>Aprobar los convenios que tengan el car\u00e1cter de marco o protocolos generales a suscribir con organismos, entidades p\u00fablicas o privadas, o personas f\u00edsicas. Asimismo, la aprobaci\u00f3n de los convenios por los que cualquier municipio, ente p\u00fablico local o la Comunidad Aut\u00f3noma Val\u00e8ncia encomiende el ejercicio de facultades de gesti\u00f3n propias al Organismo.<\/li>\n<li>Ejercitar toda clase de acciones judiciales y administrativas.<\/li>\n<li>Cualesquiera otras atribuciones que le encomienden los presentes Estatutos o decida someterle la Presidencia.<\/li>\n<\/ol>\n<p>[\/vc_column_text][\/vc_column][\/vc_row][vc_row][vc_column width=\u00bb1\/6&#8243;][\/vc_column][vc_column width=\u00bb2\/3&#8243;][vc_column_text css=\u00bb\u00bb]<\/p>\n<h3>CONSEJO RECTOR DEL ORGANISMO AUT\u00d3NOMO CONSEJO AGRARIO MUNICIPAL DE VALENCIA (2023-2027)<\/h3>\n<table style=\"background-color: #efefef;\" width=\"100%\" cellspacing=\"0\" cellpadding=\"7\">\n<tbody>\n<tr>\n<td width=\"100%\" height=\"18\"><b>GRUPO MUNICIPAL VOX<\/b><\/td>\n<\/tr>\n<\/tbody>\n<\/table>\n<table width=\"100%\" cellspacing=\"0\" cellpadding=\"7\">\n<tbody>\n<tr>\n<td width=\"50%\"><b>TITULAR<\/b><\/td>\n<td width=\"50%\"><b>SUPLENTE<\/b><\/td>\n<\/tr>\n<tr>\n<td width=\"50%\"><b>Sr. Jos\u00e9 Vicente Gos\u00e1lbez Pay\u00e1<\/b> (Presidencia)<\/td>\n<td width=\"50%\"><b>Sr. Fernando Beltr\u00e1n Esteban<\/b><\/td>\n<\/tr>\n<\/tbody>\n<\/table>\n<table style=\"background-color: #efefef;\" width=\"100%\" cellspacing=\"0\" cellpadding=\"7\">\n<tbody>\n<tr>\n<td width=\"100%\" height=\"18\"><b>GRUPO MUNICIPAL <\/b><b>POPULAR (PP)<\/b><\/td>\n<\/tr>\n<\/tbody>\n<\/table>\n<table width=\"100%\" cellspacing=\"0\" cellpadding=\"7\">\n<tbody>\n<tr>\n<td width=\"50%\"><b>TITULARES<\/b><\/td>\n<td width=\"50%\"><b>SUPLENTES<\/b><\/td>\n<\/tr>\n<tr>\n<td width=\"50%\"><b>Sr. Carlos Mundina G\u00f3mez<\/b><\/td>\n<td width=\"50%\"><b>Sra. M\u00aa Amparo Navarro Belenguer<\/b><\/td>\n<\/tr>\n<tr>\n<td width=\"50%\"><b>Sr. Julio Aguado Codina<\/b><\/td>\n<td width=\"50%\"><b>Sr. V\u00edctor Pons Roger<\/b><\/td>\n<\/tr>\n<tr>\n<td width=\"50%\"><b>Sr. Manuel Mart\u00ed Navarro<\/b><\/td>\n<td width=\"50%\"><b>Sr. Jos\u00e9 Manuel Gimeno Rodrigo<\/b><\/td>\n<\/tr>\n<\/tbody>\n<\/table>\n<table style=\"background-color: #efefef;\" width=\"100%\" cellspacing=\"0\" cellpadding=\"7\">\n<tbody>\n<tr>\n<td width=\"100%\" height=\"18\"><b>GRUPO MUNICIPAL <\/b><b>COMPROM\u00cdS<\/b><\/td>\n<\/tr>\n<\/tbody>\n<\/table>\n<table width=\"100%\" cellspacing=\"0\" cellpadding=\"7\">\n<tbody>\n<tr>\n<td width=\"50%\"><b>TITULARES<\/b><\/td>\n<td width=\"50%\"><b>SUPLENTES<\/b><\/td>\n<\/tr>\n<tr>\n<td width=\"50%\"><b>Sr. Sergi Campillo Fern\u00e1ndez<\/b><\/td>\n<td width=\"50%\"><b>Sra. Paloma Carreras Selma<\/b><\/td>\n<\/tr>\n<tr>\n<td width=\"50%\"><b>Sr. Alejandro Ram\u00f3n \u00c1lvarez<\/b><\/td>\n<td width=\"50%\"><b>Sra. Llu\u00efsa Notario Villanueva<\/b><\/td>\n<\/tr>\n<\/tbody>\n<\/table>\n<table style=\"background-color: #efefef;\" width=\"100%\" cellspacing=\"0\" cellpadding=\"7\">\n<tbody>\n<tr>\n<td width=\"100%\" height=\"18\"><b>GRUPO MUNICIPAL <\/b><b>SOCIALISTA (PSOE)<\/b><\/td>\n<\/tr>\n<\/tbody>\n<\/table>\n<table width=\"100%\" cellspacing=\"0\" cellpadding=\"7\">\n<tbody>\n<tr>\n<td width=\"50%\"><b>TITULAR<\/b><\/td>\n<td width=\"50%\"><b>SUPLENTE<\/b><\/td>\n<\/tr>\n<tr>\n<td width=\"50%\"><b>Sra. Elisa Val\u00eda Cotanda<\/b><\/td>\n<td width=\"50%\"><b>Sra. Elisa Maluendo Rico<\/b><\/td>\n<\/tr>\n<\/tbody>\n<\/table>\n<p style=\"text-align: right;\">Actualizado a 26\/01\/2026<\/p>\n<p>[\/vc_column_text][\/vc_column][vc_column width=\u00bb1\/6&#8243;][\/vc_column][\/vc_row]<\/p>\n<\/div>","protected":false},"excerpt":{"rendered":"<p>[vc_row el_class=\u00bbpage-center\u00bb][vc_column][vc_single_image source=\u00bbfeatured_image\u00bb img_size=\u00bblarge\u00bb alignment=\u00bbcenter\u00bb image_hovers=\u00bbfalse\u00bb el_class=\u00bbpage-featured-image\u00bb][vc_column_text]El Consell Agrari de Val\u00e8ncia est\u00e1 formado por los siguientes \u00d3rganos de Gobierno: Presidencia Es Presidente\/a del Consell Agrari de Val\u00e8ncia la persona que lo sea del Ayuntamiento de Val\u00e8ncia, quien podr\u00e1 delegar el ejercicio efectivo de sus competencias y atribuciones en la Vicepresidencia del Consell Agrari Municipal. Son&hellip;<\/p>\n","protected":false},"author":7,"featured_media":0,"parent":6712,"menu_order":1,"comment_status":"closed","ping_status":"closed","template":"","meta":{"footnotes":""},"_links":{"self":[{"href":"https:\/\/valencia.consellagrari.com\/es\/wp-json\/wp\/v2\/pages\/6643"}],"collection":[{"href":"https:\/\/valencia.consellagrari.com\/es\/wp-json\/wp\/v2\/pages"}],"about":[{"href":"https:\/\/valencia.consellagrari.com\/es\/wp-json\/wp\/v2\/types\/page"}],"author":[{"embeddable":true,"href":"https:\/\/valencia.consellagrari.com\/es\/wp-json\/wp\/v2\/users\/7"}],"replies":[{"embeddable":true,"href":"https:\/\/valencia.consellagrari.com\/es\/wp-json\/wp\/v2\/comments?post=6643"}],"version-history":[{"count":1,"href":"https:\/\/valencia.consellagrari.com\/es\/wp-json\/wp\/v2\/pages\/6643\/revisions"}],"predecessor-version":[{"id":9075,"href":"https:\/\/valencia.consellagrari.com\/es\/wp-json\/wp\/v2\/pages\/6643\/revisions\/9075"}],"up":[{"embeddable":true,"href":"https:\/\/valencia.consellagrari.com\/es\/wp-json\/wp\/v2\/pages\/6712"}],"wp:attachment":[{"href":"https:\/\/valencia.consellagrari.com\/es\/wp-json\/wp\/v2\/media?parent=6643"}],"curies":[{"name":"wp","href":"https:\/\/api.w.org\/{rel}","templated":true}]}}