{"id":6646,"date":"2016-10-17T16:15:29","date_gmt":"2016-10-17T14:15:29","guid":{"rendered":"https:\/\/dev.consellagrari.com\/junta-de-sindicos\/"},"modified":"2022-02-16T11:16:25","modified_gmt":"2022-02-16T10:16:25","slug":"junta-de-sindics","status":"publish","type":"page","link":"https:\/\/valencia.consellagrari.com\/es\/junta-de-sindics\/","title":{"rendered":"Junta de S\u00edndics"},"content":{"rendered":"<div class=\"wpb-content-wrapper\"><p>[vc_row el_class=\u00bbpage-center\u00bb][vc_column][vc_column_text]<\/p>\n<h3>Junta de S\u00edndics Agraris<\/h3>\n<p>La Junta de S\u00edndics Agraris de Val\u00e8ncia es un \u00f3rgano consultivo incardinado en la estructura org\u00e1nica del Consell Agrari de Val\u00e8ncia que tiene por objeto hacer llegar al Consell Rector las propuestas que estime oportunas, en orden al correcto funcionamiento del organismo. A la Junta de S\u00edndics Agraris le corresponden las siguientes funciones:<\/p>\n<ol>\n<li>Evaluar la realidad agraria del municipio, sus problemas y necesidades.<\/li>\n<li>Asesora a los \u00f3rganos del Consell Agrari en materia agraria, as\u00ed como en la prestaci\u00f3n de los servicios de inter\u00e9s agrario que est\u00e9n atribuidos o puedan atribuirse al municipio.<\/li>\n<li>Proponer medidas que propicien el desarrollo rural y la mejora de las rentas y de las condiciones de vida de los agricultores, ganaderos y trabajadores del sector agropecuario.<\/li>\n<li>Mediar en conflictos particulares relacionados con la propiedad agraria.<\/li>\n<\/ol>\n<p>[\/vc_column_text][\/vc_column][\/vc_row]<\/p>\n<\/div>","protected":false},"excerpt":{"rendered":"<p>[vc_row el_class=\u00bbpage-center\u00bb][vc_column][vc_column_text] Junta de S\u00edndics Agraris La Junta de S\u00edndics Agraris de Val\u00e8ncia es un \u00f3rgano consultivo incardinado en la estructura org\u00e1nica del Consell Agrari de Val\u00e8ncia que tiene por objeto hacer llegar al Consell Rector las propuestas que estime oportunas, en orden al correcto funcionamiento del organismo. A la Junta de S\u00edndics Agraris le&hellip;<\/p>\n","protected":false},"author":7,"featured_media":0,"parent":0,"menu_order":4,"comment_status":"closed","ping_status":"closed","template":"","meta":{"footnotes":""},"_links":{"self":[{"href":"https:\/\/valencia.consellagrari.com\/es\/wp-json\/wp\/v2\/pages\/6646"}],"collection":[{"href":"https:\/\/valencia.consellagrari.com\/es\/wp-json\/wp\/v2\/pages"}],"about":[{"href":"https:\/\/valencia.consellagrari.com\/es\/wp-json\/wp\/v2\/types\/page"}],"author":[{"embeddable":true,"href":"https:\/\/valencia.consellagrari.com\/es\/wp-json\/wp\/v2\/users\/7"}],"replies":[{"embeddable":true,"href":"https:\/\/valencia.consellagrari.com\/es\/wp-json\/wp\/v2\/comments?post=6646"}],"version-history":[{"count":0,"href":"https:\/\/valencia.consellagrari.com\/es\/wp-json\/wp\/v2\/pages\/6646\/revisions"}],"wp:attachment":[{"href":"https:\/\/valencia.consellagrari.com\/es\/wp-json\/wp\/v2\/media?parent=6646"}],"curies":[{"name":"wp","href":"https:\/\/api.w.org\/{rel}","templated":true}]}}