{"id":6649,"date":"2021-03-09T13:10:33","date_gmt":"2021-03-09T12:10:33","guid":{"rendered":"https:\/\/dev.consellagrari.com\/integrantes\/"},"modified":"2026-01-26T13:40:20","modified_gmt":"2026-01-26T12:40:20","slug":"integrantes","status":"publish","type":"page","link":"https:\/\/valencia.consellagrari.com\/es\/junta-de-sindics\/integrantes\/","title":{"rendered":"Integrantes"},"content":{"rendered":"<div class=\"wpb-content-wrapper\"><p>[vc_row][vc_column][\/vc_column][\/vc_row][vc_row el_class=\u00bbpage-center\u00bb][vc_column][vc_single_image source=\u00bbfeatured_image\u00bb img_size=\u00bblarge\u00bb alignment=\u00bbcenter\u00bb image_hovers=\u00bbfalse\u00bb el_class=\u00bbpage-featured-image\u00bb][vc_column_text css=\u00bb\u00bb]<\/p>\n<table width=\"100%\" cellspacing=\"0\" cellpadding=\"5\">\n<tbody>\n<tr>\n<td colspan=\"2\" width=\"100%\">\n<p align=\"center\"><b>Junta de S\u00edndicos Agrarios (2023-2027) Actualizado a 26\/01\/2026<\/b><\/p>\n<\/td>\n<\/tr>\n<tr>\n<td width=\"57%\">\n<p align=\"center\"><b>Entidad<\/b><\/p>\n<\/td>\n<td width=\"43%\">\n<p align=\"center\"><b>Sindicatos (Titular y suplente)<\/b><\/p>\n<\/td>\n<\/tr>\n<tr>\n<td width=\"57%\"><b>LA UNI\u00d3 DE LLAURADORS I RAMADERS<\/b><\/td>\n<td width=\"43%\">\n<p class=\"p1\">Francesc de Borja Espinosa Bayarri<\/p>\n<p class=\"p1\">Roberto Exp\u00f3sito Marco<\/p>\n<\/td>\n<\/tr>\n<tr>\n<td width=\"57%\"><b>ASOCIACION VALENCIANA DE AGRICULTORES (AVA) <\/b><\/td>\n<td width=\"43%\">\n<p class=\"p1\">Jaume Valls Sancho<\/p>\n<p class=\"p1\">Vicente Nacher Luz<\/p>\n<\/td>\n<\/tr>\n<tr>\n<td width=\"57%\"><strong>UNI\u00d3N DE PEQUE\u00d1OS AGRICULTORES (UPA-PV)\u00a0<\/strong><\/td>\n<td width=\"43%\">\n<p class=\"p1\">Ricardo Bayo Huersio<\/p>\n<p class=\"p1\">Manuel Pe\u00f1a Ferrando<\/p>\n<\/td>\n<\/tr>\n<tr>\n<td width=\"57%\"><b>COORDINADORA CAMPEROLA DEL PA\u00cdS VALENCI\u00c0 \u2013 COAG (CCPV-COAG)<\/b><\/td>\n<td width=\"43%\">Mar\u00eda Viana Mieres<\/p>\n<p>Jordi Belver Bayona<\/td>\n<\/tr>\n<tr>\n<td width=\"57%\">\n<p class=\"p1\"><strong>CONSEJO REGULADOR IGP C\u00cdTRICOS VALENCIANOS<\/strong><\/p>\n<\/td>\n<td width=\"43%\">\n<p class=\"p1\">Joan Manuel Mesado i Mart\u00ed<\/p>\n<p class=\"p1\">Felipe Juan Narb\u00f3n<\/p>\n<\/td>\n<\/tr>\n<tr>\n<td width=\"57%\">\n<p class=\"p1\"><strong>CRDO CHUFA DE VALENCIA<\/strong><\/p>\n<\/td>\n<td width=\"43%\">\n<p class=\"p1\">Antonio Jos\u00e9 Gimeno Juli\u00e0<\/p>\n<p class=\"p1\">Francesc de Borja Espinosa Bayarri<\/p>\n<\/td>\n<\/tr>\n<tr>\n<td width=\"57%\">\n<p class=\"p1\"><strong>COMIT\u00c9 D\u2019AGRICULTURA ECOL\u00d2GICA DE LA COMUNITAT<\/strong><\/p>\n<p class=\"p1\"><strong>VALENCIANA (CAECV)<\/strong><\/p>\n<\/td>\n<td width=\"43%\">\n<p class=\"p1\">Vicente Faro Carrio<\/p>\n<p class=\"p1\">Julio Quilis Siurana<\/p>\n<\/td>\n<\/tr>\n<tr>\n<td width=\"57%\" height=\"35\"><strong>S.A.T. 7987 HERMANOS SANCHO<\/strong><\/td>\n<td width=\"43%\">Juan Bautista Sancho Sanfeliu<\/td>\n<\/tr>\n<tr>\n<td width=\"57%\">\n<p class=\"p1\"><strong>FEDERACI\u00d3N COOPERATIVAS AGROALIMENTARIAS DE LA<\/strong><\/p>\n<p class=\"p1\"><strong>COMUNITAT VALENCIANA<\/strong><\/p>\n<\/td>\n<td width=\"43%\">\n<p class=\"p1\">Cirilo Arnandis N\u00fa\u00f1ez<\/p>\n<p class=\"p1\">Enrique Bell\u00e9s Llopis<\/p>\n<\/td>\n<\/tr>\n<tr>\n<td width=\"57%\">\n<p class=\"p1\"><strong>COMUNIDAD DE REGANTES REAL ACEQUIA DE MONCADA<\/strong><\/p>\n<\/td>\n<td width=\"43%\">\n<p class=\"p1\">Francisco Vicente Romeu Rel<\/p>\n<p class=\"p1\">Rafael Ordeig Orero<\/p>\n<\/td>\n<\/tr>\n<tr>\n<td width=\"57%\">\n<p class=\"p1\"><strong>CANAL DE RIEGO DEL R\u00cdO TURIA (ACEQUIA DEL ORO)<\/strong><\/p>\n<\/td>\n<td width=\"43%\">\n<p class=\"p1\">Salvador Arce Chuli\u00e0<\/p>\n<p class=\"p1\">Manuel Planells Pons<\/p>\n<\/td>\n<\/tr>\n<tr>\n<td width=\"57%\">\n<p class=\"p1\"><strong>TRIBUNAL DE LES AIG\u00dcES DE LA VEGA DE VAL\u00c8NCIA<\/strong><\/p>\n<\/td>\n<td width=\"43%\">\n<p class=\"p1\">Francisco Almenar Cubells<\/p>\n<p class=\"p1\">Blas Almenar Marco<\/p>\n<p>Blas Almenar Marco<\/p>\n<p>Francisco Almenar Cubells<\/td>\n<\/tr>\n<tr>\n<td width=\"57%\">\n<p class=\"p1\"><strong>TANCAT DEL RECAT\u00cd<\/strong><\/p>\n<\/td>\n<td width=\"43%\">\n<p class=\"p1\">Juan Raga Ferrer<\/p>\n<p class=\"p1\">Francisco Navarro Navarro<\/p>\n<\/td>\n<\/tr>\n<tr>\n<td width=\"57%\">\n<p class=\"p1\"><strong>FEDERACION DE ASOCIACIONES DE VECINOS DE VALENCIA<\/strong><\/p>\n<\/td>\n<td width=\"43%\">\n<p class=\"p1\">Daniel Herrero Ginovart<\/p>\n<\/td>\n<\/tr>\n<tr>\n<td width=\"57%\">\n<p class=\"p1\"><strong>Plataforma en Defensa Llauradors i Ramaders de l\u00b4Horta<\/strong><\/p>\n<\/td>\n<td width=\"43%\">\n<p class=\"p1\">Jos\u00e9 Antonio Benlloch Andr\u00e9s<\/p>\n<p class=\"p1\">Vicente Alegre Jordan<\/p>\n<\/td>\n<\/tr>\n<tr>\n<td width=\"57%\">\n<p class=\"p1\"><strong>COMUNITAT DE PESCADORS DEL PALMAR<\/strong><\/p>\n<\/td>\n<td width=\"43%\">\n<p class=\"p1\">Jos\u00e9 Caballer Torrent<\/p>\n<p class=\"p1\">Amparo Aleixandre Puchades<\/p>\n<\/td>\n<\/tr>\n<tr>\n<td width=\"57%\">\n<p class=\"p1\"><strong>COLEGIO OFICIAL DE AGR\u00d3NOMOS DE LEVANTE<\/strong><\/p>\n<\/td>\n<td width=\"43%\">\n<p class=\"p1\">Eduardo Llorens Aparici<\/p>\n<p class=\"p1\">Jos\u00e9 Carbonell Castell\u00f3<\/p>\n<\/td>\n<\/tr>\n<tr>\n<td width=\"57%\">\n<p class=\"p1\"><strong>Grupo de Acuicultura y biodiversidad UPV<\/strong><\/p>\n<\/td>\n<td width=\"43%\">\n<p class=\"p1\">Miguel Jover Cerd\u00e1<\/p>\n<p class=\"p1\">Silvia Martinez Llorens<\/p>\n<\/td>\n<\/tr>\n<\/tbody>\n<\/table>\n<p>[\/vc_column_text][\/vc_column][\/vc_row]<\/p>\n<\/div>","protected":false},"excerpt":{"rendered":"<p>[vc_row][vc_column][\/vc_column][\/vc_row][vc_row el_class=\u00bbpage-center\u00bb][vc_column][vc_single_image source=\u00bbfeatured_image\u00bb img_size=\u00bblarge\u00bb alignment=\u00bbcenter\u00bb image_hovers=\u00bbfalse\u00bb el_class=\u00bbpage-featured-image\u00bb][vc_column_text css=\u00bb\u00bb] Junta de S\u00edndicos Agrarios (2023-2027) Actualizado a 26\/01\/2026 Entidad Sindicatos (Titular y suplente) LA UNI\u00d3 DE LLAURADORS I RAMADERS Francesc de Borja Espinosa Bayarri Roberto Exp\u00f3sito Marco ASOCIACION VALENCIANA DE AGRICULTORES (AVA) Jaume Valls Sancho Vicente Nacher Luz UNI\u00d3N DE PEQUE\u00d1OS AGRICULTORES (UPA-PV)\u00a0 Ricardo Bayo Huersio Manuel&hellip;<\/p>\n","protected":false},"author":7,"featured_media":6475,"parent":6646,"menu_order":0,"comment_status":"closed","ping_status":"closed","template":"","meta":{"footnotes":""},"_links":{"self":[{"href":"https:\/\/valencia.consellagrari.com\/es\/wp-json\/wp\/v2\/pages\/6649"}],"collection":[{"href":"https:\/\/valencia.consellagrari.com\/es\/wp-json\/wp\/v2\/pages"}],"about":[{"href":"https:\/\/valencia.consellagrari.com\/es\/wp-json\/wp\/v2\/types\/page"}],"author":[{"embeddable":true,"href":"https:\/\/valencia.consellagrari.com\/es\/wp-json\/wp\/v2\/users\/7"}],"replies":[{"embeddable":true,"href":"https:\/\/valencia.consellagrari.com\/es\/wp-json\/wp\/v2\/comments?post=6649"}],"version-history":[{"count":4,"href":"https:\/\/valencia.consellagrari.com\/es\/wp-json\/wp\/v2\/pages\/6649\/revisions"}],"predecessor-version":[{"id":9073,"href":"https:\/\/valencia.consellagrari.com\/es\/wp-json\/wp\/v2\/pages\/6649\/revisions\/9073"}],"up":[{"embeddable":true,"href":"https:\/\/valencia.consellagrari.com\/es\/wp-json\/wp\/v2\/pages\/6646"}],"wp:featuredmedia":[{"embeddable":true,"href":"https:\/\/valencia.consellagrari.com\/es\/wp-json\/wp\/v2\/media\/6475"}],"wp:attachment":[{"href":"https:\/\/valencia.consellagrari.com\/es\/wp-json\/wp\/v2\/media?parent=6649"}],"curies":[{"name":"wp","href":"https:\/\/api.w.org\/{rel}","templated":true}]}}