{"id":6652,"date":"2019-06-07T09:50:11","date_gmt":"2019-06-07T07:50:11","guid":{"rendered":"https:\/\/dev.consellagrari.com\/documentacion-junta-de-sindics-agraris-junio\/"},"modified":"2022-02-16T11:16:13","modified_gmt":"2022-02-16T10:16:13","slug":"documentacion-junta-de-sindics-agraris-junio","status":"publish","type":"page","link":"https:\/\/valencia.consellagrari.com\/es\/documentacion-junta-de-sindics-agraris-junio\/","title":{"rendered":"Documentaci\u00f3n Junta de S\u00edndics Agraris Junio"},"content":{"rendered":"<p><a href=\"https:\/\/www.dropbox.com\/sh\/ebio8lp2dg4w0iu\/AABwsT27qqZR3_SIFdIXQoSta?dl=0\" target=\"_blank\" rel=\"noopener noreferrer\">Descarga completa de materiales.<\/a><\/p>\n<p><a href=\"https:\/\/www.dropbox.com\/sh\/t17nmw23yi8zky5\/AABNGJg_YFLqdSn6NOayJSN_a?dl=0\" target=\"_blank\" rel=\"noopener noreferrer\">ANEXO &#8211; PUNTO DE SUMINISTRO DE AGUA PARA USO AGR\u00cdCOLA &#8211; Estaci\u00f3n de recursos agr\u00edcolas (ERA)<\/a><\/p>\n","protected":false},"excerpt":{"rendered":"<p>Descarga completa de materiales. ANEXO &#8211; PUNTO DE SUMINISTRO DE AGUA PARA USO AGR\u00cdCOLA &#8211; Estaci\u00f3n de recursos agr\u00edcolas (ERA)<\/p>\n","protected":false},"author":7,"featured_media":0,"parent":0,"menu_order":0,"comment_status":"closed","ping_status":"closed","template":"","meta":{"footnotes":""},"_links":{"self":[{"href":"https:\/\/valencia.consellagrari.com\/es\/wp-json\/wp\/v2\/pages\/6652"}],"collection":[{"href":"https:\/\/valencia.consellagrari.com\/es\/wp-json\/wp\/v2\/pages"}],"about":[{"href":"https:\/\/valencia.consellagrari.com\/es\/wp-json\/wp\/v2\/types\/page"}],"author":[{"embeddable":true,"href":"https:\/\/valencia.consellagrari.com\/es\/wp-json\/wp\/v2\/users\/7"}],"replies":[{"embeddable":true,"href":"https:\/\/valencia.consellagrari.com\/es\/wp-json\/wp\/v2\/comments?post=6652"}],"version-history":[{"count":0,"href":"https:\/\/valencia.consellagrari.com\/es\/wp-json\/wp\/v2\/pages\/6652\/revisions"}],"wp:attachment":[{"href":"https:\/\/valencia.consellagrari.com\/es\/wp-json\/wp\/v2\/media?parent=6652"}],"curies":[{"name":"wp","href":"https:\/\/api.w.org\/{rel}","templated":true}]}}