{"id":6659,"date":"2020-05-06T17:40:28","date_gmt":"2020-05-06T15:40:28","guid":{"rendered":"https:\/\/dev.consellagrari.com\/servicis-oferits\/"},"modified":"2022-02-16T11:16:21","modified_gmt":"2022-02-16T10:16:21","slug":"servicios","status":"publish","type":"page","link":"https:\/\/valencia.consellagrari.com\/es\/servicios\/","title":{"rendered":"Servicios"},"content":{"rendered":"<div class=\"wpb-content-wrapper\"><p>[vc_row el_class=\u00bbpage-center\u00bb][vc_column][vc_single_image source=\u00bbfeatured_image\u00bb img_size=\u00bblarge\u00bb alignment=\u00bbcenter\u00bb image_hovers=\u00bbfalse\u00bb el_class=\u00bbpage-featured-image\u00bb][vc_column_text]<div id=\"ccchildpages-1\" class=\"ccchildpages twocol simple ccclearfix\"><div class=\"ccchildpage  ccfirst ccodd ccpage-count-1 ccpage-id-6760 ccpage-servicios-agrarios ccpage-has-parent ccpage-pid-6659 ccpage-parent-servicios\"><h3 class=\"ccpage_linked_title\"><a class=\"ccpage_title_link\" href=\"https:\/\/valencia.consellagrari.com\/es\/servicios\/servicios-agrarios\/\" title=\"Servicios Agrarios\">Servicios Agrarios<\/a><\/h3><div class=\"ccpages_excerpt\">[vc_row el_class=\"page-center\"][vc_column][vc_single_image source=\"featured_image\" img_size=\"large\" alignment=\"center\" image_hovers=\"false\" el_class=\"page-featured-image\"][vc_column_text][\/vc_column_text][\/vc_column][\/vc_row]<\/div><p class=\"ccpages_more\"><a href=\"https:\/\/valencia.consellagrari.com\/es\/servicios\/servicios-agrarios\/\"  title=\"\ud83e\udc12\">\ud83e\udc12<\/a><\/p><\/div><div class=\"ccchildpage  cclast cceven ccpage-count-2 ccpage-id-6667 ccpage-servicios-tecnicos-agrarios-administrativos-juridicos-organizativos ccpage-has-parent ccpage-pid-6659 ccpage-parent-servicios\"><h3 class=\"ccpage_linked_title\"><a class=\"ccpage_title_link\" href=\"https:\/\/valencia.consellagrari.com\/es\/servicios\/servicios-tecnicos-agrarios-administrativos-juridicos-organizativos\/\" title=\"Servicios T\u00e9cnicos-Agrarios, Administrativos, Jur\u00eddicos y Organizativos\">Servicios T\u00e9cnicos-Agrarios, Administrativos, Jur\u00eddicos y Organizativos<\/a><\/h3><div class=\"ccpages_excerpt\">[vc_row el_class=\"page-center\"][vc_column][vc_single_image source=\"featured_image\" img_size=\"large\" alignment=\"center\" image_hovers=\"false\" el_class=\"page-featured-image\"][vc_column_text] Confeccionar, ejecutar y supervisar planes, programas y proyectos agrarios, seg\u00fan las directrices establecidas por los \u00f3rganos de gobierno: Presidencia y Consejo Rector Gestionar los recursos que por distintas v\u00edas constituyen los ingresos que se perciben Llevar a cabo la contabilidad p\u00fablica, siguiendo las normas establecidas en la Ley...<\/div><p class=\"ccpages_more\"><a href=\"https:\/\/valencia.consellagrari.com\/es\/servicios\/servicios-tecnicos-agrarios-administrativos-juridicos-organizativos\/\"  title=\"\ud83e\udc12\">\ud83e\udc12<\/a><\/p><\/div><\/div>[\/vc_column_text][\/vc_column][\/vc_row]<\/p>\n<\/div>","protected":false},"excerpt":{"rendered":"<p>[vc_row el_class=\u00bbpage-center\u00bb][vc_column][vc_single_image source=\u00bbfeatured_image\u00bb img_size=\u00bblarge\u00bb alignment=\u00bbcenter\u00bb image_hovers=\u00bbfalse\u00bb el_class=\u00bbpage-featured-image\u00bb][vc_column_text][\/vc_column_text][\/vc_column][\/vc_row]<\/p>\n","protected":false},"author":7,"featured_media":5708,"parent":0,"menu_order":0,"comment_status":"closed","ping_status":"closed","template":"","meta":{"footnotes":""},"_links":{"self":[{"href":"https:\/\/valencia.consellagrari.com\/es\/wp-json\/wp\/v2\/pages\/6659"}],"collection":[{"href":"https:\/\/valencia.consellagrari.com\/es\/wp-json\/wp\/v2\/pages"}],"about":[{"href":"https:\/\/valencia.consellagrari.com\/es\/wp-json\/wp\/v2\/types\/page"}],"author":[{"embeddable":true,"href":"https:\/\/valencia.consellagrari.com\/es\/wp-json\/wp\/v2\/users\/7"}],"replies":[{"embeddable":true,"href":"https:\/\/valencia.consellagrari.com\/es\/wp-json\/wp\/v2\/comments?post=6659"}],"version-history":[{"count":0,"href":"https:\/\/valencia.consellagrari.com\/es\/wp-json\/wp\/v2\/pages\/6659\/revisions"}],"wp:featuredmedia":[{"embeddable":true,"href":"https:\/\/valencia.consellagrari.com\/es\/wp-json\/wp\/v2\/media\/5708"}],"wp:attachment":[{"href":"https:\/\/valencia.consellagrari.com\/es\/wp-json\/wp\/v2\/media?parent=6659"}],"curies":[{"name":"wp","href":"https:\/\/api.w.org\/{rel}","templated":true}]}}