{"id":6667,"date":"2016-11-30T17:32:01","date_gmt":"2016-11-30T16:32:01","guid":{"rendered":"https:\/\/dev.consellagrari.com\/servicios-tecnicos-agrarios-administrativos-juridicos-organizativos\/"},"modified":"2022-02-21T08:44:51","modified_gmt":"2022-02-21T07:44:51","slug":"servicios-tecnicos-agrarios-administrativos-juridicos-organizativos","status":"publish","type":"page","link":"https:\/\/valencia.consellagrari.com\/es\/servicios\/servicios-tecnicos-agrarios-administrativos-juridicos-organizativos\/","title":{"rendered":"Servicios T\u00e9cnicos-Agrarios, Administrativos, Jur\u00eddicos y Organizativos"},"content":{"rendered":"<div class=\"wpb-content-wrapper\"><p>[vc_row el_class=\u00bbpage-center\u00bb][vc_column][vc_single_image source=\u00bbfeatured_image\u00bb img_size=\u00bblarge\u00bb alignment=\u00bbcenter\u00bb image_hovers=\u00bbfalse\u00bb el_class=\u00bbpage-featured-image\u00bb][vc_column_text]<\/p>\n<ul>\n<li>Confeccionar, ejecutar y supervisar planes, programas y proyectos agrarios, seg\u00fan las directrices establecidas por los \u00f3rganos de gobierno: Presidencia y Consejo Rector<\/li>\n<li>Gestionar los recursos que por distintas v\u00edas constituyen los ingresos que se perciben<\/li>\n<li>Llevar a cabo la contabilidad p\u00fablica, siguiendo las normas establecidas en la Ley de Haciendas Locales y sus correspondientes reglamentos, junto con las bases de ejecuci\u00f3n que cada a\u00f1o se aprueban en su propio presupuesto<\/li>\n<li>El control diario de la Tesorer\u00eda<\/li>\n<li>La tramitaci\u00f3n de los pagos necesarios para el cumplimiento de los fines<\/li>\n<li>Elaboraci\u00f3n, ejecuci\u00f3n y liquidaci\u00f3n del presupuesto<\/li>\n<li>Relaciones con la administraci\u00f3n del Ayuntamiento<\/li>\n<li>Gesti\u00f3n de personal<\/li>\n<li>Gesti\u00f3n del Parque Urbano de La Torre (Soci\u00f3polis)<\/li>\n<li>Expedientes relativos a contrataci\u00f3n y convenios de colaboraci\u00f3n con otras entidades, instituciones o empresas<\/li>\n<li>Control de las incidencias en las instalaciones del Parque Urbano de La Torre (Soci\u00f3polis)<\/li>\n<\/ul>\n<p>[\/vc_column_text][\/vc_column][\/vc_row][vc_row el_class=\u00bbpage-center\u00bb][vc_column][\/vc_column][\/vc_row]<\/p>\n<\/div>","protected":false},"excerpt":{"rendered":"<p>[vc_row el_class=\u00bbpage-center\u00bb][vc_column][vc_single_image source=\u00bbfeatured_image\u00bb img_size=\u00bblarge\u00bb alignment=\u00bbcenter\u00bb image_hovers=\u00bbfalse\u00bb el_class=\u00bbpage-featured-image\u00bb][vc_column_text] Confeccionar, ejecutar y supervisar planes, programas y proyectos agrarios, seg\u00fan las directrices establecidas por los \u00f3rganos de gobierno: Presidencia y Consejo Rector Gestionar los recursos que por distintas v\u00edas constituyen los ingresos que se perciben Llevar a cabo la contabilidad p\u00fablica, siguiendo las normas establecidas en la Ley&hellip;<\/p>\n","protected":false},"author":7,"featured_media":0,"parent":6659,"menu_order":3,"comment_status":"closed","ping_status":"closed","template":"","meta":{"footnotes":""},"_links":{"self":[{"href":"https:\/\/valencia.consellagrari.com\/es\/wp-json\/wp\/v2\/pages\/6667"}],"collection":[{"href":"https:\/\/valencia.consellagrari.com\/es\/wp-json\/wp\/v2\/pages"}],"about":[{"href":"https:\/\/valencia.consellagrari.com\/es\/wp-json\/wp\/v2\/types\/page"}],"author":[{"embeddable":true,"href":"https:\/\/valencia.consellagrari.com\/es\/wp-json\/wp\/v2\/users\/7"}],"replies":[{"embeddable":true,"href":"https:\/\/valencia.consellagrari.com\/es\/wp-json\/wp\/v2\/comments?post=6667"}],"version-history":[{"count":0,"href":"https:\/\/valencia.consellagrari.com\/es\/wp-json\/wp\/v2\/pages\/6667\/revisions"}],"up":[{"embeddable":true,"href":"https:\/\/valencia.consellagrari.com\/es\/wp-json\/wp\/v2\/pages\/6659"}],"wp:attachment":[{"href":"https:\/\/valencia.consellagrari.com\/es\/wp-json\/wp\/v2\/media?parent=6667"}],"curies":[{"name":"wp","href":"https:\/\/api.w.org\/{rel}","templated":true}]}}