{"id":6671,"date":"2018-05-02T08:35:08","date_gmt":"2018-05-02T06:35:08","guid":{"rendered":"https:\/\/dev.consellagrari.com\/arxiu-butlleti-camv\/"},"modified":"2022-02-16T11:16:14","modified_gmt":"2022-02-16T10:16:14","slug":"arxiu-butlleti-camv","status":"publish","type":"page","link":"https:\/\/valencia.consellagrari.com\/es\/arxiu-butlleti-camv\/","title":{"rendered":"Archivo: Bolet\u00edn CAMV"},"content":{"rendered":"<ul>\n<li><a href=\"https:\/\/mailchi.mp\/38aa9d39a026\/butllet-boletn-camv-6198761\" target=\"_blank\" rel=\"noopener noreferrer\">Butllet\u00ed CAMV | Bolet\u00edn CAMV 02.07.2021<\/a><\/li>\n<li><a href=\"https:\/\/mailchi.mp\/e6e40ba7b78a\/butllet-boletn-camv-6196889\" target=\"_blank\" rel=\"noopener noreferrer\">Butllet\u00ed CAMV | Bolet\u00edn CAMV 25.06.2021<\/a><\/li>\n<li><a href=\"https:\/\/mailchi.mp\/389a63c37527\/butllet-boletn-camv-6195393\" target=\"_blank\" rel=\"noopener noreferrer\">Butllet\u00ed CAMV | Bolet\u00edn CAMV 18.06.2021<\/a><\/li>\n<li><a href=\"https:\/\/mailchi.mp\/7d9b6bf2d0d1\/butllet-boletn-camv-6193821\" target=\"_blank\" rel=\"noopener noreferrer\">Butllet\u00ed CAMV | Bolet\u00edn CAMV 11.06.2021<\/a><\/li>\n<li><a href=\"https:\/\/mailchi.mp\/88b939b52dd7\/butllet-boletn-camv-6191573\" target=\"_blank\" rel=\"noopener noreferrer\">Butllet\u00ed CAMV | Bolet\u00edn CAMV 04.06.2021<\/a><\/li>\n<li><a href=\"https:\/\/mailchi.mp\/a5030279c28c\/butllet-boletn-camv-6189737\" target=\"_blank\" rel=\"noopener noreferrer\">Butllet\u00ed CAMV | Bolet\u00edn CAMV 28.05.2021<\/a><\/li>\n<li><a href=\"https:\/\/mailchi.mp\/ad1c8218974d\/butllet-boletn-camv-6187773\" target=\"_blank\" rel=\"noopener noreferrer\">Butllet\u00ed CAMV | Bolet\u00edn CAMV 21.05.2021<\/a><\/li>\n<li><a href=\"https:\/\/mailchi.mp\/ff214b2e96f5\/butllet-boletn-camv-6185505\" target=\"_blank\" rel=\"noopener noreferrer\">Butllet\u00ed CAMV | Bolet\u00edn CAMV 14.05.2021<\/a><\/li>\n<li><a href=\"https:\/\/mailchi.mp\/bb2b019c056b\/butllet-boletn-camv-6183605\" target=\"_blank\" rel=\"noopener noreferrer\">Butllet\u00ed CAMV | Bolet\u00edn CAMV 07.05.2021<\/a><\/li>\n<li><a href=\"https:\/\/mailchi.mp\/05327259154b\/butllet-boletn-camv-6181769\" target=\"_blank\" rel=\"noopener noreferrer\">Butllet\u00ed CAMV | Bolet\u00edn CAMV 30.04.2021<\/a><\/li>\n<li><a href=\"https:\/\/mailchi.mp\/eeb908ce7a5a\/butllet-boletn-camv-6179817\" target=\"_blank\" rel=\"noopener noreferrer\">Butllet\u00ed CAMV | Bolet\u00edn CAMV 23.04.2021<\/a><\/li>\n<li><a href=\"https:\/\/mailchi.mp\/2ff69865e82a\/butllet-boletn-camv-6177893\" target=\"_blank\" rel=\"noopener noreferrer\">Butllet\u00ed CAMV | Bolet\u00edn CAMV 16.04.2021<\/a><\/li>\n<li><a href=\"https:\/\/mailchi.mp\/06d4445fbbfc\/butllet-boletn-camv-6175605\" target=\"_blank\" rel=\"noopener noreferrer\">Butllet\u00ed CAMV | Bolet\u00edn CAMV 09.04.2021<\/a><\/li>\n<li><a href=\"https:\/\/mailchi.mp\/ca0dc160390e\/butllet-boletn-camv-6172097\" target=\"_blank\" rel=\"noopener noreferrer\">Butllet\u00ed CAMV | Bolet\u00edn CAMV 02.04.2021<\/a><\/li>\n<li><a href=\"https:\/\/mailchi.mp\/2ca23735f173\/butllet-boletn-camv-6169829\" target=\"_blank\" rel=\"noopener noreferrer\">Butllet\u00ed CAMV | Bolet\u00edn CAMV 26.03.2021<\/a><\/li>\n<li><a href=\"https:\/\/mailchi.mp\/17b4d07f7241\/butllet-boletn-camv-6166713\" target=\"_blank\" rel=\"noopener noreferrer\">Butllet\u00ed CAMV | Bolet\u00edn CAMV 19.03.2021<\/a><\/li>\n<li><a href=\"https:\/\/mailchi.mp\/e2c16cc58c20\/butllet-boletn-camv-6164461\" target=\"_blank\" rel=\"noopener noreferrer\">Butllet\u00ed CAMV | Bolet\u00edn CAMV 12.03.2021<\/a><\/li>\n<li><a href=\"https:\/\/mailchi.mp\/15cde7ec3130\/butllet-boletn-camv-6162125\" target=\"_blank\" rel=\"noopener noreferrer\">Butllet\u00ed CAMV | Bolet\u00edn CAMV 05.03.2021<\/a><\/li>\n<li><a href=\"https:\/\/mailchi.mp\/c68f54a40b63\/butllet-boletn-camv-6159265\" target=\"_blank\" rel=\"noopener noreferrer\">Butllet\u00ed CAMV | Bolet\u00edn CAMV 26.02.2021<\/a><\/li>\n<li><a href=\"https:\/\/mailchi.mp\/8e8b5fa4e3d4\/butllet-boletn-camv-6156177\" target=\"_blank\" rel=\"noopener noreferrer\">Butllet\u00ed CAMV | Bolet\u00edn CAMV 19.02.2021<\/a><\/li>\n<li><a href=\"https:\/\/mailchi.mp\/6902fcef9427\/butllet-boletn-camv-6152717\" target=\"_blank\" rel=\"noopener noreferrer\">Butllet\u00ed CAMV | Bolet\u00edn CAMV 12.02.2021<\/a><\/li>\n<li><a href=\"https:\/\/mailchi.mp\/f1bff9d2b6ee\/butllet-boletn-camv-6146681\" target=\"_blank\" rel=\"noopener noreferrer\">Butllet\u00ed CAMV | Bolet\u00edn CAMV 05.02.2021<\/a><\/li>\n<li><a href=\"https:\/\/mailchi.mp\/a791326fce9e\/butllet-boletn-camv-6145901\" target=\"_blank\" rel=\"noopener noreferrer\">Butllet\u00ed CAMV | Bolet\u00edn CAMV 29.01.2021<\/a><\/li>\n<li><a href=\"https:\/\/mailchi.mp\/141e7e2c6185\/butllet-boletn-camv-6142997\" target=\"_blank\" rel=\"noopener noreferrer\">Butllet\u00ed CAMV | Bolet\u00edn CAMV 22.01.2021<\/a><\/li>\n<li><a href=\"https:\/\/mailchi.mp\/090f77830fc3\/butllet-boletn-camv-6140773\" target=\"_blank\" rel=\"noopener noreferrer\">Butllet\u00ed CAMV | Bolet\u00edn CAMV 15.01.2021<\/a><\/li>\n<li><a href=\"https:\/\/mailchi.mp\/70d946e24a4d\/butllet-boletn-camv-6137801\" target=\"_blank\" rel=\"noopener noreferrer\">Butllet\u00ed CAMV | Bolet\u00edn CAMV 08.01.2021<\/a><\/li>\n<li><a href=\"https:\/\/mailchi.mp\/3ba2edebe1d7\/butllet-boletn-camv-6134413\" target=\"_blank\" rel=\"noopener noreferrer\">Butllet\u00ed CAMV | Bolet\u00edn CAMV 01.01.2021<\/a><\/li>\n<li><a href=\"https:\/\/mailchi.mp\/7e35fd1b85ff\/butllet-boletn-camv-6132161\" target=\"_blank\" rel=\"noopener noreferrer\">Butllet\u00ed CAMV | Bolet\u00edn CAMV 25.12.2020<\/a><\/li>\n<li><a href=\"https:\/\/mailchi.mp\/6e6075b0b5bc\/butllet-boletn-camv-6105237\" target=\"_blank\" rel=\"noopener noreferrer\">Butllet\u00ed CAMV | Bolet\u00edn CAMV 18.12.2020<\/a><\/li>\n<li><a href=\"https:\/\/mailchi.mp\/03d45425f5ed\/butllet-boletn-camv-6101965\" target=\"_blank\" rel=\"noopener noreferrer\">Butllet\u00ed CAMV | Bolet\u00edn CAMV 11.12.2020<\/a><\/li>\n<li><a href=\"https:\/\/mailchi.mp\/2bd2cc2018b4\/butllet-boletn-camv-6099085\" target=\"_blank\" rel=\"noopener noreferrer\">Butllet\u00ed CAMV | Bolet\u00edn CAMV 04.12.2020<\/a><\/li>\n<li><a href=\"https:\/\/mailchi.mp\/ade9d857a102\/butllet-boletn-camv-6095777\" target=\"_blank\" rel=\"noopener noreferrer\">Butllet\u00ed CAMV | Bolet\u00edn CAMV 27.11.2020<\/a><\/li>\n<li><a href=\"https:\/\/mailchi.mp\/15df790f966e\/butllet-boletn-camv-6091165\" target=\"_blank\" rel=\"noopener noreferrer\">Butllet\u00ed CAMV | Bolet\u00edn CAMV 20.11.2020<\/a><\/li>\n<li><a href=\"https:\/\/mailchi.mp\/7193b6c159a1\/butllet-boletn-camv-6088097\" target=\"_blank\" rel=\"noopener noreferrer\">Butllet\u00ed CAMV | Bolet\u00edn CAMV 13.11.2020<\/a><\/li>\n<li><a href=\"https:\/\/mailchi.mp\/0ca5d3167d9f\/butllet-boletn-camv-6085701\" target=\"_blank\" rel=\"noopener noreferrer\">Butllet\u00ed CAMV | Bolet\u00edn CAMV 06.11.2020<\/a><\/li>\n<li><a href=\"https:\/\/mailchi.mp\/66bf72b2d68c\/butllet-boletn-camv-6082369\" target=\"_blank\" rel=\"noopener noreferrer\">Butllet\u00ed CAMV | Bolet\u00edn CAMV 30.10.2020<\/a><\/li>\n<li><a href=\"https:\/\/mailchi.mp\/3a790f29ad05\/butllet-boletn-camv-6078153\" target=\"_blank\" rel=\"noopener noreferrer\">Butllet\u00ed CAMV | Bolet\u00edn CAMV 26.10.2020<\/a><\/li>\n<li><a href=\"https:\/\/mailchi.mp\/48fa7842fc61\/butllet-boletn-camv-6075805\" target=\"_blank\" rel=\"noopener noreferrer\">Butllet\u00ed CAMV | Bolet\u00edn CAMV 16.10.2020<\/a><\/li>\n<li><a href=\"https:\/\/mailchi.mp\/2f80da031323\/butllet-boletn-camv-6072293\" target=\"_blank\" rel=\"noopener noreferrer\">Butllet\u00ed CAMV | Bolet\u00edn CAMV 09.10.2020<\/a><\/li>\n<li><a href=\"https:\/\/mailchi.mp\/9bd6cb65a84b\/butllet-boletn-camv-6069297\" target=\"_blank\" rel=\"noopener noreferrer\">Butllet\u00ed CAMV | Bolet\u00edn CAMV 02.10.2020<\/a><\/li>\n<li><a href=\"https:\/\/mailchi.mp\/44397d430f7c\/butllet-boletn-camv-250920\" target=\"_blank\" rel=\"noopener noreferrer\">Butllet\u00ed CAMV | Bolet\u00edn CAMV 25.09.2020<\/a><\/li>\n<li><a href=\"https:\/\/mailchi.mp\/7a7a2dcb1070\/butllet-boletn-camv-180920\" target=\"_blank\" rel=\"noopener noreferrer\">Butllet\u00ed CAMV | Bolet\u00edn CAMV 18.09.2020<\/a><\/li>\n<li><a href=\"https:\/\/mailchi.mp\/bf14b2ef9051\/butllet-boletn-camv-110920\" target=\"_blank\" rel=\"noopener noreferrer\">Butllet\u00ed CAMV | Bolet\u00edn CAMV 11.09.2020<\/a><\/li>\n<li><a href=\"https:\/\/mailchi.mp\/1a828fdc6456\/butllet-boletn-camv-040920\" target=\"_blank\" rel=\"noopener noreferrer\">Butllet\u00ed CAMV | Bolet\u00edn CAMV 04.09.2020<\/a><\/li>\n<li><a href=\"https:\/\/mailchi.mp\/0cad10a51455\/butllet-boletn-camv-280820\" target=\"_blank\" rel=\"noopener noreferrer\">Butllet\u00ed CAMV | Bolet\u00edn CAMV 28.08.2020<\/a><\/li>\n<li><a href=\"https:\/\/mailchi.mp\/0713be6e2831\/butllet-boletn-camv-210820\" target=\"_blank\" rel=\"noopener noreferrer\">Butllet\u00ed CAMV | Bolet\u00edn CAMV 21.08.2020<\/a><\/li>\n<li><a href=\"https:\/\/mailchi.mp\/9cc503e29845\/butllet-boletn-camv-6049913\" target=\"_blank\" rel=\"noopener noreferrer\">Butllet\u00ed CAMV | Bolet\u00edn CAMV 14.08.2020<\/a><\/li>\n<li><a href=\"https:\/\/mailchi.mp\/aa6a56b653ab\/butllet-boletn-camv-070820\" target=\"_blank\" rel=\"noopener noreferrer\">Butllet\u00ed CAMV | Bolet\u00edn CAMV 07.08.2020<\/a><\/li>\n<li><a href=\"https:\/\/mailchi.mp\/2b95a49e3019\/butllet-boletn-camv-310720\" target=\"_blank\" rel=\"noopener noreferrer\">Butllet\u00ed CAMV | Bolet\u00edn CAMV 31.07.2020<\/a><\/li>\n<li><a href=\"https:\/\/mailchi.mp\/ee6f83a125b7\/butllet-boletn-camv-240720\" target=\"_blank\" rel=\"noopener noreferrer\">Butllet\u00ed CAMV | Bolet\u00edn CAMV 24.07.2020<\/a><\/li>\n<li><a href=\"https:\/\/mailchi.mp\/146f70ea2089\/butllet-boletn-camv-170720\" target=\"_blank\" rel=\"noopener noreferrer\">Butllet\u00ed CAMV | Bolet\u00edn CAMV 17.07.2020<\/a><\/li>\n<li><a href=\"https:\/\/mailchi.mp\/a0e789236599\/butllet-boletn-camv-100720\" target=\"_blank\" rel=\"noopener noreferrer\">Butllet\u00ed CAMV | Bolet\u00edn CAMV 10.07.2020<\/a><\/li>\n<li><a href=\"https:\/\/mailchi.mp\/c3e9486a8016\/butllet-boletn-camv-030720\" target=\"_blank\" rel=\"noopener noreferrer\">Butllet\u00ed CAMV | Bolet\u00edn CAMV 03.07.2020<\/a><\/li>\n<li><a href=\"https:\/\/mailchi.mp\/130a723c7449\/butllet-boletn-camv-250620\" target=\"_blank\" rel=\"noopener noreferrer\">Butllet\u00ed CAMV | Bolet\u00edn CAMV 25.06.2020<\/a><\/li>\n<li><a href=\"https:\/\/mailchi.mp\/a104c517d417\/butllet-boletn-camv-190620\" target=\"_blank\" rel=\"noopener noreferrer\">Butllet\u00ed CAMV | Bolet\u00edn CAMV 19.06.2020<\/a><\/li>\n<li><a href=\"https:\/\/mailchi.mp\/946a41b8a215\/butllet-boletn-camv-120620\" target=\"_blank\" rel=\"noopener noreferrer\">Butllet\u00ed CAMV | Bolet\u00edn CAMV 12.06.2020<\/a><\/li>\n<li><a href=\"https:\/\/mailchi.mp\/116002b031df\/butllet-boletn-camv-050620\" target=\"_blank\" rel=\"noopener noreferrer\">Butllet\u00ed CAMV | Bolet\u00edn CAMV 05.06.2020<\/a><\/li>\n<li><a href=\"https:\/\/mailchi.mp\/c544e984e9c6\/butllet-boletn-camv-290520\" target=\"_blank\" rel=\"noopener noreferrer\">Butllet\u00ed CAMV | Bolet\u00edn CAMV 29.05.2020<\/a><\/li>\n<li><a href=\"https:\/\/mailchi.mp\/6e396e0aa647\/butllet-boletn-camv-150520\" target=\"_blank\" rel=\"noopener noreferrer\">Butllet\u00ed CAMV | Bolet\u00edn CAMV 15.05.2020<\/a><\/li>\n<li><a href=\"https:\/\/mailchi.mp\/748363d4f3e9\/butllet-boletn-camv-080520\" target=\"_blank\" rel=\"noopener noreferrer\">Butllet\u00ed CAMV | Bolet\u00edn CAMV 08.05.2020<\/a><\/li>\n<li><a href=\"https:\/\/mailchi.mp\/4feb3e07af43\/butllet-boletn-camv-010520\" target=\"_blank\" rel=\"noopener noreferrer\">Butllet\u00ed CAMV | Bolet\u00edn CAMV 01.05.2020<\/a><\/li>\n<li><a href=\"https:\/\/mailchi.mp\/ad5fa79feb00\/butllet-boletn-camv-240420\" target=\"_blank\" rel=\"noopener noreferrer\">Butllet\u00ed CAMV | Bolet\u00edn CAMV 24.04.2020<\/a><\/li>\n<li><a href=\"https:\/\/mailchi.mp\/55ae5a944063\/butllet-boletn-camv-170420\" target=\"_blank\" rel=\"noopener noreferrer\">Butllet\u00ed CAMV | Bolet\u00edn CAMV 17.04.2020<\/a><\/li>\n<li><a href=\"https:\/\/mailchi.mp\/45ed125e7d96\/butllet-boletn-camv-100420\" target=\"_blank\" rel=\"noopener noreferrer\">Butllet\u00ed CAMV | Bolet\u00edn CAMV 10.04.2020<\/a><\/li>\n<li><a href=\"https:\/\/mailchi.mp\/052b0f6206e6\/butllet-boletn-camv-030420\" target=\"_blank\" rel=\"noopener noreferrer\">Butllet\u00ed CAMV | Bolet\u00edn CAMV 03.04.2020<\/a><\/li>\n<li><a href=\"https:\/\/mailchi.mp\/8c18d7441a48\/butllet-boletn-camv-270320\" target=\"_blank\" rel=\"noopener noreferrer\">Butllet\u00ed CAMV | Bolet\u00edn CAMV 27.03.2020<\/a><\/li>\n<li><a href=\"https:\/\/mailchi.mp\/5dfec6249a39\/butllet-boletn-camv-200320\" target=\"_blank\" rel=\"noopener noreferrer\">Butllet\u00ed CAMV | Bolet\u00edn CAMV 20.03.2020<\/a><\/li>\n<li><a href=\"https:\/\/mailchi.mp\/66574b11b32e\/butllet-boletn-camv-130320\" target=\"_blank\" rel=\"noopener noreferrer\">Butllet\u00ed CAMV | Bolet\u00edn CAMV 13.03.2020<\/a><\/li>\n<li><a href=\"https:\/\/mailchi.mp\/7d359c126fd5\/butllet-boletn-camv-060320\" target=\"_blank\" rel=\"noopener noreferrer\">Butllet\u00ed CAMV | Bolet\u00edn CAMV 06.03.2020<\/a><\/li>\n<li><a href=\"https:\/\/mailchi.mp\/ad582925d911\/butllet-boletn-camv-280220\" target=\"_blank\" rel=\"noopener noreferrer\">Butllet\u00ed CAMV | Bolet\u00edn CAMV 28.02.2020<\/a><\/li>\n<li><a href=\"https:\/\/mailchi.mp\/ac2c8d2a77c4\/butllet-boletn-camv-210220\" target=\"_blank\" rel=\"noopener noreferrer\">Butllet\u00ed CAMV | Bolet\u00edn CAMV 21.02.2020<\/a><\/li>\n<li><a href=\"https:\/\/mailchi.mp\/eda97acec94e\/butllet-boletn-camv-140220\" target=\"_blank\" rel=\"noopener noreferrer\">Butllet\u00ed CAMV | Bolet\u00edn CAMV 14.02.2020<\/a><\/li>\n<li><a href=\"https:\/\/mailchi.mp\/d5007af64ca4\/butllet-boletn-camv-070220\" target=\"_blank\" rel=\"noopener noreferrer\">Butllet\u00ed CAMV | Bolet\u00edn CAMV 07.02.2020<\/a><\/li>\n<li><a href=\"https:\/\/mailchi.mp\/1eb415da9c36\/butllet-boletn-camv-310120\" target=\"_blank\" rel=\"noopener noreferrer\">Butllet\u00ed CAMV | Bolet\u00edn CAMV 31.01.2020<\/a><\/li>\n<li><a href=\"https:\/\/mailchi.mp\/13fd56f8c863\/butllet-boletn-camv-240120\" target=\"_blank\" rel=\"noopener noreferrer\">Butllet\u00ed CAMV | Bolet\u00edn CAMV 24.01.2020<\/a><\/li>\n<li><a href=\"https:\/\/mailchi.mp\/39c604b82238\/butllet-boletn-camv-170120\" target=\"_blank\" rel=\"noopener noreferrer\">Butllet\u00ed CAMV | Bolet\u00edn CAMV 17.01.2020<\/a><\/li>\n<li><a href=\"https:\/\/mailchi.mp\/ef7e569a4876\/butllet-boletn-camv-100120\" target=\"_blank\" rel=\"noopener noreferrer\">Butllet\u00ed CAMV | Bolet\u00edn CAMV 10.01.2020<\/a><\/li>\n<li><a href=\"https:\/\/mailchi.mp\/dd92d9195108\/butllet-boletn-camv-131219\" target=\"_blank\" rel=\"noopener noreferrer\">Butllet\u00ed CAMV | Bolet\u00edn CAMV 03.01.2020<\/a><\/li>\n<li><a href=\"https:\/\/mailchi.mp\/b584b2043ecf\/butllet-boletn-camv-271219\" target=\"_blank\" rel=\"noopener noreferrer\">Butllet\u00ed CAMV | Bolet\u00edn CAMV 27.12.2019<\/a><\/li>\n<li><a href=\"https:\/\/mailchi.mp\/8f600bd4efea\/butllet-boletn-camv-201219\" target=\"_blank\" rel=\"noopener noreferrer\">Butllet\u00ed CAMV | Bolet\u00edn CAMV 20.12.2019<\/a><\/li>\n<li><a href=\"https:\/\/mailchi.mp\/dd92d9195108\/butllet-boletn-camv-131219\" target=\"_blank\" rel=\"noopener noreferrer\">Butllet\u00ed CAMV | Bolet\u00edn CAMV 13.12.2019<\/a><\/li>\n<li><a href=\"https:\/\/mailchi.mp\/1ed27113763b\/butllet-boletn-camv-061219\" target=\"_blank\" rel=\"noopener noreferrer\">Butllet\u00ed CAMV | Bolet\u00edn CAMV 06.12.2019<\/a><\/li>\n<li><a href=\"https:\/\/mailchi.mp\/bd07210d4da4\/butllet-boletn-camv-291119\" target=\"_blank\" rel=\"noopener noreferrer\">Butllet\u00ed CAMV | Bolet\u00edn CAMV 29.11.2019<\/a><\/li>\n<li><a href=\"https:\/\/mailchi.mp\/3dd549731b14\/butllet-boletn-camv-221119\" target=\"_blank\" rel=\"noopener noreferrer\">Butllet\u00ed CAMV | Bolet\u00edn CAMV 22.11.2019<\/a><\/li>\n<li><a href=\"https:\/\/mailchi.mp\/7847fcfb1bb6\/butllet-boletn-camv-151119\" target=\"_blank\" rel=\"noopener noreferrer\">Butllet\u00ed CAMV | Bolet\u00edn CAMV 15.11.2019<\/a><\/li>\n<li><a href=\"https:\/\/mailchi.mp\/4407f460614f\/butllet-boletn-camv-081119\" target=\"_blank\" rel=\"noopener noreferrer\">Butllet\u00ed CAMV | Bolet\u00edn CAMV 08.11.2019<\/a><\/li>\n<li><a href=\"https:\/\/mailchi.mp\/6057613fa979\/butllet-boletn-camv-011119\" target=\"_blank\" rel=\"noopener noreferrer\">Butllet\u00ed CAMV | Bolet\u00edn CAMV 01.11.2019<\/a><\/li>\n<li><a href=\"https:\/\/mailchi.mp\/4af9d92a8524\/butllet-boletn-camv-251019\" target=\"_blank\" rel=\"noopener noreferrer\">Butllet\u00ed CAMV | Bolet\u00edn CAMV 25.10.2019<\/a><\/li>\n<li><a href=\"https:\/\/mailchi.mp\/4dc896d334cd\/butllet-boletn-camv-181019\" target=\"_blank\" rel=\"noopener noreferrer\">Butllet\u00ed CAMV | Bolet\u00edn CAMV 18.10.2019<\/a><\/li>\n<li><a href=\"https:\/\/mailchi.mp\/c92b5748f8db\/butllet-boletn-camv-111019\" target=\"_blank\" rel=\"noopener noreferrer\">Butllet\u00ed CAMV | Bolet\u00edn CAMV 11.10.2019<\/a><\/li>\n<li><a href=\"https:\/\/mailchi.mp\/e714e59dfd0f\/butllet-boletn-camv-408427\" target=\"_blank\" rel=\"noopener noreferrer\">Butllet\u00ed CAMV | Bolet\u00edn CAMV 04.10.2019<\/a><\/li>\n<li><a href=\"https:\/\/mailchi.mp\/245c7987c843\/butllet-boletn-camv-403051\" target=\"_blank\" rel=\"noopener noreferrer\">Butllet\u00ed CAMV | Bolet\u00edn CAMV 27.09.2019<\/a><\/li>\n<li><a href=\"https:\/\/mailchi.mp\/a1a952db021e\/butllet-boletn-camv-397383\" target=\"_blank\" rel=\"noopener noreferrer\">Butllet\u00ed CAMV | Bolet\u00edn CAMV 20.09.2019<\/a><\/li>\n<li><a href=\"https:\/\/mailchi.mp\/9d52a53e1bcd\/butllet-boletn-camv-390927\" target=\"_blank\" rel=\"noopener noreferrer\">Butllet\u00ed CAMV | Bolet\u00edn CAMV 13.09.2019<\/a><\/li>\n<li><a href=\"https:\/\/mailchi.mp\/f28137051b90\/butllet-boletn-camv-386579?e=[UNIQID]\" target=\"_blank\" rel=\"noopener noreferrer\">Butllet\u00ed CAMV | Bolet\u00edn CAMV 06.09.2019<\/a><\/li>\n<li><a href=\"https:\/\/mailchi.mp\/9bf171d5097e\/butllet-boletn-camv-380859?e=[UNIQID]\" target=\"_blank\" rel=\"noopener noreferrer\">Butllet\u00ed CAMV | Bolet\u00edn CAMV 30.08.2019<\/a><\/li>\n<li><a href=\"https:\/\/mailchi.mp\/387064d4e1a6\/butllet-boletn-camv-376859?e=[UNIQID]\" target=\"_blank\" rel=\"noopener noreferrer\">Butllet\u00ed CAMV | Bolet\u00edn CAMV 23.08.2019<\/a><\/li>\n<li><a href=\"https:\/\/mailchi.mp\/f304ca40938e\/butllet-boletn-camv-371963?e=[UNIQID]\" target=\"_blank\" rel=\"noopener noreferrer\">Butllet\u00ed CAMV | Bolet\u00edn CAMV 16.08.2019<\/a><\/li>\n<li><a href=\"https:\/\/mailchi.mp\/ee8a4c852bcb\/butllet-boletn-camv-368279?e=[UNIQID]\" target=\"_blank\" rel=\"noopener noreferrer\">Butllet\u00ed CAMV | Bolet\u00edn CAMV 09.08.2019<\/a><\/li>\n<li><a href=\"https:\/\/mailchi.mp\/4da0e270d379\/butllet-boletn-camv-365455?e=[UNIQID]\" target=\"_blank\" rel=\"noopener noreferrer\">Butllet\u00ed CAMV | Bolet\u00edn CAMV 02.08.2019<\/a><\/li>\n<li><a href=\"https:\/\/mailchi.mp\/cdaba9538db9\/butllet-boletn-camv-362055?e=[UNIQID]\" target=\"_blank\" rel=\"noopener noreferrer\">Butllet\u00ed CAMV | Bolet\u00edn CAMV 26.07.2019<\/a><\/li>\n<li><a href=\"https:\/\/mailchi.mp\/b8d5e88f8264\/butllet-boletn-camv-358791?e=[UNIQID]\" target=\"_blank\" rel=\"noopener noreferrer\">Butllet\u00ed CAMV | Bolet\u00edn CAMV 19.07.2019<\/a><\/li>\n<li><a href=\"https:\/\/mailchi.mp\/5c53618c0060\/butllet-boletn-camv-355707\" target=\"_blank\" rel=\"noopener noreferrer\">Butllet\u00ed CAMV | Bolet\u00edn CAMV 12.07.2019<\/a><\/li>\n<li><a href=\"https:\/\/mailchi.mp\/af4aa262ca6c\/butllet-boletn-camv-351267?e=[UNIQID]\" target=\"_blank\" rel=\"noopener noreferrer\">Butllet\u00ed CAMV | Bolet\u00edn CAMV 05.07.2019<\/a><\/li>\n<li><a href=\"https:\/\/mailchi.mp\/b8f5961fb45d\/butllet-boletn-camv-347891?e=[UNIQID]\" target=\"_blank\" rel=\"noopener noreferrer\">Butllet\u00ed CAMV | Bolet\u00edn CAMV 28.06.2019.<\/a><\/li>\n<li><a href=\"https:\/\/mailchi.mp\/a12dbb39abba\/butllet-boletn-camv-342435?e=[UNIQID]\" target=\"_blank\" rel=\"noopener noreferrer\">Butllet\u00ed CAMV | Bolet\u00edn CAMV 21.06.2019.<\/a><\/li>\n<li><a href=\"https:\/\/mailchi.mp\/16098e52779c\/butllet-boletn-camv-338843\" target=\"_blank\" rel=\"noopener noreferrer\">Butllet\u00ed CAMV | Bolet\u00edn CAMV 14.06.2019<\/a><\/li>\n<li><a href=\"https:\/\/mailchi.mp\/d4f77d8c8804\/butllet-boletn-camv-334999\" target=\"_blank\" rel=\"noopener noreferrer\">Butllet\u00ed CAMV | Bolet\u00edn CAMV 07.06.2019<\/a><\/li>\n<li><a href=\"https:\/\/mailchi.mp\/284b1281f6b3\/butllet-boletn-camv-330531\" target=\"_blank\" rel=\"noopener noreferrer\">Butllet\u00ed CAMV | Bolet\u00edn CAMV 31.05.2019<\/a><\/li>\n<li><a href=\"https:\/\/mailchi.mp\/2742fd032988\/butllet-boletn-camv-326879\" target=\"_blank\" rel=\"noopener noreferrer\">Butllet\u00ed CAMV | Bolet\u00edn CAMV 24.05.2019<\/a><\/li>\n<li><a href=\"https:\/\/mailchi.mp\/ac2b06042b07\/butllet-boletn-camv-322155\" target=\"_blank\" rel=\"noopener noreferrer\">Butllet\u00ed CAMV | Bolet\u00edn CAMV 17.05.2019<\/a><\/li>\n<li><a href=\"https:\/\/mailchi.mp\/2414767ef847\/butllet-boletn-camv-317435\" target=\"_blank\" rel=\"noopener noreferrer\">Butllet\u00ed CAMV | Bolet\u00edn CAMV 10.05.2019<\/a><\/li>\n<li><a href=\"https:\/\/mailchi.mp\/6c6ee26a395d\/butllet-boletn-camv-314915\" target=\"_blank\" rel=\"noopener noreferrer\">Butllet\u00ed CAMV | Bolet\u00edn CAMV 07.05.2019<\/a><\/li>\n<li><a href=\"https:\/\/mailchi.mp\/f484f2e44593\/butllet-boletn-camv-301343\" target=\"_blank\" rel=\"noopener noreferrer\">Butllet\u00ed CAMV | Bolet\u00edn CAMV 26.04.2019<\/a><\/li>\n<li><a href=\"https:\/\/mailchi.mp\/7b865d576120\/butllet-boletn-camv-300507\" target=\"_blank\" rel=\"noopener noreferrer\">Butllet\u00ed CAMV | Bolet\u00edn CAMV 17.04.2019<\/a><\/li>\n<li><a href=\"https:\/\/mailchi.mp\/1aa2413f0071\/butllet-boletn-camv-295943\" target=\"_blank\" rel=\"noopener noreferrer\">Butllet\u00ed CAMV | Bolet\u00edn CAMV 12.04.2019<\/a><\/li>\n<li><a href=\"https:\/\/mailchi.mp\/4558c4295466\/butllet-boletn-camv-284667\" target=\"_blank\" rel=\"noopener noreferrer\">Butllet\u00ed CAMV | Bolet\u00edn CAMV 05.04.2019<\/a><\/li>\n<li><a href=\"https:\/\/mailchi.mp\/4558c4295466\/butllet-boletn-camv-284667\" target=\"_blank\" rel=\"noopener noreferrer\">Butllet\u00ed CAMV | Bolet\u00edn CAMV 29.03.2019<\/a><\/li>\n<li><a href=\"https:\/\/mailchi.mp\/61160b35af6c\/butllet-boletn-camv-279395\" target=\"_blank\" rel=\"noopener noreferrer\">Butllet\u00ed CAMV | Bolet\u00edn CAMV 22.03.2019<\/a><\/li>\n<li><a href=\"https:\/\/mailchi.mp\/4186a63bebcf\/butllet-boletn-camv-273935\" target=\"_blank\" rel=\"noopener noreferrer\">Butllet\u00ed CAMV | Bolet\u00edn CAMV 15.03.2019<\/a><\/li>\n<li><a href=\"https:\/\/mailchi.mp\/bacd651e5376\/butllet-boletn-camv-267727\" target=\"_blank\" rel=\"noopener noreferrer\">Butllet\u00ed CAMV | Bolet\u00edn CAMV 08.03.2019<\/a><\/li>\n<li><a href=\"https:\/\/mailchi.mp\/3747068db95b\/butllet-boletn-camv-261351\" target=\"_blank\" rel=\"noopener noreferrer\">Butllet\u00ed CAMV | Bolet\u00edn CAMV 01.03.2019<\/a><\/li>\n<li><a href=\"https:\/\/mailchi.mp\/a4e80996848f\/butllet-boletn-camv-255099\" target=\"_blank\" rel=\"noopener noreferrer\">Butllet\u00ed CAMV | Bolet\u00edn CAMV 22.02.2019<\/a><\/li>\n<li><a href=\"https:\/\/mailchi.mp\/2a3b45af262a\/butllet-boletn-camv-249887\" target=\"_blank\" rel=\"noopener noreferrer\">Butllet\u00ed CAMV | Bolet\u00edn CAMV 15.02.2019<\/a><\/li>\n<li><a href=\"https:\/\/mailchi.mp\/51db289ede7d\/butllet-boletn-camv-242627\" target=\"_blank\" rel=\"noopener noreferrer\">Butllet\u00ed CAMV | Bolet\u00edn CAMV 08.02.2019<\/a><\/li>\n<li><a href=\"https:\/\/mailchi.mp\/7fa1931c693c\/butllet-boletn-camv-237383\" target=\"_blank\" rel=\"noopener noreferrer\">Butllet\u00ed CAMV | Bolet\u00edn CAMV 01.02.2019<\/a><\/li>\n<li><a href=\"https:\/\/mailchi.mp\/857000ad4154\/butllet-boletn-camv-229499\" target=\"_blank\" rel=\"noopener noreferrer\">Butllet\u00ed CAMV | Bolet\u00edn CAMV 25.01.2019<\/a><\/li>\n<li><a href=\"https:\/\/mailchi.mp\/9dfc82b748ef\/butllet-boletn-camv-223863\" target=\"_blank\" rel=\"noopener noreferrer\">Butllet\u00ed CAMV | Bolet\u00edn CAMV 18.01.2019<\/a><\/li>\n<li><a href=\"https:\/\/mailchi.mp\/52d8bce58176\/butllet-boletn-camv-216035\" target=\"_blank\" rel=\"noopener noreferrer\">Butllet\u00ed CAMV | Bolet\u00edn CAMV 11.01.2019<\/a><\/li>\n<li><a href=\"https:\/\/mailchi.mp\/577a569dccab\/butllet-boletn-camv-197751\" target=\"_blank\" rel=\"noopener noreferrer\">Butllet\u00ed CAMV | Bolet\u00edn CAMV 04.01.2019<\/a><\/li>\n<li><a href=\"https:\/\/mailchi.mp\/209e4a99de6e\/butllet-boletn-camv-199339\" target=\"_blank\" rel=\"noopener noreferrer\">Butllet\u00ed CAMV | Bolet\u00edn CAMV 28.12.2018<\/a><\/li>\n<li><a href=\"https:\/\/mailchi.mp\/49d953084c2b\/butllet-boletn-camv-188287\" target=\"_blank\" rel=\"noopener noreferrer\">Butllet\u00ed CAMV | Bolet\u00edn CAMV 14.12.2018<\/a><\/li>\n<li><a href=\"https:\/\/mailchi.mp\/00f39d49a261\/butllet-boletn-camv-176175\" target=\"_blank\" rel=\"noopener noreferrer\">Butllet\u00ed CAMV | Bolet\u00edn CAMV 07.12.2018<\/a><\/li>\n<li><a href=\"https:\/\/mailchi.mp\/de83f917dad5\/butllet-boletn-camv-156807\" target=\"_blank\" rel=\"noopener noreferrer\">Butllet\u00ed CAMV | Bolet\u00edn CAMV 30.11.2018<\/a><\/li>\n<li><a href=\"https:\/\/mailchi.mp\/70e4a2774708\/butllet-boletn-camv-136871\" target=\"_blank\" rel=\"noopener noreferrer\">Butllet\u00ed CAMV | Bolet\u00edn CAMV 23.11.2018<\/a><\/li>\n<li><a href=\"https:\/\/mailchi.mp\/f32cfbe5c87f\/butllet-boletn-camv-133139\" target=\"_blank\" rel=\"noopener noreferrer\">Butllet\u00ed CAMV | Bolet\u00edn CAMV 16.11.2018<\/a><\/li>\n<li><a href=\"https:\/\/mailchi.mp\/29d1143d63e9\/butllet-boletn-camv-119435\" target=\"_blank\" rel=\"noopener noreferrer\">Butllet\u00ed CAMV | Bolet\u00edn CAMV 09.11.2018<\/a><\/li>\n<li><a href=\"https:\/\/mailchi.mp\/63359a9df7a1\/butllet-boletn-camv-02112018\" target=\"_blank\" rel=\"noopener noreferrer\">Butllet\u00ed CAMV | Bolet\u00edn CAMV 02.11.2018<\/a><\/li>\n<\/ul>\n<p>[newsletter_archive]<\/p>\n","protected":false},"excerpt":{"rendered":"<p>Butllet\u00ed CAMV | Bolet\u00edn CAMV 02.07.2021 Butllet\u00ed CAMV | Bolet\u00edn CAMV 25.06.2021 Butllet\u00ed CAMV | Bolet\u00edn CAMV 18.06.2021 Butllet\u00ed CAMV | Bolet\u00edn CAMV 11.06.2021 Butllet\u00ed CAMV | Bolet\u00edn CAMV 04.06.2021 Butllet\u00ed CAMV | Bolet\u00edn CAMV 28.05.2021 Butllet\u00ed CAMV | Bolet\u00edn CAMV 21.05.2021 Butllet\u00ed CAMV | Bolet\u00edn CAMV 14.05.2021 Butllet\u00ed CAMV | Bolet\u00edn CAMV 07.05.2021 Butllet\u00ed&hellip;<\/p>\n","protected":false},"author":7,"featured_media":0,"parent":0,"menu_order":0,"comment_status":"closed","ping_status":"closed","template":"","meta":{"footnotes":""},"_links":{"self":[{"href":"https:\/\/valencia.consellagrari.com\/es\/wp-json\/wp\/v2\/pages\/6671"}],"collection":[{"href":"https:\/\/valencia.consellagrari.com\/es\/wp-json\/wp\/v2\/pages"}],"about":[{"href":"https:\/\/valencia.consellagrari.com\/es\/wp-json\/wp\/v2\/types\/page"}],"author":[{"embeddable":true,"href":"https:\/\/valencia.consellagrari.com\/es\/wp-json\/wp\/v2\/users\/7"}],"replies":[{"embeddable":true,"href":"https:\/\/valencia.consellagrari.com\/es\/wp-json\/wp\/v2\/comments?post=6671"}],"version-history":[{"count":0,"href":"https:\/\/valencia.consellagrari.com\/es\/wp-json\/wp\/v2\/pages\/6671\/revisions"}],"wp:attachment":[{"href":"https:\/\/valencia.consellagrari.com\/es\/wp-json\/wp\/v2\/media?parent=6671"}],"curies":[{"name":"wp","href":"https:\/\/api.w.org\/{rel}","templated":true}]}}