{"id":6674,"date":"2016-11-21T15:23:27","date_gmt":"2016-11-21T14:23:27","guid":{"rendered":"https:\/\/dev.consellagrari.com\/texto-legal\/"},"modified":"2022-06-13T18:20:48","modified_gmt":"2022-06-13T16:20:48","slug":"aviso-legal","status":"publish","type":"page","link":"https:\/\/valencia.consellagrari.com\/es\/aviso-legal\/","title":{"rendered":"Aviso legal"},"content":{"rendered":"<p>La web <a href=\"https:\/\/valencia.consellagrari.com\/es\/\">valencia.consellagrari.com<\/a> es propiedad del CONSELL AGRARI MUNICIPAL DE VAL\u00c8NCIA -AJUNTAMENT DE VAL\u00c8NCIA- (en adelante CONSELL AGRARI DE VAL\u00c8NCIA) con C.I.F. P9690001D, domicilio en C\/ Guillem de Castro, n\u00ba 51- 4, de Val\u00e8ncia (46007) y direcci\u00f3n general de correo electr\u00f3nico consellagrari@valencia.es<\/p>\n<p>La web del CONSELL AGRARI DE VAL\u00c8NCIA, tiene por objeto facilitar a los ciudadanos y a los usuarios informaci\u00f3n relativa a las actividades y a los servicios que se ofrecen, as\u00ed como proporcionar informaci\u00f3n que pueda resultar de inter\u00e9s.<\/p>\n<h2>Definiciones<\/h2>\n<p>Condiciones de Uso: Los T\u00e9rminos y Condiciones que regulan el registro, acceso y uso de la web del CONSELL AGRARI DE VAL\u00c8NCIA por parte del Usuario.<\/p>\n<p>Usuario: La persona f\u00edsica o jur\u00eddica que utiliza esta p\u00e1gina web.<\/p>\n<h2>Condiciones de Uso<\/h2>\n<p>Los datos personales recogidos en nuestra p\u00e1gina web son tratados cumpliendo con las exigencias del Reglamento (UE) 2016\/679 del Parlamento Europeo y del Consejo, de 27 de abril de 2016, relativo a la protecci\u00f3n de las personas f\u00edsicas en lo que respecta al tratamiento de datos personales y a la libre circulaci\u00f3n de estos datos.<\/p>\n<p>Asimismo, garantizamos que los datos personales son tratados de manera l\u00edcita, leal y transparente, y son recogidos con fines determinados, expl\u00edcitos y leg\u00edtimos, manteni\u00e9ndose limitados a dichos fines y actualizados si fuera necesario. No se permitir\u00e1 la identificaci\u00f3n de los interesados durante m\u00e1s tiempo del necesario y se garantizar\u00e1 su seguridad mediante las medidas t\u00e9cnicas y organizativas adecuadas.<\/p>\n<p>Con esta p\u00e1gina web, el CONSELL AGRARI DE VAL\u00c8NCIA, pretende prestar un servicio \u00fatil, por lo que las sugerencias de los usuarios son bienvenidas. Pero si no est\u00e1 de acuerdo con alguna de las condiciones contenidas en este aviso, deber\u00e1 dejar de utilizar la p\u00e1gina web. Sus datos identificativos y cualesquiera que puedan ser exigidos por la normativa aplicable, son obligatorios por lo que la negativa a facilitarlos har\u00eda que nos resultara imposible la prestaci\u00f3n de nuestros servicios.<\/p>\n<p>Las condiciones establecidas a continuaci\u00f3n regulan el uso permitido de la web del CONSELL AGRARI DE VAL\u00c8NCIA:<\/p>\n<ol>\n<li><strong>Acceso<\/strong><br \/>\nEl acceso es p\u00fablico. No se recoge ning\u00fan tipo de formulario de toma de datos.<\/li>\n<li><strong>Modificaciones de la p\u00e1gina e interrupciones o errores en el acceso.<\/strong><br \/>\nEl CONSELL AGRARI DE VAL\u00c8NCIA se reserva la facultad de efectuar, en cualquier momento y sin necesidad de previo aviso, modificaciones y actualizaciones de la informaci\u00f3n contenida en la p\u00e1gina web, de la configuraci\u00f3n y presentaci\u00f3n de \u00e9sta y de las condiciones de acceso.<\/li>\n<li><strong>Contenidos y p\u00e1ginas enlazadas<\/strong>.<br \/>\nLa informaci\u00f3n contenida en esta web, tiene car\u00e1cter meramente informativo. La pol\u00edtica del CONSELL AGRARI DE VAL\u00c8NCIA, es tratar de que los contenidos est\u00e9n siempre actualizados, pero puede suceder que no lo est\u00e9n.La funci\u00f3n de los links, o enlaces, que aparecen en esta p\u00e1gina es exclusivamente la de informar a los usuarios y sobre la existencia de otras fuentes de informaci\u00f3n sobre la materia en internet, donde podr\u00e1 ampliar o completar los datos ofrecidos en esta p\u00e1gina. El CONSELL AGRARI DE VAL\u00c8NCIA no ser\u00e1 responsable del resultado obtenido a trav\u00e9s de dichos enlaces.En todo caso, el CONSELL AGRARI DE VAL\u00c8NCIA no asume responsabilidad derivada de los contenidos enlazados desde su p\u00e1gina web, ni puede garantizar la ausencia de virus u otros elementos en los mismos que puedan producir alteraciones en el sistema inform\u00e1tico (hardware y software), en los documentos o los ficheros del usuario, excluyendo cualquier responsabilidad por los da\u00f1os de cualquier clase causados al usuario por este motivo.<br \/>\nAunque los enlaces son supervisados regularmente para que no suceda, en el caso de que cualquier usuario o un tercero, considerara que el contenido o los servicios prestados por las p\u00e1ginas enlazadas son il\u00edcitos, vulneran valores o principios constitucionales, o lesionan bienes o derechos del propio usuario o de un tercero se ruega que se comunique inmediatamente al CONSELL AGRARI DE VAL\u00c8NCIA, consellagrari@valencia.es dicha circunstancia, y especialmente si los enlaces consisten en:<\/p>\n<ul>\n<li>Actividades o contenidos susceptibles de ser considerados delictivos conforme la normativa penal espa\u00f1ola.<\/li>\n<li>Actividades o contenidos que violen derechos de propiedad intelectual o industrial.<\/li>\n<li>Actividades o contenidos que pongan en peligro el orden p\u00fablico, la investigaci\u00f3n penal, la seguridad p\u00fablica y la defensa nacional.<\/li>\n<li>Actividades o contenidos que pongan en peligro la protecci\u00f3n de la salud p\u00fablica, el respeto a la dignidad de la persona, al principio de no discriminaci\u00f3n, la protecci\u00f3n de la salud y la infancia o cualquier otro valor o principio constitucional.<\/li>\n<\/ul>\n<\/li>\n<li><strong>Protecci\u00f3n de datos personales<\/strong><br \/>\nLos datos personales vinculados a esta web respetan las exigencias del Reglamento General de Protecci\u00f3n de Datos 2016\/679 y de la legislaci\u00f3n y normativa vigente en materia de protecci\u00f3n de datos personales.El CONSELL AGRARI DE VAL\u00c8NCIA tratar\u00e1 los datos de car\u00e1cter personal que se recojan a trav\u00e9s de esta web cumpliendo con la normativa del Reglamento General de Protecci\u00f3n de Datos y la normativa espa\u00f1ola vigente sobre protecci\u00f3n de datos. As\u00ed la remisi\u00f3n de datos por los interesados es absolutamente voluntaria y es debidamente anunciada.<\/li>\n<li><strong>Finalidades<\/strong><br \/>\nTratamos tus datos de identificaci\u00f3n y de contacto con la finalidad de atender tu solicitud de informaci\u00f3n sobre nuestros servicios.Trataremos tus datos de identificaci\u00f3n y de contacto para ofrecerte contenidos personalizados seg\u00fan tus preferencias y necesidades, en la forma de comunicaciones comerciales, ya sea a trav\u00e9s de nuestra p\u00e1gina web, aplicaciones inform\u00e1ticas, correo electr\u00f3nico o contacto telef\u00f3nico o postal u otros canales leg\u00edtimos.Para cumplir con obligaciones legales en materia fiscal u otras impuestas por autoridades oficiales de control, ser\u00e1 necesario tambi\u00e9n tratar tus datos de identificaci\u00f3n, contacto u otros relacionados. La finalidad de estos tratamientos responde a las necesidades que tengan dichas autoridades oficiales de control.Para efectuar otros tratamientos distintos a los anteriores puede ser necesario obtener tu consentimiento expreso en cuyo caso ser\u00e1s informado de ello, con claridad y detalle, en el momento en que sea preciso obtenerlo, pudiendo denegarlo en ese momento, o revocarlo, con posterioridad y en cualquier momento, sin car\u00e1cter retroactivo.<\/li>\n<li><strong>Legitimaci\u00f3n del tratamiento<\/strong><br \/>\nLa legitimaci\u00f3n del tratamiento de sus datos es el consentimiento que presta enviando el correo electr\u00f3nico de suscripci\u00f3n al bolet\u00edn. Si se produce encargo profesional, la legitimaci\u00f3n del tratamiento ser\u00e1 la relaci\u00f3n contractual que establezca con nosotros y el cumplimiento de las obligaciones profesionales y legales derivadas del mismo.<\/li>\n<li><strong>Comunicaciones de datos<\/strong><br \/>\nLos datos derivados del contacto y consulta no ser\u00e1n comunicados a terceros.<\/li>\n<li><strong>Derechos de los Interesados<\/strong><br \/>\nCualquier persona tiene derecho a obtener confirmaci\u00f3n sobre si el CONSELL AGRARI DE VAL\u00c8NCIA trata datos personales que le conciernen o no. Las personas interesadas tienen derecho a acceder a sus datos personales y a obtener una copia de los datos personales objeto del tratamiento, a actualizarlos, as\u00ed como a solicitar la rectificaci\u00f3n de los datos inexactos o, en su caso, solicitar su supresi\u00f3n cuando, entre otros motivos, los datos ya no sean necesarios para los fines para los que fueron recogidos. En determinadas circunstancias previstas en el art\u00edculo 18 RGPD, los interesados podr\u00e1n solicitar la limitaci\u00f3n del tratamiento de sus datos, en cuyo caso \u00fanicamente los conservaremos para el encargo solicitado. Como consecuencia de la aplicaci\u00f3n del derecho a la supresi\u00f3n u oposici\u00f3n al tratamiento de datos personales en el entorno on-line los interesados tienen el derecho al olvido seg\u00fan la jurisprudencia del Tribunal de Justicia de la UE.Los interesados podr\u00e1n oponerse al tratamiento de sus datos con fines de mercadotecnia, incluida la elaboraci\u00f3n de perfiles.<\/li>\n<li><strong>Obligaciones de los usuarios<\/strong><br \/>\nSe requiere al Usuario que ante la detecci\u00f3n de cualquier contenido da\u00f1ino, ofensivo o impreciso, en la p\u00e1gina web, que avise al CONSELL AGRARI DE VAL\u00c8NCIA, en el menor tiempo posible.<br \/>\nEl Usuario es responsable de aportar informaci\u00f3n veraz, oportuna y completa en relaci\u00f3n con el uso de la p\u00e1gina web.Puede ejercer sus derechos:<br \/>\n-Mediante un escrito dirigido a: C\/ Guillem de Castro, n\u00ba 51- 4, de Val\u00e8ncia (46007).<br \/>\n-Mediante un correo electr\u00f3nico dirigido a: consellagrari@valencia.es<\/li>\n<li><strong>Propiedad Intelectual<\/strong><br \/>\nLos derechos de propiedad intelectual de los art\u00edculos publicados por el CONSELL AGRARI DE VAL\u00c8NCIA, son de sus autores.La estructura, dise\u00f1o y forma de presentaci\u00f3n de los elementos (gr\u00e1ficos, im\u00e1genes, ficheros, logotipos, combinaciones de colores y cualquier elemento susceptible de protecci\u00f3n) est\u00e1n protegidos por derechos de propiedad intelectual titularidad del CONSELL AGRARI DE VAL\u00c8NCIA. Est\u00e1n prohibidas la reproducci\u00f3n, la transformaci\u00f3n, distribuci\u00f3n, comunicaci\u00f3n p\u00fablica, puesta a disposici\u00f3n del p\u00fablico y, en general, cualquier otra forma de explotaci\u00f3n, parcial o total de los elementos referidos en el apartado anterior. Estos actos de explotaci\u00f3n s\u00f3lo podr\u00e1n ser realizados en virtud de autorizaci\u00f3n expresa del CONSELL AGRARI DE VAL\u00c8NCIA y que, en todo caso, deber\u00e1n hacer referencia expl\u00edcita a la titularidad de los citados derechos de propiedad intelectual del CONSELL AGRARI DE VAL\u00c8NCIA. S\u00f3lo estar\u00e1 autorizado a la reproducci\u00f3n (impresi\u00f3n o descarga) para uso privado de los contenidos dispuestos en la p\u00e1gina web.No se permite la utilizaci\u00f3n de los signos distintivos (marcas, nombres comerciales), salvo autorizaci\u00f3n expresa de los leg\u00edtimos titulares.<\/li>\n<li><strong>Responsabilidades<\/strong><br \/>\nEl CONSELL AGRARI DE VAL\u00c8NCIA, no ser\u00e1 en ning\u00fan caso, responsable, por los da\u00f1os y perjuicios de cualquier tipo derivados, directa o indirectamente, de la falta de lectura de este aviso, o del incumplimiento de las obligaciones especificadas en las condiciones establecidas en el mismo. Asimismo, de acuerdo con lo expuesto en estas condiciones, el CONSELL AGRARI DE VAL\u00c8NCIA excluye cualquier responsabilidad por los da\u00f1os y perjuicios de toda naturaleza que, fuera de su efectivo control, puedan deberse a la transmisi\u00f3n, difusi\u00f3n, almacenamiento, puesta a disposici\u00f3n, recepci\u00f3n, obtenci\u00f3n o acceso a la p\u00e1gina web o sus contenidos.Los usuarios deber\u00e1n realizar un uso adecuado de la p\u00e1gina web, de acuerdo con las condiciones y t\u00e9rminos anteriores, sin que ninguna responsabilidad pueda tener el CONSELL AGRARI DE VAL\u00c8NCIA por la utilizaci\u00f3n indebida.Respecto de posibles deficiencias t\u00e9cnicas, el CONSELL AGRARI DE VAL\u00c8NCIA, no ser\u00e1 responsable en ning\u00fan caso de las alteraciones en el servicio que se produzcan por fallos en la red el\u00e9ctrica, en la red de conexi\u00f3n de datos, en el servidor o en cualesquiera prestaciones.<\/li>\n<li id=\"politica-cookies\"><strong>Ley Aplicable<\/strong><br \/>\nEl presente aviso legal se rige en todos y cada uno de sus extremos por la ley espa\u00f1ola.<\/li>\n<li><strong>Normativa sobre el uso de cookies<\/strong><br \/>\nEl acceso y la navegaci\u00f3n en la p\u00e1gina web, o el uso de los servicios de la misma, implican la aceptaci\u00f3n de las Condiciones Generales establecidas en nuestro Aviso Legal. Por favor, l\u00e9alas atentamente.Le agradecemos que haya decidido visitarnos. Queremos que su experiencia en el sitio sea lo mejor posible, y por ese motivo, hemos escrito esta Pol\u00edtica de Cookies de la forma m\u00e1s transparente posible.<br \/>\n<strong>\u00bfQu\u00e9 es una Cookie?<\/strong>Las cookies son archivos que contienen peque\u00f1as cantidades de informaci\u00f3n que se descargan en el dispositivo del usuario que se utiliza cuando visitas un sitio web. Su finalidad principal es reconocer al usuario cada vez que accede a la web del CONSELL AGRARI DE VAL\u00c8NCIA lo que nos permite, adem\u00e1s, mejorar la calidad y la usabilidad de nuestra web.Las cookies son esenciales para el funcionamiento de Internet, no pueden da\u00f1ar el equipo o dispositivo del usuario y, si se encuentran activadas en la configuraci\u00f3n de tu navegador, nos ayudan a identificar y resolver posibles errores de funcionamiento del sitio web.Si lo desea puede rechazar el tratamiento de los datos o la informaci\u00f3n rechazando el uso de cookies mediante la selecci\u00f3n de la configuraci\u00f3n apropiada de su navegador. Sin embargo, si lo hace, puede ser que no pueda usar la plena funcionabilidad de este sitio. Al utilizar este sitio consiente el tratamiento de tu informaci\u00f3n por Google en la forma y para los fines arriba indicados.<strong>Tipos de Cookies:<\/strong><strong>Cookies Anal\u00edticas<\/strong>. Son cookies que tienen por finalidad el mantenimiento peri\u00f3dico y garantizar el mejor funcionamiento y servicio al usuario, recopilando datos de tu actividad.<\/p>\n<p>Google Analytics utiliza cookies para ayudarnos a analizar el uso que hacen los usuarios del sitio. La informaci\u00f3n que genera la cookie acerca de su uso del sitio (incluyendo su direcci\u00f3n IP) ser\u00e1 directamente transmitida y archivada por Google en sus servidores de Estados Unidos. Google usar\u00e1 esta informaci\u00f3n por cuenta nuestra con el prop\u00f3sito de seguir la pista de su uso del sitio, recopilando informes de la actividad del sitio y prestando otros servicios relacionados con la actividad del sitio y el uso de Internet. Google podr\u00e1 transmitir dicha informaci\u00f3n a terceros cuando as\u00ed se lo requiera la legislaci\u00f3n, o cuando dichos terceros procesen la informaci\u00f3n por cuenta de Google. Google no asociar\u00e1 su direcci\u00f3n IP con ning\u00fan otro dato del que disponga Google.<\/p>\n<p>Estas cookies de Google Analytics generan un ID de usuario an\u00f3nimo, que es el que se utiliza para hacer un recuento de cuantas veces visita nuestra web el usuario. Tambi\u00e9n registra cuando fue la primera y la \u00faltima vez que visit\u00f3 la web. Asimismo, calcula cuando se ha terminado una sesi\u00f3n, origen de usuario y keywords (o texto de b\u00fasqueda en los buscadores web).<\/p>\n<p>La principal cookie que utiliza Google Analytics es \u00ab_ga\u00bb. Las cookies de Google Analytics utilizan los siguientes dominios: admob.com, adsensecustomsearchads.com, adwords.com, doubleclick.net, google.com, googleadservices.com, googleapis.com, googlesyndication.com, googletagmanager.com, googletagservices.com, googletraveladservices.com, googleusercontent.com, google-analytics.com, gstatic.com, urchin.com,youtube.com,ytimg.com<\/p>\n<p><strong>Cookies de Sesi\u00f3n y de Procesos o T\u00e9cnicas<\/strong>. Su finalidad principal es permitir navegar por la web sin necesidad de identificarse en cada p\u00e1gina, recordando al usuario con solo iniciar sesi\u00f3n una vez. Tambi\u00e9n pueden apoyar la seguridad del sitio web o su funcionalidad b\u00e1sica. Existen solamente en el tiempo que dura su visita, y se borran cuando cierra el navegador.<\/p>\n<p>Utilizamos estas cookies en los siguientes dominios: consellagrari.com, google.es, google.com, www.google.es<\/p>\n<p><strong>\u00bfQu\u00e9 cookies utilizamos?<\/strong><\/p>\n<table border=\"1\" cellpadding=\"5\">\n<thead>\n<tr>\n<td><strong>Tipo<\/strong><\/td>\n<td><strong>Nombre<\/strong><\/td>\n<td><strong>Retenci\u00f3n<\/strong><\/td>\n<td><strong>Propias\/Terceros<\/strong><\/td>\n<td><strong>Uso<\/strong><\/td>\n<td><strong>Funci\u00f3n<\/strong><\/td>\n<td><strong>Compartir Datos<\/strong><\/td>\n<\/tr>\n<\/thead>\n<tbody>\n<tr>\n<td>T\u00e9cnica<\/td>\n<td><a href=\"https:\/\/cookiedatabase.org\/cookie\/gdpr-cookie-compliance\/moove_gdpr_popup\" target=\"_blank\" rel=\"noopener noreferrer nofollow\">moove_gdpr_popup<\/a><\/td>\n<td>persistente<\/td>\n<td>propia<\/td>\n<td>Usamos GDPR Cookie Compliance para gesti\u00f3n del consentimiento de cookies.<\/td>\n<td>Guardar preferencias de consentimiento de cookies<\/td>\n<td>Estos datos no se comparten con terceros.<\/td>\n<\/tr>\n<tr>\n<td>T\u00e9cnica<\/td>\n<td><a href=\"https:\/\/cookiedatabase.org\/cookie\/wordpress\/wordpress_logged_in_\/\" target=\"_blank\" rel=\"noopener noreferrer nofollow\">wordpress_logged_in_*<\/a><\/td>\n<td>sesi\u00f3n<\/td>\n<td>propia<\/td>\n<td><\/td>\n<td>Comprueba si el visitante actual ha iniciado sesi\u00f3n o no<\/td>\n<td>Estos datos no se comparten con terceros.<\/td>\n<\/tr>\n<tr>\n<td>T\u00e9cnica<\/td>\n<td><a href=\"https:\/\/cookiedatabase.org\/cookie\/wordfence\/wfwaf-authcookie\/\" target=\"_blank\" rel=\"noopener noreferrer nofollow\">wfwaf-authcookie-*<\/a><\/td>\n<td>&nbsp;<\/p>\n<div class=\"retention\">12 horas<\/div>\n<\/td>\n<td>propia<\/td>\n<td>Usamos WordFence para seguridad del sitio web<\/td>\n<td>Determina si el usuario ha iniciado sesi\u00f3n<\/td>\n<td>Para m\u00e1s informaci\u00f3n, por favor, lee la <a href=\"https:\/\/www.wordfence.com\/privacy-policy\/\" target=\"_blank\" rel=\"noopener noreferrer nofollow\">pol\u00edtica de privacidad de WordFence<\/a><\/td>\n<\/tr>\n<tr>\n<td>An\u00e1lisis<\/td>\n<td><a href=\"https:\/\/cookiedatabase.org\/cookie\/google-analytics\/_ga\/\" target=\"_blank\" rel=\"noopener noreferrer\">_ga<\/a><\/td>\n<td>2 a\u00f1os<\/td>\n<td>terceros<\/td>\n<td>Usamos Universal Google Analytics para analizar y seguir el comportamiento de los usuarios de la web<\/td>\n<td>Para almacenar y contar vistas de p\u00e1gina.<\/td>\n<td>Para m\u00e1s informaci\u00f3n, por favor, lee <a href=\"https:\/\/support.google.com\/analytics\/topic\/2919631?hl=es&amp;ref_topic=1008008\" target=\"_blank\" rel=\"noopener noreferrer nofollow\">la informaci\u00f3n sobre privacidad y seguridad de los datos de Google Analytics<\/a><\/td>\n<\/tr>\n<tr>\n<td>An\u00e1lisis<\/td>\n<td><a href=\"https:\/\/cookiedatabase.org\/cookie\/google-analytics\/_gid\/\" target=\"_blank\" rel=\"noopener noreferrer\"> _gid<\/a><\/td>\n<td>24 horas<\/td>\n<td>terceros<\/td>\n<td>Usamos Universal Google Analytics para analizar y seguir el comportamiento de los usuarios de la web<\/td>\n<td>Para almacenar y contar vistas de p\u00e1gina.<\/td>\n<td>Para m\u00e1s informaci\u00f3n, por favor, lee <a href=\"https:\/\/support.google.com\/analytics\/topic\/2919631?hl=es&amp;ref_topic=1008008\" target=\"_blank\" rel=\"noopener noreferrer nofollow\">la informaci\u00f3n sobre privacidad y seguridad de los datos de Google Analytics<\/a><\/td>\n<\/tr>\n<tr>\n<td>An\u00e1lisis<\/td>\n<td><a href=\"https:\/\/cookiedatabase.org\/cookie\/google-analytics\/_gat\/\" target=\"_blank\" rel=\"noopener noreferrer\"> _gat<\/a><\/td>\n<td>1 min<\/td>\n<td>terceros<\/td>\n<td>Usamos Universal Google Analytics para analizar y seguir el comportamiento de los usuarios de la web<\/td>\n<td>Leer y filtrar solicitudes de bots.<\/td>\n<td>Para m\u00e1s informaci\u00f3n, por favor, lee <a href=\"https:\/\/support.google.com\/analytics\/topic\/2919631?hl=es&amp;ref_topic=1008008\" target=\"_blank\" rel=\"noopener noreferrer nofollow\">la informaci\u00f3n sobre privacidad y seguridad de los datos de Google Analytics<\/a><\/td>\n<\/tr>\n<\/tbody>\n<\/table>\n<p><strong>Cookies Persistentes o Permanentes y de Preferencias o Personalizaci\u00f3n.<\/strong> Se almacenan en el disco duro del dispositivo y nuestra web las lee cada vez que realiza una nueva visita al sitio web. Posee una fecha de caducidad o expiraci\u00f3n determinada, cumplida la cual la cookie deja de funcionar. Nos permiten identificar sus acciones y preferencias, nos ayudan a comprender c\u00f3mo llegan los usuarios a nuestra p\u00e1gina y mejorar nuestros servicios.<\/p>\n<p>Utilizamos estas cookies en los siguientes dominios: consellagrari.com, google.es, google.com, www.google.es<\/p>\n<p><strong>Cookies de Terceros o de Publicidad<\/strong>. Las cookies de terceros son las cookies que instala un sitio web que no es el que est\u00e1s visitando, por ejemplo, las usadas por redes sociales o por complementos externos de contenido (como Google Maps). Adem\u00e1s, algunas empresas de publicidad usan este tipo de archivos para realizar un seguimiento de sus visitas en cada sitio en el que se anuncian.<\/p>\n<p>Utilizamos estas cookies en los siguientes dominios: google.es, google.com, www.google.es<\/p>\n<p><strong>Configuraci\u00f3n del usuario para evitar Cookies:<\/strong><\/p>\n<p>Desde la web del CONSELL AGRARI DE VAL\u00c8NCIA, y en cumplimiento de la normativa legal vigente, ponemos a su disposici\u00f3n la informaci\u00f3n que le permita configurar sus navegadores de Internet para mantener su privacidad y seguridad en relaci\u00f3n a las cookies. Por ello, le facilitamos la informaci\u00f3n y enlaces a los sitos de soporte oficiales de los principales navegadores para que pueda decidir si desea o no aceptar el uso de cookies.<\/p>\n<p>As\u00ed, puede bloquear las cookies a trav\u00e9s de las herramientas de configuraci\u00f3n del navegador o bien puede configurar su navegador para que le avise cuando un servidor quiera guardar una cookie:<\/p>\n<p>Si utiliza Microsoft Internet Explorer, en la opci\u00f3n de men\u00fa Herramientas &gt; Opciones de Internet &gt; Privacidad &gt; Configuraci\u00f3n. Para saber m\u00e1s visite http:\/\/windows.microsoft.com o la ayuda del navegador.<\/p>\n<p>Si utiliza Firefox, en la opci\u00f3n de men\u00fa Herramientas &gt; Opciones &gt; Privacidad &gt; Cookies. Para saber m\u00e1s visite http:\/\/support.mozilla.org o la ayuda del navegador.<\/p>\n<p>Si utiliza Chrome, en la secci\u00f3n de Opciones &gt; Opciones avanzadas &gt; Privacidad. Para saber m\u00e1s visite http:\/\/support.google.com\/chrome o la ayuda del navegador.<\/p>\n<p>Si utiliza Opera, en la opci\u00f3n de Seguridad y Privacidad, podr\u00e1 configurar el navegador. Para saber m\u00e1s visite http:\/\/www.opera.com o la ayuda del navegador.<\/p>\n<p>Si utiliza Safari, en la opci\u00f3n de Preferencias &gt; Seguridad. Para saber m\u00e1s visite http:\/\/www.apple.com\/es\/support\/safari o la ayuda del navegador.<\/li>\n<\/ol>\n","protected":false},"excerpt":{"rendered":"<p>La web valencia.consellagrari.com es propiedad del CONSELL AGRARI MUNICIPAL DE VAL\u00c8NCIA -AJUNTAMENT DE VAL\u00c8NCIA- (en adelante CONSELL AGRARI DE VAL\u00c8NCIA) con C.I.F. P9690001D, domicilio en C\/ Guillem de Castro, n\u00ba 51- 4, de Val\u00e8ncia (46007) y direcci\u00f3n general de correo electr\u00f3nico consellagrari@valencia.es La web del CONSELL AGRARI DE VAL\u00c8NCIA, tiene por objeto facilitar a los&hellip;<\/p>\n","protected":false},"author":7,"featured_media":0,"parent":0,"menu_order":0,"comment_status":"closed","ping_status":"closed","template":"","meta":{"footnotes":""},"_links":{"self":[{"href":"https:\/\/valencia.consellagrari.com\/es\/wp-json\/wp\/v2\/pages\/6674"}],"collection":[{"href":"https:\/\/valencia.consellagrari.com\/es\/wp-json\/wp\/v2\/pages"}],"about":[{"href":"https:\/\/valencia.consellagrari.com\/es\/wp-json\/wp\/v2\/types\/page"}],"author":[{"embeddable":true,"href":"https:\/\/valencia.consellagrari.com\/es\/wp-json\/wp\/v2\/users\/7"}],"replies":[{"embeddable":true,"href":"https:\/\/valencia.consellagrari.com\/es\/wp-json\/wp\/v2\/comments?post=6674"}],"version-history":[{"count":0,"href":"https:\/\/valencia.consellagrari.com\/es\/wp-json\/wp\/v2\/pages\/6674\/revisions"}],"wp:attachment":[{"href":"https:\/\/valencia.consellagrari.com\/es\/wp-json\/wp\/v2\/media?parent=6674"}],"curies":[{"name":"wp","href":"https:\/\/api.w.org\/{rel}","templated":true}]}}