{"id":6684,"date":"2018-08-06T16:57:57","date_gmt":"2018-08-06T14:57:57","guid":{"rendered":"https:\/\/dev.consellagrari.com\/campanya-extraordinaria-de-recollida-de-plastics-agricoles\/"},"modified":"2022-09-15T12:41:33","modified_gmt":"2022-09-15T10:41:33","slug":"campanya-extraordinaria-de-recollida-de-plastics-agricoles","status":"publish","type":"page","link":"https:\/\/valencia.consellagrari.com\/es\/campanya-extraordinaria-de-recollida-de-plastics-agricoles\/","title":{"rendered":"Campa\u00f1a extraordinaria de recogida de pl\u00e1sticos agr\u00edcolas"},"content":{"rendered":"<p><a href=\"https:\/\/valencia.consellagrari.com\/wp-content\/uploads\/2018\/08\/recollida_face_cas.jpg\"><img loading=\"lazy\" decoding=\"async\" class=\"aligncenter size-full wp-image-8255\" src=\"https:\/\/valencia.consellagrari.com\/wp-content\/uploads\/2022\/09\/WhatsApp-Image-2022-07-25-at-2.24.45-PM.jpeg\" alt=\"\" width=\"1400\" height=\"1400\" srcset=\"https:\/\/valencia.consellagrari.com\/wp-content\/uploads\/2022\/09\/WhatsApp-Image-2022-07-25-at-2.24.45-PM.jpeg 1400w, https:\/\/valencia.consellagrari.com\/wp-content\/uploads\/2022\/09\/WhatsApp-Image-2022-07-25-at-2.24.45-PM-600x600.jpeg 600w, https:\/\/valencia.consellagrari.com\/wp-content\/uploads\/2022\/09\/WhatsApp-Image-2022-07-25-at-2.24.45-PM-1024x1024.jpeg 1024w, https:\/\/valencia.consellagrari.com\/wp-content\/uploads\/2022\/09\/WhatsApp-Image-2022-07-25-at-2.24.45-PM-768x768.jpeg 768w\" sizes=\"(max-width: 1400px) 100vw, 1400px\" \/><\/a><\/p>\n<p class=\"p1\">El Consell Agrari Municipal y la Concejal\u00eda de Agricultura ofrece un servicio de recogida de los residuos pl\u00e1sticos y\/o de mantas t\u00e9rmicas generados durante la actividad agraria.<\/p>\n<p class=\"p1\">El servicio de recogida de estos elementos tiene car\u00e1cter temporal y extraordinario y est\u00e1 vinculado a la campa\u00f1a de \u201centoldats\u201d.<\/p>\n<p class=\"p1\">La campa\u00f1a tendr\u00e1 una duraci\u00f3n desde el 26 de julio hasta el 31 de octubre.<\/p>\n<p class=\"p1\">Para ubicaci\u00f3n y otra informaci\u00f3n contactad con el CAV: 963 517 692 consellagrari@valencia.es<\/p>\n","protected":false},"excerpt":{"rendered":"<p>El Consell Agrari Municipal y la Concejal\u00eda de Agricultura ofrece un servicio de recogida de los residuos pl\u00e1sticos y\/o de mantas t\u00e9rmicas generados durante la actividad agraria. El servicio de recogida de estos elementos tiene car\u00e1cter temporal y extraordinario y est\u00e1 vinculado a la campa\u00f1a de \u201centoldats\u201d. La campa\u00f1a tendr\u00e1 una duraci\u00f3n desde el 26&hellip;<\/p>\n","protected":false},"author":7,"featured_media":0,"parent":0,"menu_order":0,"comment_status":"closed","ping_status":"closed","template":"","meta":{"footnotes":""},"_links":{"self":[{"href":"https:\/\/valencia.consellagrari.com\/es\/wp-json\/wp\/v2\/pages\/6684"}],"collection":[{"href":"https:\/\/valencia.consellagrari.com\/es\/wp-json\/wp\/v2\/pages"}],"about":[{"href":"https:\/\/valencia.consellagrari.com\/es\/wp-json\/wp\/v2\/types\/page"}],"author":[{"embeddable":true,"href":"https:\/\/valencia.consellagrari.com\/es\/wp-json\/wp\/v2\/users\/7"}],"replies":[{"embeddable":true,"href":"https:\/\/valencia.consellagrari.com\/es\/wp-json\/wp\/v2\/comments?post=6684"}],"version-history":[{"count":0,"href":"https:\/\/valencia.consellagrari.com\/es\/wp-json\/wp\/v2\/pages\/6684\/revisions"}],"wp:attachment":[{"href":"https:\/\/valencia.consellagrari.com\/es\/wp-json\/wp\/v2\/media?parent=6684"}],"curies":[{"name":"wp","href":"https:\/\/api.w.org\/{rel}","templated":true}]}}