{"id":6696,"date":"2018-07-25T17:01:12","date_gmt":"2018-07-25T15:01:12","guid":{"rendered":"https:\/\/dev.consellagrari.com\/faqs-banc-de-terres\/"},"modified":"2022-02-16T11:16:14","modified_gmt":"2022-02-16T10:16:14","slug":"faqs-banc-de-terres","status":"publish","type":"page","link":"https:\/\/valencia.consellagrari.com\/es\/faqs-banc-de-terres\/","title":{"rendered":"FAQs Banco de Tierras"},"content":{"rendered":"<h3><a name=\"una\">&nbsp;<\/a><br \/>\n1- \u00bfPone el Ayuntamiento alguna condici\u00f3n al acuerdo?<\/h3>\n<p>El acuerdo entre propietarios\/as y personas interesadas en cultivar las tierras es libre, no participando con el Ayuntamiento en cualquiera de los aspectos relacionados con la duraci\u00f3n del acuerdo, las condiciones econ\u00f3micas, etc.<\/p>\n<p>El banco de tierras pretende luchar contra el abandono de los terrenos r\u00fasticos y sus consecuencias agro-ambientales, tales como un mayor riesgo de incendios, mayor riesgo de degradaci\u00f3n, mayor n\u00famero de plagas, p\u00e9rdida de superficie agraria \u00fatil, etc. Al mismo tiempo, el desarrollo de cultivos en terrenos abandonados puede generar nuevas oportunidades de empleo y favorecer mejores condiciones socioecon\u00f3micas para las personas interesadas en cultivar las tierras.<\/p>\n<div class=\"boto-formulari boto-2\"><a href=\"https:\/\/valencia.consellagrari.com\/es\/banco-de-tierras\/\"><img loading=\"lazy\" decoding=\"async\" class=\"aligncenter wp-image-6152\" src=\"https:\/\/valencia.consellagrari.com\/wp-content\/uploads\/2018\/05\/logo-banc.png\" alt=\"\" width=\"160\" height=\"60\" \/><\/a><\/div>\n<p><a name=\"dos\">&nbsp;<\/a><br \/>\n&nbsp;<\/p>\n<h3>2- \u00bfQu\u00e9 pasos debo seguir para inscribir una parcela?<\/h3>\n<p>Existen tres formas de llevar a cabo la solicitud de alta de terrenos en el Banco de Tierras de la Diputaci\u00f3n de Val\u00e8ncia.<\/p>\n<p><strong>A) A trav\u00e9s de la p\u00e1gina web de la Diputaci\u00f3n de Val\u00e8ncia siguiendo los siguientes pasos:<\/strong><\/p>\n<p style=\"padding-left: 30px;\">1. Reg\u00edstrate como usuario de la plataforma del Banco de Tierras de la Diputaci\u00f3n de Val\u00e8ncia a trav\u00e9s del <a href=\"http:\/\/bancdeterres.dival.es\/#registrarse\" target=\"_blank\" rel=\"noopener\">siguiente enlace<\/a> aportando algunos datos m\u00ednimos de contacto.<br \/>\n2. Haz la pre-alta de tu terreno en la misma plataforma a trav\u00e9s del <a href=\"http:\/\/bancdeterres.dival.es\/reg_plot.php\" target=\"_blank\" rel=\"noopener\">siguiente enlace<\/a>. Para ello tendr\u00e1s que identificar la parcela (pol\u00edgono, n\u00famero de parcela, tipo de terreno, etc.).<br \/>\n3. Firma el documento que se genera y haz entrega por registro de entrada en el Ayuntamiento de Val\u00e8ncia o cualquiera de sus delegaciones (pueblos de Val\u00e8ncia).<\/p>\n<p><strong>B) Presencialmente, a trav\u00e9s de las oficinas del Ayuntamiento de Val\u00e8ncia:<\/strong><br \/>\nRellena el folleto informativo del Banco de Tierras y haz entrega del mismo en el Consell Agrari o en cualquiera de sus <a href=\"https:\/\/hortaipoblesvalencia.org\/es\/pueblos-de-valencia\/\" target=\"_blank\" rel=\"noopener\"> delegaciones (pueblos de Val\u00e8ncia) <\/a> donde te acompa\u00f1ar\u00e1n en el proceso de alta de tus tierras.<\/p>\n<p><strong>C) A trav\u00e9s de la sede electr\u00f3nica del Ayuntamiento de Val\u00e8ncia:<\/strong><br \/>\nAccede al <a href=\"https:\/\/sede.valencia.es\/sede\/registro\/procedimiento\/WEB_ASSET_1_20180000618526\" target=\"_blank\" rel=\"noopener\">siguiente enlace<\/a> y sigue las indicaciones. En este caso, ser\u00e1 necesario disponer del certificado o clave digital personal.<\/p>\n<p>Una vez completado estos pasos, tu terreno estar\u00e1 disponible en el Banco de Tierras de la Diputaci\u00f3n de Val\u00e8ncia para las personas que puedan tener inter\u00e9s en su arrendamiento, aparcer\u00eda o cesi\u00f3n.<\/p>\n<p>En caso de dudas, cons\u00faltanos a trav\u00e9s del tel\u00e9fono de atenci\u00f3n ciudadana 010 (ext. 3203).<\/p>\n<div class=\"boto-formulari boto-2\"><a href=\"https:\/\/valencia.consellagrari.com\/es\/banco-de-tierras\/\"><img loading=\"lazy\" decoding=\"async\" class=\"aligncenter wp-image-6152\" src=\"https:\/\/valencia.consellagrari.com\/wp-content\/uploads\/2018\/05\/logo-banc.png\" alt=\"\" width=\"160\" height=\"60\" \/><\/a><\/div>\n<p><a name=\"tres\">&nbsp;<\/a><\/p>\n<p>&nbsp;<\/p>\n<h3>3- Si la parcela es de varios\/as propietarios\/as, \u00bfpuede inscribirla una sola persona?<\/h3>\n<p>Cuando la parcela disponga de varios\/as propietarios\/as, este tr\u00e1mite puede ser realizado por un representante debidamente autorizado.<\/p>\n<p>La persona solicitante deber\u00e1 informar al Banco de Tierras de cualquier cambio significativo que afecte a la parcela.<\/p>\n<div class=\"boto-formulari boto-2\"><a href=\"https:\/\/valencia.consellagrari.com\/es\/banco-de-tierras\/\"><img loading=\"lazy\" decoding=\"async\" class=\"aligncenter wp-image-6152\" src=\"https:\/\/valencia.consellagrari.com\/wp-content\/uploads\/2018\/05\/logo-banc.png\" alt=\"\" width=\"160\" height=\"60\" \/><\/a><\/div>\n<p><a name=\"cuatro\">&nbsp;<\/a><\/p>\n<p>&nbsp;<\/p>\n<h3>4- \u00bfFacilitais el contrato para el arrendamiento?<\/h3>\n<p>El Banco de Tierras del Ayuntamiento de Val\u00e8ncia cuenta con un servicio de asesoramiento jur\u00eddico, acompa\u00f1amiento e intermediaci\u00f3n entre la persona ofertante y la demandante de campos. Estos servicios incluyen la formalizaci\u00f3n de arrendamientos mediante un documento adaptado a las caracter\u00edsticas de la parcela y necesidades de la propiedad; un asesoramiento gratuito para garantizar la formalizaci\u00f3n del acuerdo adaptado a las necesidades de las partes; y la intermediaci\u00f3n gratuita para la gesti\u00f3n y resoluci\u00f3n de los conflictos que puedan darse.<\/p>\n<div class=\"boto-formulari boto-2\"><a href=\"https:\/\/valencia.consellagrari.com\/es\/banco-de-tierras\/\"><img loading=\"lazy\" decoding=\"async\" class=\"aligncenter wp-image-6152\" src=\"https:\/\/valencia.consellagrari.com\/wp-content\/uploads\/2018\/05\/logo-banc.png\" alt=\"\" width=\"160\" height=\"60\" \/><\/a><\/div>\n<p><a name=\"cinco\">&nbsp;<\/a><br \/>\n&nbsp;<\/p>\n<h3>5- \u00bfCu\u00e1nto tiempo suele durar el contrato de arrendamiento?<\/h3>\n<p>La duraci\u00f3n del acuerdo inicial de arrendamiento se determinar\u00e1 a partir de las necesidades tanto de la propiedad del terreno como de la persona interesada en arrendarlo.<\/p>\n<div class=\"boto-formulari boto-2\"><a href=\"https:\/\/valencia.consellagrari.com\/es\/banco-de-tierras\/\"><img loading=\"lazy\" decoding=\"async\" class=\"aligncenter wp-image-6152\" src=\"https:\/\/valencia.consellagrari.com\/wp-content\/uploads\/2018\/05\/logo-banc.png\" alt=\"\" width=\"160\" height=\"60\" \/><\/a><\/div>\n<p><a name=\"seis\">&nbsp;<\/a><br \/>\n&nbsp;<\/p>\n<h3>6- \u00bfC\u00f3mo puedo solicitar una tierra?<\/h3>\n<p>Existen tres formas de llevar a cabo la solicitud de informaci\u00f3n de tierras del Banco de Tierras de la Diputaci\u00f3n de Val\u00e8ncia.<br \/>\nA trav\u00e9s de la p\u00e1gina web siguiendo los siguientes pasos:<br \/>\n<strong>A) Reg\u00edstrate como usuario de la plataforma del Banco de Tierras de la Diputaci\u00f3n de Val\u00e8ncia a trav\u00e9s del <a href=\"http:\/\/bancdeterres.dival.es\/#registrarse\" target=\"_blank\" rel=\"noopener\">siguiente enlace<\/a>.<\/strong><\/p>\n<p style=\"padding-left: 30px;\">1. Busca el terreno que desees cultivar en la misma plataforma a trav\u00e9s del <a href=\"http:\/\/bancdeterres.dival.es\/index.php#buscador\" target=\"_blank\" rel=\"noopener\">siguiente enlace<\/a>.<br \/>\n2. Imprime, firma y haz entrega del documento que se genere en las oficinas del Consell Agrari o en cualquiera de sus <a href=\"https:\/\/hortaipoblesvalencia.org\/es\/pueblos-de-valencia\/\" target=\"_blank\" rel=\"noopener\"> delegaciones (pueblos de Val\u00e8ncia) <\/a>.<\/p>\n<p><strong>B) Presencialmente, a trav\u00e9s de las oficinas del Ayuntamiento:<\/strong><br \/>\nRellena el folleto informativo del Banco de Tierras y haz entrega del mismo en el Consell Agrari o en cualquiera de sus <a href=\"https:\/\/hortaipoblesvalencia.org\/es\/pueblos-de-valencia\/\" target=\"_blank\" rel=\"noopener\"> delegaciones (pueblos de Val\u00e8ncia) <\/a> donde te acompa\u00f1ar\u00e1n en el proceso de solicitud de informaci\u00f3n de las parcelas disponibles en el Banco de Tierras del Ayuntamiento de Val\u00e8ncia.<\/p>\n<p><strong>C) A trav\u00e9s de la sede electr\u00f3nica del Ayuntamiento de Val\u00e8ncia:<\/strong><br \/>\nAccede al <a href=\"https:\/\/sede.valencia.es\/sede\/registro\/procedimiento\/WEB_ASSET_1_20180000618526\" target=\"_blank\" rel=\"noopener\">siguiente enlace<\/a> y sigue las indicaciones. En este caso, ser\u00e1 necesario disponer del certificado o clave digital personal.<\/p>\n<p>Una vez formalizada la solicitud de informaci\u00f3n de parcelas disponibles en el Banco de Tierras, el personal t\u00e9cnico trasladar\u00e1 dicha solicitud a la propiedad. En caso de que \u00e9sta est\u00e9 de acuerdo, el personal t\u00e9cnico te har\u00e1 llegar la informaci\u00f3n disponible de las tierras solicitadas. No olvides que existe un servicio de mediaci\u00f3n y asesoramiento gratuito puesto a vuestra disposici\u00f3n para garantizar la formalizaci\u00f3n del acuerdo adaptado a las necesidades de las partes.<\/p>\n<p>En caso de dudas, cons\u00faltanos c\u00f3mo hacerlo a trav\u00e9s del tel\u00e9fono gratuito de atenci\u00f3n a la ciudadan\u00eda 010 (ext. 3203).<\/p>\n<div class=\"boto-formulari boto-2\"><a href=\"https:\/\/valencia.consellagrari.com\/es\/banco-de-tierras\/\"><img loading=\"lazy\" decoding=\"async\" class=\"aligncenter wp-image-6152\" src=\"https:\/\/valencia.consellagrari.com\/wp-content\/uploads\/2018\/05\/logo-banc.png\" alt=\"\" width=\"160\" height=\"60\" \/><\/a><\/div>\n<p><a name=\"siete\">&nbsp;<\/a><br \/>\n&nbsp;<\/p>\n<h3>7- \u00bfCada cu\u00e1nto tiempo debo consultar la web para ver nuevas tierras?<\/h3>\n<p>El personal t\u00e9cnico actualiza la p\u00e1gina web del Banco de Tierras a medida que las personas propietarias de tierras ponen sus campos a disposici\u00f3n del mismo. En este sentido, puedes consultar la web en cualquier momento ya que \u00e9sta estar\u00e1 siempre actualizada.<\/p>\n<div class=\"boto-formulari boto-2\"><a href=\"https:\/\/valencia.consellagrari.com\/es\/banco-de-tierras\/\"><img loading=\"lazy\" decoding=\"async\" class=\"aligncenter wp-image-6152\" src=\"https:\/\/valencia.consellagrari.com\/wp-content\/uploads\/2018\/05\/logo-banc.png\" alt=\"\" width=\"160\" height=\"60\" \/><\/a><\/div>\n<p><a name=\"ocho\">&nbsp;<\/a><br \/>\n&nbsp;<\/p>\n<h3>8- \u00bfHay tierras disponibles por mi zona?<\/h3>\n<p>Para conocer la localizaci\u00f3n de los campos disponibles puedes acceder al buscador de tierras de la web del <a href=\"http:\/\/bancdeterres.dival.es\/\" target=\"_blank\" rel=\"noopener\">Banco de Tierras de la Diputaci\u00f3n de Val\u00e8ncia<\/a>. En \u00e9l, podr\u00e1s encontrar una descripci\u00f3n de cada uno de los campos disponibles en el Banco de Tierras precisando, entre otras cosas, su ubicaci\u00f3n exacta<br \/>\nCon distintas opciones de visualizaci\u00f3n: a\u00e9rea, geogr\u00e1fica, catastro, siendo posible a\u00f1adir las diferentes unidades administrativas o limitaciones comarcales.<br \/>\nMediante los filtros, pudiendo seleccionar el municipio en el que est\u00e9s interesado.<\/p>\n<div class=\"boto-formulari boto-2\"><a href=\"https:\/\/valencia.consellagrari.com\/es\/banco-de-tierras\/\"><img loading=\"lazy\" decoding=\"async\" class=\"aligncenter wp-image-6152\" src=\"https:\/\/valencia.consellagrari.com\/wp-content\/uploads\/2018\/05\/logo-banc.png\" alt=\"\" width=\"160\" height=\"60\" \/><\/a><\/div>\n<p><a name=\"nueve\">&nbsp;<\/a><br \/>\n&nbsp;<\/p>\n<h3>9- \u00bfDispone el Banco de Tierras de tierras propiedad del Ayuntamiento de Val\u00e8ncia?<\/h3>\n<p>Actualmente, el Ayuntamiento de Val\u00e8ncia se encuentra en proceso de identificaci\u00f3n de tierras de su propiedad, as\u00ed como de definici\u00f3n de las bases que permitan ponerlas a disposici\u00f3n de la ciudadan\u00eda terrenos cultivables. En cuanto finalicen estos tr\u00e1mites, los terrenos cultivables propiedad del Ayuntamiento de Val\u00e8ncia ser\u00e1n introducidos en el Banco de Tierras, quedando as\u00ed a disposici\u00f3n de quien los quiera solicitar siguiendo un procedimiento de concurrencia competitiva.<\/p>\n<p><a href=\"https:\/\/valencia.consellagrari.com\/wp-content\/uploads\/2018\/05\/logo-banc.png\"><img loading=\"lazy\" decoding=\"async\" class=\"aligncenter wp-image-6152 \" src=\"https:\/\/valencia.consellagrari.com\/wp-content\/uploads\/2018\/05\/logo-banc.png\" alt=\"\" width=\"160\" height=\"60\" \/><\/a><\/p>\n<p><a name=\"diez\">&nbsp;<\/a><br \/>\n&nbsp;<\/p>\n<h3>10- \u00bfComo puedo dar de baja mis terrenos del Banco de Tierras?<\/h3>\n<p>Para dar de baja tus terrenos del Banco de Tierras ser\u00e1 necesario que te pongas en contacto con el Consell Agrari presencialmente o llamando al tel\u00e9fono 010 (ext. 3203) para que sean ellos los que inicien el tr\u00e1mite de baja.<\/p>\n<div class=\"boto-formulari boto-2\"><a href=\"https:\/\/valencia.consellagrari.com\/es\/banco-de-tierras\/\"><img loading=\"lazy\" decoding=\"async\" class=\"aligncenter wp-image-6152\" src=\"https:\/\/valencia.consellagrari.com\/wp-content\/uploads\/2018\/05\/logo-banc.png\" alt=\"\" width=\"160\" height=\"60\" \/><\/a><\/div>\n","protected":false},"excerpt":{"rendered":"<p>&nbsp; 1- \u00bfPone el Ayuntamiento alguna condici\u00f3n al acuerdo? El acuerdo entre propietarios\/as y personas interesadas en cultivar las tierras es libre, no participando con el Ayuntamiento en cualquiera de los aspectos relacionados con la duraci\u00f3n del acuerdo, las condiciones econ\u00f3micas, etc. El banco de tierras pretende luchar contra el abandono de los terrenos r\u00fasticos&hellip;<\/p>\n","protected":false},"author":7,"featured_media":0,"parent":0,"menu_order":0,"comment_status":"closed","ping_status":"closed","template":"","meta":{"footnotes":""},"_links":{"self":[{"href":"https:\/\/valencia.consellagrari.com\/es\/wp-json\/wp\/v2\/pages\/6696"}],"collection":[{"href":"https:\/\/valencia.consellagrari.com\/es\/wp-json\/wp\/v2\/pages"}],"about":[{"href":"https:\/\/valencia.consellagrari.com\/es\/wp-json\/wp\/v2\/types\/page"}],"author":[{"embeddable":true,"href":"https:\/\/valencia.consellagrari.com\/es\/wp-json\/wp\/v2\/users\/7"}],"replies":[{"embeddable":true,"href":"https:\/\/valencia.consellagrari.com\/es\/wp-json\/wp\/v2\/comments?post=6696"}],"version-history":[{"count":0,"href":"https:\/\/valencia.consellagrari.com\/es\/wp-json\/wp\/v2\/pages\/6696\/revisions"}],"wp:attachment":[{"href":"https:\/\/valencia.consellagrari.com\/es\/wp-json\/wp\/v2\/media?parent=6696"}],"curies":[{"name":"wp","href":"https:\/\/api.w.org\/{rel}","templated":true}]}}