{"id":6703,"date":"2020-05-06T17:20:47","date_gmt":"2020-05-06T15:20:47","guid":{"rendered":"https:\/\/dev.consellagrari.com\/ocupacio-publica-2\/"},"modified":"2023-03-07T13:02:14","modified_gmt":"2023-03-07T12:02:14","slug":"empleo-publico","status":"publish","type":"page","link":"https:\/\/valencia.consellagrari.com\/es\/empleo-publico\/","title":{"rendered":"Empleo p\u00fablico"},"content":{"rendered":"<div class=\"wpb-content-wrapper\"><p>[vc_row el_class=\u00bbpage-center\u00bb][vc_column][vc_column_text]<strong>Bolsa de Trabajo en orden a la realizaci\u00f3n de futuros nombramientos interinos\/as para cubrir, con car\u00e1cter excepcional, las necesidades urgentes e inaplazables, en la plaza de T\u00e9cnicos Medios de Dinamizaci\u00f3n e Inspecci\u00f3n del Medio Rural que habilita para el ejercicio de las funciones descritas en el Anexo II de las Bases del O.A.M. Consell Agrari de Val\u00e8ncia<\/strong><\/p>\n<ul>\n<li><a href=\"https:\/\/valencia.consellagrari.com\/wp-content\/uploads\/2023\/03\/Edicto-47.pdf\"><b>Anuncio calificaciones totales con fase de concurso<\/b><\/a><\/li>\n<\/ul>\n<ul>\n<li><b>Anuncio nota del ejercicio denominado \u2018Entrevistas\u2019 y apertura del plazo para presentaci\u00f3n de los m\u00e9ritos y forma de presentaci\u00f3n:<\/b> <a href=\"https:\/\/valencia.consellagrari.com\/wp-content\/uploads\/2023\/02\/ANUNCIO_NOTAS.pdf\" target=\"_blank\" rel=\"noopener\"><strong>NOTAS EJERCICIO<\/strong><\/a> \/\/ <a href=\"https:\/\/valencia.consellagrari.com\/wp-content\/uploads\/2023\/02\/Instancia-modelo-meritos.pdf\" target=\"_blank\" rel=\"noopener\"><strong>DOCUMENTO DE AUTOBAREMACI\u00d3N<\/strong><\/a><\/li>\n<li><strong>Anuncio nota del ejercicio denominado \u2018Memorias descriptivas\u2019 y fecha de celebraci\u00f3n de las entrevistas. <\/strong>La convocatoria para la celebraci\u00f3n de las entrevistas tendr\u00e1 lugar el pr\u00f3ximo d\u00eda 6 de febrero de 2023, en la sede oficial del Consell Agrari de Val\u00e8ncia, sita en la calle Guillem de Castro, n\u00fam. 51 de Val\u00e8ncia, en el orden que figura en listado adjunto. <strong><a href=\"https:\/\/valencia.consellagrari.com\/wp-content\/uploads\/2023\/02\/ANUNCIO_NOTAS_MEMORIAS_Y_FECHA_ENTREVISTAS.pdf\" target=\"_blank\" rel=\"noopener\">LISTADO<\/a><\/strong><\/li>\n<li><strong><a href=\"https:\/\/valencia.consellagrari.com\/es\/ocupacion-publica\/listas-definitivas-%c2%b7-abierto-el-plazo-para-la-presentacion-de-las-memorias-descriptivas\/\" target=\"_blank\" rel=\"noopener\">LISTAS DEFINITIVAS \u00b7 ABIERTO EL PLAZO PARA LA PRESENTACI\u00d3N DE LAS MEMORIAS DESCRIPTIVAS<\/a><\/strong><\/li>\n<li><strong><a href=\"https:\/\/valencia.consellagrari.com\/wp-content\/uploads\/2022\/11\/21.-Resolucion-CA-749-17-11-2022.pdf\" target=\"_blank\" rel=\"noopener\">Anuncio listado definitivo de personas admitidas y excluidas, apertura del plazo de presentaci\u00f3n de la Memoria Descriptiva y nombramiento del Tribunal<\/a><\/strong><\/li>\n<li><strong><a href=\"https:\/\/valencia.consellagrari.com\/wp-content\/uploads\/2022\/09\/17.-R3-Lista-provisional-admitidos-encriptada.pdf\" target=\"_blank\" rel=\"noopener\">Anuncio listado provisional de personas admitidas y excluidas en la convocatoria<\/a><\/strong><\/li>\n<li><strong>Plazo de presentaci\u00f3n de instancias<\/strong>: Del 28 de junio al 11 de julio de 2022 (ambos inclusive).<\/li>\n<li><strong><a href=\"https:\/\/valencia.consellagrari.com\/wp-content\/uploads\/2022\/06\/15.-Anuncio-Consell-BOP-27.06.2022.pdf\" target=\"_blank\" rel=\"noopener\">Anuncio de la convocatoria en el BOP (27\/06\/2022).<\/a><\/strong><\/li>\n<li><strong><a href=\"https:\/\/valencia.consellagrari.com\/wp-content\/uploads\/2022\/06\/Bases-reguladoras-de-la-Bolsa-de-Trabajo.pdf\" target=\"_blank\" rel=\"noopener\">Bases espec\u00edficas reguladoras de la Bolsa de Trabajo<\/a><\/strong>.<\/li>\n<li><a href=\"https:\/\/valencia.consellagrari.com\/wp-content\/uploads\/2022\/06\/Anexo-II-Descripcion-del-puesto.pdf\" target=\"_blank\" rel=\"noopener\"><strong>Anexo II Descripci\u00f3n del puesto<\/strong><\/a>.<\/li>\n<li><strong><a href=\"https:\/\/valencia.consellagrari.com\/wp-content\/uploads\/2022\/06\/Instancia-admisio%CC%81n-pruebas-selectivas-corr.pdf\" target=\"_blank\" rel=\"noopener\">Instancia de admisi\u00f3n a pruebas selectivas<\/a><\/strong>.<\/li>\n<li><strong>Presentaci\u00f3n de instancias<\/strong>: En las oficinas del O.A.M. Consell Agrari de Val\u00e8ncia (Guillem de Castro, 51 \u2013 4, de Val\u00e8ncia), de 9 a 14 horas, y en los lugares indicados en el art\u00edculo 16 de la Ley 39\/2015, de 1 de octubre, del Procedimiento Administrativo Com\u00fan de las Administraciones P\u00fablicas.<\/li>\n<\/ul>\n<p>[\/vc_column_text][\/vc_column][\/vc_row][vc_row el_class=\u00bbpage-center\u00bb][vc_column][vc_tta_accordion c_icon=\u00bbtriangle\u00bb active_section=\u00bb99&#8243; collapsible_all=\u00bbtrue\u00bb][vc_tta_section title=\u00bbConvocatorias caducadas\u00bb tab_id=\u00bbtab-convocatorias-caducadas\u00bb][vc_column_text]<\/p>\n<p style=\"font-weight: 400;\" data-mce-style=\"font-weight: 400;\"><strong>Bolsa de Trabajo de car\u00e1cter laboral temporal de Ingeniero\/a Superior (Telecomunicaciones o Ingenier\u00eda equivalente que habilite competencialmente para el ejercicio de las funciones descritas en las presentes bases) del O.A.M. Consell Agrari Municipal de Val\u00e8ncia<\/strong><\/p>\n<p>&#8211; <strong>NOVEDAD: 15\/07\/2020<\/strong>: <a href=\"https:\/\/valencia.consellagrari.com\/wp-content\/uploads\/2020\/07\/56.-RESOLUCI\u00d3N-P.N.-2.pdf\" target=\"_blank\" rel=\"noopener noreferrer\" data-mce-href=\"https:\/\/valencia.consellagrari.com\/wp-content\/uploads\/2020\/07\/56.-RESOLUCI\u00d3N-P.N.-2.pdf\">Constituci\u00f3n<\/a> de la Bolsa de Trabajo.<\/p>\n<p>&#8211; 23\/06\/2020 &#8211; Publicaci\u00f3n<a href=\"https:\/\/valencia.consellagrari.com\/es\/53-anuncio-calificacion-fase-concuros-fase-concurso-oposicion-y-apertura-plazo-alegaciones_firmado-2\/\" target=\"_blank\" rel=\"noopener noreferrer\" data-mce-href=\"https:\/\/valencia.consellagrari.com\/es\/53-anuncio-calificacion-fase-concuros-fase-concurso-oposicion-y-apertura-plazo-alegaciones_firmado-2\/\"> calificaciones fase concurso, puntuaci\u00f3n final fase concurso-oposici\u00f3n y plazo de alegaciones.<\/a><\/p>\n<p>&#8211; 3\/06\/2020 \u2013 <a href=\"https:\/\/valencia.consellagrari.com\/es\/47-resolucion-reanudacion-proceso-selectivo-2\/\" target=\"_blank\" rel=\"noopener noreferrer\" data-mce-href=\"https:\/\/valencia.consellagrari.com\/es\/47-resolucion-reanudacion-proceso-selectivo-2\/\">Reanudaci\u00f3n<\/a> del plazo administrativo para la presentaci\u00f3n de m\u00e9ritos. Del 4 al 12 de junio de 2020 (ambos inclusive) a trav\u00e9s de la <a href=\"https:\/\/sede.valencia.es\/sede\/registro\/indexM.xhtml\" target=\"_blank\" rel=\"noopener noreferrer\" data-mce-href=\"https:\/\/sede.valencia.es\/sede\/registro\/indexM.xhtml\">sede electr\u00f3nica<\/a> del Ayuntamiento de Val\u00e8ncia mediante una solicitud no catalogada dirigida a la unidad 70009 \u2013 Consell Agrari Municipal o de manera presencial en las oficinas del Consell Agrari Municipal mediante cita previa en los tel\u00e9fonos 963516895 o 963517692.<\/p>\n<p>&#8211; 24\/03\/2020 \u2013 <a href=\"https:\/\/valencia.consellagrari.com\/es\/aviso-2\/\" target=\"_blank\" rel=\"noopener noreferrer\" data-mce-href=\"https:\/\/valencia.consellagrari.com\/es\/aviso-2\/\">Suspensi\u00f3n<\/a> del plazo administrativo para la presentaci\u00f3n de m\u00e9ritos.<\/p>\n<p>&#8211; 11\/03\/2020 &#8211; Publicaci\u00f3n <a href=\"https:\/\/valencia.consellagrari.com\/es\/37-1-anuncio-aprobados-2-ejercicio-firmado-2\/\" data-mce-href=\"https:\/\/valencia.consellagrari.com\/es\/37-1-anuncio-aprobados-2-ejercicio-firmado-2\/\">calificaciones segundo ejercicio<\/a> y apertura plazo para la presentaci\u00f3n de m\u00e9ritos.<\/p>\n<p>&#8211; 25\/02\/2020 &#8211; Publicaci\u00f3n <a href=\"https:\/\/valencia.consellagrari.com\/es\/32-anuncio-aprobados-1-ejercicio-firmado-2\/\" data-mce-href=\"https:\/\/valencia.consellagrari.com\/es\/32-anuncio-aprobados-1-ejercicio-firmado-2\/\">calificaciones primer ejercicio<\/a> y convocatoria segundo ejercicio.<\/p>\n<p>\u2013 13\/01\/2020 \u2014 Publicaci\u00f3n de la <a href=\"https:\/\/valencia.consellagrari.com\/es\/26-anunci-llistes-definitives-i-data-examen-2\/\" data-mce-href=\"https:\/\/valencia.consellagrari.com\/es\/26-anunci-llistes-definitives-i-data-examen-2\/\">lista definitiva de admitidos y excluidos y fecha del primer examen<\/a> (21 de febrero de 2020).<\/p>\n<p>\u2013 13\/01\/2020 \u2014 Publicaci\u00f3n de la <a href=\"https:\/\/valencia.consellagrari.com\/es\/21-anunci-nomenament-tribunal-2\/\" data-mce-href=\"https:\/\/valencia.consellagrari.com\/es\/21-anunci-nomenament-tribunal-2\/\">composici\u00f3n del tribunal<\/a>.<\/p>\n<p>&#8211; 2\/12\/2019 &#8211; Publicaci\u00f3n de la <a href=\"https:\/\/valencia.consellagrari.com\/wp-content\/uploads\/2019\/12\/18.-ANUNCI-llistes-provisonals_CV.pdf\" data-mce-href=\"https:\/\/valencia.consellagrari.com\/wp-content\/uploads\/2019\/12\/18.-ANUNCI-llistes-provisonals_CV.pdf\">lista provisional de admitidos y excluidos<\/a>. Plazo de subsanaci\u00f3n hasta el d\u00eda 16 de diciembre de 2019.<\/p>\n<p style=\"font-weight: 400;\" data-mce-style=\"font-weight: 400;\">&#8211; Plazo de presentaci\u00f3n de instancias: Del 12 de junio al 10 de julio de 2019 (ambos inclusive).<\/p>\n<p style=\"font-weight: 400;\" data-mce-style=\"font-weight: 400;\">&#8211; <a href=\"https:\/\/valencia.consellagrari.com\/wp-content\/uploads\/2019\/06\/11.-Anuncio-publicado-en-el-BOP-11.06.2019-2.pdf\" target=\"_blank\" rel=\"noopener noreferrer\" data-mce-href=\"https:\/\/valencia.consellagrari.com\/wp-content\/uploads\/2019\/06\/11.-Anuncio-publicado-en-el-BOP-11.06.2019-2.pdf\">Anuncio de la convocatoria en el BOP (11\/6\/2019).<\/a><\/p>\n<p style=\"font-weight: 400;\" data-mce-style=\"font-weight: 400;\">&#8211; <a href=\"https:\/\/valencia.consellagrari.com\/wp-content\/uploads\/2019\/06\/3.-BASES-BOLSA-TRABAJO-INGENIERO_FIRMADO.pdf\" target=\"_blank\" rel=\"noopener noreferrer\" data-mce-href=\"https:\/\/valencia.consellagrari.com\/wp-content\/uploads\/2019\/06\/3.-BASES-BOLSA-TRABAJO-INGENIERO_FIRMADO.pdf\">Bases espec\u00edficas reguladoras de la Bolsa de Trabajo.<\/a><\/p>\n<p style=\"font-weight: 400;\" data-mce-style=\"font-weight: 400;\">&#8211; <a href=\"https:\/\/valencia.consellagrari.com\/wp-content\/uploads\/2019\/06\/4.-Anexo-I-Modelo-de-instancia.pdf\" target=\"_blank\" rel=\"noopener noreferrer\" data-mce-href=\"https:\/\/valencia.consellagrari.com\/wp-content\/uploads\/2019\/06\/4.-Anexo-I-Modelo-de-instancia.pdf\">Instancia para participar en el proceso selectivo.<\/a><\/p>\n<p style=\"font-weight: 400;\" data-mce-style=\"font-weight: 400;\">&#8211; Presentaci\u00f3n de instancias: En las oficinas del Consell Agrari Municipal (Guillem de Castro, 51-4 de Val\u00e8ncia), de 9 a 14 horas, y en los lugares indicados en el art\u00edculo 16 de la Ley 39\/2015.<\/p>\n<p style=\"font-weight: 400;\" data-mce-style=\"font-weight: 400;\"><\/p>\n<p>[\/vc_column_text][\/vc_tta_section][\/vc_tta_accordion][\/vc_column][\/vc_row][vc_row][vc_column][vc_column_text]<\/p>\n<p><br data-mce-bogus=\"1\"><\/p>\n<p>[\/vc_column_text][\/vc_column][\/vc_row]<\/p>\n<\/div>","protected":false},"excerpt":{"rendered":"<p>[vc_row el_class=\u00bbpage-center\u00bb][vc_column][vc_column_text]Bolsa de Trabajo en orden a la realizaci\u00f3n de futuros nombramientos interinos\/as para cubrir, con car\u00e1cter excepcional, las necesidades urgentes e inaplazables, en la plaza de T\u00e9cnicos Medios de Dinamizaci\u00f3n e Inspecci\u00f3n del Medio Rural que habilita para el ejercicio de las funciones descritas en el Anexo II de las Bases del O.A.M. Consell&hellip;<\/p>\n","protected":false},"author":7,"featured_media":0,"parent":0,"menu_order":0,"comment_status":"closed","ping_status":"closed","template":"","meta":{"footnotes":""},"_links":{"self":[{"href":"https:\/\/valencia.consellagrari.com\/es\/wp-json\/wp\/v2\/pages\/6703"}],"collection":[{"href":"https:\/\/valencia.consellagrari.com\/es\/wp-json\/wp\/v2\/pages"}],"about":[{"href":"https:\/\/valencia.consellagrari.com\/es\/wp-json\/wp\/v2\/types\/page"}],"author":[{"embeddable":true,"href":"https:\/\/valencia.consellagrari.com\/es\/wp-json\/wp\/v2\/users\/7"}],"replies":[{"embeddable":true,"href":"https:\/\/valencia.consellagrari.com\/es\/wp-json\/wp\/v2\/comments?post=6703"}],"version-history":[{"count":0,"href":"https:\/\/valencia.consellagrari.com\/es\/wp-json\/wp\/v2\/pages\/6703\/revisions"}],"wp:attachment":[{"href":"https:\/\/valencia.consellagrari.com\/es\/wp-json\/wp\/v2\/media?parent=6703"}],"curies":[{"name":"wp","href":"https:\/\/api.w.org\/{rel}","templated":true}]}}