{"id":6760,"date":"2016-11-30T17:35:12","date_gmt":"2016-11-30T16:35:12","guid":{"rendered":"https:\/\/dev.consellagrari.com\/serveis-agraris\/"},"modified":"2022-02-16T11:16:22","modified_gmt":"2022-02-16T10:16:22","slug":"servicios-agrarios","status":"publish","type":"page","link":"https:\/\/valencia.consellagrari.com\/es\/servicios\/servicios-agrarios\/","title":{"rendered":"Servicios Agrarios"},"content":{"rendered":"<div class=\"wpb-content-wrapper\"><p>[vc_row el_class=\u00bbpage-center\u00bb][vc_column][vc_single_image source=\u00bbfeatured_image\u00bb img_size=\u00bblarge\u00bb alignment=\u00bbcenter\u00bb image_hovers=\u00bbfalse\u00bb el_class=\u00bbpage-featured-image\u00bb][vc_column_text]<div id=\"ccchildpages-1\" class=\"ccchildpages twocol simple ccclearfix\"><div class=\"ccchildpage  ccfirst ccodd ccpage-count-1 ccpage-id-6662 ccpage-guarderia-rural ccpage-has-parent ccpage-pid-6760 ccpage-parent-servicios-agrarios\"><h3 class=\"ccpage_linked_title\"><a class=\"ccpage_title_link\" href=\"https:\/\/valencia.consellagrari.com\/es\/servicios\/servicios-agrarios\/guarderia-rural\/\" title=\"Guarder\u00eda Rural\">Guarder\u00eda Rural<\/a><\/h3><div class=\"ccpages_excerpt\">[vc_row el_class=\"page-center\"][vc_column][vc_column_text]El Servicio de Guarder\u00eda Rural del Consell Agrari de Val\u00e8ncia presta las funciones de vigilancia, inspecci\u00f3n y control de la zona de huerta y marjal del t\u00e9rmino municipal de Val\u00e8ncia. A t\u00edtulo enunciativo le corresponde a la Guarder\u00eda Rural: Cuantas funciones derivan del Real Decreto 1.372\/1986, de 13 de junio, por el que se\u00a0...<\/div><p class=\"ccpages_more\"><a href=\"https:\/\/valencia.consellagrari.com\/es\/servicios\/servicios-agrarios\/guarderia-rural\/\"  title=\"\ud83e\udc12\">\ud83e\udc12<\/a><\/p><\/div><div class=\"ccchildpage  cclast cceven ccpage-count-2 ccpage-id-6744 ccpage-classificacio-de-vies-pecuaries ccpage-has-parent ccpage-pid-6760 ccpage-parent-servicios-agrarios\"><h3 class=\"ccpage_linked_title\"><a class=\"ccpage_title_link\" href=\"https:\/\/valencia.consellagrari.com\/es\/servicios\/servicios-agrarios\/classificacio-de-vies-pecuaries\/\" title=\"Clasificaci\u00f3n de V\u00edas Pecuarias\">Clasificaci\u00f3n de V\u00edas Pecuarias<\/a><\/h3><div class=\"ccpages_excerpt\">[vc_row el_class=\"page-center\"][vc_column][vc_column_text] La Junta de Gobierno Local de 19 de octubre de 2018 acord\u00f3: \u00abPedir a la Conseller\u00eda de Agricultura, Medio Ambiente, Cambio Clim\u00e1tico y Desarrollo Rural la reanudaci\u00f3n de los tr\u00e1mites para la clasificaci\u00f3n formal de la red de v\u00edas pecuarias en el t\u00e9rmino municipal de Val\u00e8ncia.\u00bb Se han comenzado los trabajos previos para...<\/div><p class=\"ccpages_more\"><a href=\"https:\/\/valencia.consellagrari.com\/es\/servicios\/servicios-agrarios\/classificacio-de-vies-pecuaries\/\"  title=\"\ud83e\udc12\">\ud83e\udc12<\/a><\/p><\/div><div class=\"ccchildpage  ccfirst ccodd ccpage-count-3 ccpage-id-6784 ccpage-lucha-contra-plagas ccpage-has-parent ccpage-pid-6760 ccpage-parent-servicios-agrarios\"><h3 class=\"ccpage_linked_title\"><a class=\"ccpage_title_link\" href=\"https:\/\/valencia.consellagrari.com\/es\/servicios\/servicios-agrarios\/lucha-contra-plagas\/\" title=\"Servicio de defensa contra plagas, epizootias e incendios agrarios\">Servicio de defensa contra plagas, epizootias e incendios agrarios<\/a><\/h3><div class=\"ccpages_excerpt\">[vc_row el_class=\"page-center\"][vc_column][vc_single_image source=\"featured_image\" img_size=\"large\" alignment=\"center\"][vc_column_text]Le corresponde al Consell Agrari de Val\u00e8ncia denunciar ante el Ayuntamiento o ante la Administraci\u00f3n competente la existencia de plagas, enfermedades y da\u00f1os causados por cualquier accidente natural o provocado. El Consell Agrari Municipal realiza anualmente el tratamiento de desratizaci\u00f3n en la zona de huerta y de marjal en el t\u00e9rmino...<\/div><p class=\"ccpages_more\"><a href=\"https:\/\/valencia.consellagrari.com\/es\/servicios\/servicios-agrarios\/lucha-contra-plagas\/\"  title=\"\ud83e\udc12\">\ud83e\udc12<\/a><\/p><\/div><div class=\"ccchildpage  cclast cceven ccpage-count-4 ccpage-id-6763 ccpage-infraestructuras-caminos-via-rurales-uso-agrario ccpage-has-parent ccpage-pid-6760 ccpage-parent-servicios-agrarios\"><h3 class=\"ccpage_linked_title\"><a class=\"ccpage_title_link\" href=\"https:\/\/valencia.consellagrari.com\/es\/servicios\/servicios-agrarios\/infraestructuras-caminos-via-rurales-uso-agrario\/\" title=\"Infraestructuras: Caminos y v\u00eda rurales de uso agrario\">Infraestructuras: Caminos y v\u00eda rurales de uso agrario<\/a><\/h3><div class=\"ccpages_excerpt\">[vc_row el_class=\"page-center\"][vc_column][vc_single_image source=\"featured_image\" img_size=\"large\" alignment=\"center\"][vc_column_text]La actuaci\u00f3n del Consell Agrari Municipal sobre las v\u00edas rurales persigue los fines siguientes: Vigilar el ejercicio de las potestades administrativas en defensa de la integridad de las v\u00edas rurales de titularidad municipal. Garantizar el uso p\u00fablico de las mismas tanto cuanto sirvan para facilitar el tr\u00e1nsito como cuando se adscriban...<\/div><p class=\"ccpages_more\"><a href=\"https:\/\/valencia.consellagrari.com\/es\/servicios\/servicios-agrarios\/infraestructuras-caminos-via-rurales-uso-agrario\/\"  title=\"\ud83e\udc12\">\ud83e\udc12<\/a><\/p><\/div><div class=\"ccchildpage  ccfirst ccodd ccpage-count-5 ccpage-id-6766 ccpage-mediacion-y-conciliacion-en-el-ambito-agrario ccpage-has-parent ccpage-pid-6760 ccpage-parent-servicios-agrarios\"><h3 class=\"ccpage_linked_title\"><a class=\"ccpage_title_link\" href=\"https:\/\/valencia.consellagrari.com\/es\/servicios\/servicios-agrarios\/mediacion-y-conciliacion-en-el-ambito-agrario\/\" title=\"Servicio de mediaci\u00f3n y conciliaciones agrarias\">Servicio de mediaci\u00f3n y conciliaciones agrarias<\/a><\/h3><div class=\"ccpages_excerpt\">[vc_row el_class=\"page-center\"][vc_column][vc_single_image source=\"featured_image\" img_size=\"large\" alignment=\"center\"][vc_column_text]Este servicio, que constituye un medio tradicional de soluci\u00f3n de controversias agrarias, que se prestar\u00e1 mediante la creaci\u00f3n de una Comisi\u00f3n de Conciliaci\u00f3n de naturaleza t\u00e9cnica nombrada por el Consell Agrari Municipal, a la cual se someter\u00e1, a requerimiento previo de los agricultores y agricultoras, el examen de la disputa de...<\/div><p class=\"ccpages_more\"><a href=\"https:\/\/valencia.consellagrari.com\/es\/servicios\/servicios-agrarios\/mediacion-y-conciliacion-en-el-ambito-agrario\/\"  title=\"\ud83e\udc12\">\ud83e\udc12<\/a><\/p><\/div><div class=\"ccchildpage  cclast cceven ccpage-count-6 ccpage-id-6767 ccpage-servicio-relaciones-agrarias ccpage-has-parent ccpage-pid-6760 ccpage-parent-servicios-agrarios\"><h3 class=\"ccpage_linked_title\"><a class=\"ccpage_title_link\" href=\"https:\/\/valencia.consellagrari.com\/es\/servicios\/servicios-agrarios\/servicio-relaciones-agrarias\/\" title=\"Servicio de relaciones agrarias\">Servicio de relaciones agrarias<\/a><\/h3><div class=\"ccpages_excerpt\">[vc_row el_class=\"page-center\"][vc_column][vc_single_image source=\"featured_image\" img_size=\"large\" alignment=\"center\"][vc_column_text] Informaci\u00f3n a todas las personas Titulares de Explotaciones Agrarias de las disposiciones de inter\u00e9s Agrario. Mantener las relaciones rec\u00edprocas de informaci\u00f3n con las Entidades de Riego, Cooperativas, Sociedades Agrarias de Transformaci\u00f3n, Entidades Culturales, Organizaciones Profesionales Agrarias. Informar al Ayuntamiento, y dem\u00e1s Administraciones P\u00fablicas de las necesidades y problemas del sector...<\/div><p class=\"ccpages_more\"><a href=\"https:\/\/valencia.consellagrari.com\/es\/servicios\/servicios-agrarios\/servicio-relaciones-agrarias\/\"  title=\"\ud83e\udc12\">\ud83e\udc12<\/a><\/p><\/div><div class=\"ccchildpage  ccfirst ccodd ccpage-count-7 ccpage-id-6740 ccpage-agenda ccpage-has-parent ccpage-pid-6760 ccpage-parent-servicios-agrarios\"><h3 class=\"ccpage_linked_title\"><a class=\"ccpage_title_link\" href=\"https:\/\/valencia.consellagrari.com\/es\/servicios\/servicios-agrarios\/agenda\/\" title=\"Fuegos y Quemas\">Fuegos y Quemas<\/a><\/h3><div class=\"ccpages_excerpt\">[vc_row el_class=\"page-center\"][vc_column][vc_single_image source=\"featured_image\" img_size=\"large\" alignment=\"center\"][vc_column_text]El t\u00e9rmino municipal de Val\u00e8ncia posee una zona de huerta que genera una gran demanda de utilizaci\u00f3n del fuego para la quema de restos agr\u00edcolas. Por ello, y con la finalidad de reducir el riesgo de incendios por el uso del fuego en las actividades agrarias, se redacto el Plan Local...<\/div><p class=\"ccpages_more\"><a href=\"https:\/\/valencia.consellagrari.com\/es\/servicios\/servicios-agrarios\/agenda\/\"  title=\"\ud83e\udc12\">\ud83e\udc12<\/a><\/p><\/div><div class=\"ccchildpage  cclast cceven ccpage-count-8 ccpage-id-6774 ccpage-huertos-urbanos-de-sociopolis ccpage-has-parent ccpage-pid-6760 ccpage-parent-servicios-agrarios\"><h3 class=\"ccpage_linked_title\"><a class=\"ccpage_title_link\" href=\"https:\/\/valencia.consellagrari.com\/es\/servicios\/servicios-agrarios\/huertos-urbanos-de-sociopolis\/\" title=\"Gesti\u00f3n de los Huertos Urbanos del Parque de la Torre (Soci\u00f3polis)\">Gesti\u00f3n de los Huertos Urbanos del Parque de la Torre (Soci\u00f3polis)<\/a><\/h3><div class=\"ccpages_excerpt\">[vc_row][vc_column][\/vc_column][\/vc_row][vc_row el_class=\"page-center\"][vc_column][vc_single_image source=\"featured_image\" img_size=\"large\" alignment=\"center\"][vc_column_text]Mediante acuerdo de la Junta de Gobierno Local de la ciudad de Val\u00e8ncia de fecha 9 de marzo de 2012, se encomend\u00f3 al Consell Agrari Municipal la gesti\u00f3n de los huertos urbanos ubicados en el interior del Parque Urbano de La Torre conocido como Soci\u00f3polis. Los objetivos que se persiguen con...<\/div><p class=\"ccpages_more\"><a href=\"https:\/\/valencia.consellagrari.com\/es\/servicios\/servicios-agrarios\/huertos-urbanos-de-sociopolis\/\"  title=\"\ud83e\udc12\">\ud83e\udc12<\/a><\/p><\/div><\/div>[\/vc_column_text][\/vc_column][\/vc_row]<\/p>\n<\/div>","protected":false},"excerpt":{"rendered":"<p>[vc_row el_class=\u00bbpage-center\u00bb][vc_column][vc_single_image source=\u00bbfeatured_image\u00bb img_size=\u00bblarge\u00bb alignment=\u00bbcenter\u00bb image_hovers=\u00bbfalse\u00bb el_class=\u00bbpage-featured-image\u00bb][vc_column_text][\/vc_column_text][\/vc_column][\/vc_row]<\/p>\n","protected":false},"author":7,"featured_media":5681,"parent":6659,"menu_order":1,"comment_status":"closed","ping_status":"closed","template":"","meta":{"footnotes":""},"_links":{"self":[{"href":"https:\/\/valencia.consellagrari.com\/es\/wp-json\/wp\/v2\/pages\/6760"}],"collection":[{"href":"https:\/\/valencia.consellagrari.com\/es\/wp-json\/wp\/v2\/pages"}],"about":[{"href":"https:\/\/valencia.consellagrari.com\/es\/wp-json\/wp\/v2\/types\/page"}],"author":[{"embeddable":true,"href":"https:\/\/valencia.consellagrari.com\/es\/wp-json\/wp\/v2\/users\/7"}],"replies":[{"embeddable":true,"href":"https:\/\/valencia.consellagrari.com\/es\/wp-json\/wp\/v2\/comments?post=6760"}],"version-history":[{"count":0,"href":"https:\/\/valencia.consellagrari.com\/es\/wp-json\/wp\/v2\/pages\/6760\/revisions"}],"up":[{"embeddable":true,"href":"https:\/\/valencia.consellagrari.com\/es\/wp-json\/wp\/v2\/pages\/6659"}],"wp:featuredmedia":[{"embeddable":true,"href":"https:\/\/valencia.consellagrari.com\/es\/wp-json\/wp\/v2\/media\/5681"}],"wp:attachment":[{"href":"https:\/\/valencia.consellagrari.com\/es\/wp-json\/wp\/v2\/media?parent=6760"}],"curies":[{"name":"wp","href":"https:\/\/api.w.org\/{rel}","templated":true}]}}