{"id":6763,"date":"2016-11-30T17:30:55","date_gmt":"2016-11-30T16:30:55","guid":{"rendered":"https:\/\/dev.consellagrari.com\/infraestructuras-caminos-via-rurales-uso-agrario\/"},"modified":"2022-02-22T11:54:45","modified_gmt":"2022-02-22T10:54:45","slug":"infraestructuras-caminos-via-rurales-uso-agrario","status":"publish","type":"page","link":"https:\/\/valencia.consellagrari.com\/es\/servicios\/servicios-agrarios\/infraestructuras-caminos-via-rurales-uso-agrario\/","title":{"rendered":"Infraestructuras: Caminos y v\u00eda rurales de uso agrario"},"content":{"rendered":"<div class=\"wpb-content-wrapper\"><p>[vc_row el_class=\u00bbpage-center\u00bb][vc_column][vc_single_image source=\u00bbfeatured_image\u00bb img_size=\u00bblarge\u00bb alignment=\u00bbcenter\u00bb][vc_column_text]La actuaci\u00f3n del Consell Agrari Municipal sobre las v\u00edas rurales persigue los fines siguientes:<\/p>\n<ul>\n<li>Vigilar el ejercicio de las potestades administrativas en defensa de la integridad de las v\u00edas rurales de titularidad municipal.<\/li>\n<li>Garantizar el uso p\u00fablico de las mismas tanto cuanto sirvan para facilitar el tr\u00e1nsito como cuando se adscriban a otros usos compatibles o complementarios.<\/li>\n<li>La reparaci\u00f3n y conservaci\u00f3n de los caminos de inter\u00e9s general, ser\u00e1 competencia del Ayuntamiento y del Consell Agrari Municipal, que velar\u00e1n por el buen uso y estado de los mismos, mediante planes de mejora que tendr\u00e1n su previsi\u00f3n econ\u00f3mica en los presupuestos municipales.<\/li>\n<li>El Consell Agrari Municipal podr\u00e1 proponer al Ayuntamiento, la inclusi\u00f3n de nuevos caminos al cat\u00e1logo de caminos rurales de inter\u00e9s general, por nueva apertura o por absorci\u00f3n de caminos de inter\u00e9s particular.<\/li>\n<\/ul>\n<p>[\/vc_column_text][\/vc_column][\/vc_row]<\/p>\n<\/div>","protected":false},"excerpt":{"rendered":"<p>[vc_row el_class=\u00bbpage-center\u00bb][vc_column][vc_single_image source=\u00bbfeatured_image\u00bb img_size=\u00bblarge\u00bb alignment=\u00bbcenter\u00bb][vc_column_text]La actuaci\u00f3n del Consell Agrari Municipal sobre las v\u00edas rurales persigue los fines siguientes: Vigilar el ejercicio de las potestades administrativas en defensa de la integridad de las v\u00edas rurales de titularidad municipal. Garantizar el uso p\u00fablico de las mismas tanto cuanto sirvan para facilitar el tr\u00e1nsito como cuando se adscriban&hellip;<\/p>\n","protected":false},"author":7,"featured_media":5705,"parent":6760,"menu_order":2,"comment_status":"closed","ping_status":"closed","template":"","meta":{"footnotes":""},"_links":{"self":[{"href":"https:\/\/valencia.consellagrari.com\/es\/wp-json\/wp\/v2\/pages\/6763"}],"collection":[{"href":"https:\/\/valencia.consellagrari.com\/es\/wp-json\/wp\/v2\/pages"}],"about":[{"href":"https:\/\/valencia.consellagrari.com\/es\/wp-json\/wp\/v2\/types\/page"}],"author":[{"embeddable":true,"href":"https:\/\/valencia.consellagrari.com\/es\/wp-json\/wp\/v2\/users\/7"}],"replies":[{"embeddable":true,"href":"https:\/\/valencia.consellagrari.com\/es\/wp-json\/wp\/v2\/comments?post=6763"}],"version-history":[{"count":0,"href":"https:\/\/valencia.consellagrari.com\/es\/wp-json\/wp\/v2\/pages\/6763\/revisions"}],"up":[{"embeddable":true,"href":"https:\/\/valencia.consellagrari.com\/es\/wp-json\/wp\/v2\/pages\/6760"}],"wp:featuredmedia":[{"embeddable":true,"href":"https:\/\/valencia.consellagrari.com\/es\/wp-json\/wp\/v2\/media\/5705"}],"wp:attachment":[{"href":"https:\/\/valencia.consellagrari.com\/es\/wp-json\/wp\/v2\/media?parent=6763"}],"curies":[{"name":"wp","href":"https:\/\/api.w.org\/{rel}","templated":true}]}}