{"id":6766,"date":"2016-10-26T10:17:01","date_gmt":"2016-10-26T08:17:01","guid":{"rendered":"https:\/\/dev.consellagrari.com\/serveis-agraris\/mediacion-y-conciliacion-en-el-ambito-agrario\/"},"modified":"2022-02-22T11:55:58","modified_gmt":"2022-02-22T10:55:58","slug":"mediacion-y-conciliacion-en-el-ambito-agrario","status":"publish","type":"page","link":"https:\/\/valencia.consellagrari.com\/es\/servicios\/servicios-agrarios\/mediacion-y-conciliacion-en-el-ambito-agrario\/","title":{"rendered":"Servicio de mediaci\u00f3n y conciliaciones agrarias"},"content":{"rendered":"<div class=\"wpb-content-wrapper\"><p>[vc_row el_class=\u00bbpage-center\u00bb][vc_column][vc_single_image source=\u00bbfeatured_image\u00bb img_size=\u00bblarge\u00bb alignment=\u00bbcenter\u00bb][vc_column_text]Este servicio, que constituye un medio tradicional de soluci\u00f3n de controversias agrarias, que se prestar\u00e1 mediante la creaci\u00f3n de una Comisi\u00f3n de Conciliaci\u00f3n de naturaleza t\u00e9cnica nombrada por el Consell Agrari Municipal, a la cual se someter\u00e1, a requerimiento previo de los agricultores y agricultoras, el examen de la disputa de naturaleza agraria producida, a fin de que proponga una soluci\u00f3n materializada en un informe de car\u00e1cter no vinculante.[\/vc_column_text][\/vc_column][\/vc_row]<\/p>\n<\/div>","protected":false},"excerpt":{"rendered":"<p>[vc_row el_class=\u00bbpage-center\u00bb][vc_column][vc_single_image source=\u00bbfeatured_image\u00bb img_size=\u00bblarge\u00bb alignment=\u00bbcenter\u00bb][vc_column_text]Este servicio, que constituye un medio tradicional de soluci\u00f3n de controversias agrarias, que se prestar\u00e1 mediante la creaci\u00f3n de una Comisi\u00f3n de Conciliaci\u00f3n de naturaleza t\u00e9cnica nombrada por el Consell Agrari Municipal, a la cual se someter\u00e1, a requerimiento previo de los agricultores y agricultoras, el examen de la disputa de&hellip;<\/p>\n","protected":false},"author":7,"featured_media":0,"parent":6760,"menu_order":3,"comment_status":"closed","ping_status":"closed","template":"","meta":{"footnotes":""},"_links":{"self":[{"href":"https:\/\/valencia.consellagrari.com\/es\/wp-json\/wp\/v2\/pages\/6766"}],"collection":[{"href":"https:\/\/valencia.consellagrari.com\/es\/wp-json\/wp\/v2\/pages"}],"about":[{"href":"https:\/\/valencia.consellagrari.com\/es\/wp-json\/wp\/v2\/types\/page"}],"author":[{"embeddable":true,"href":"https:\/\/valencia.consellagrari.com\/es\/wp-json\/wp\/v2\/users\/7"}],"replies":[{"embeddable":true,"href":"https:\/\/valencia.consellagrari.com\/es\/wp-json\/wp\/v2\/comments?post=6766"}],"version-history":[{"count":0,"href":"https:\/\/valencia.consellagrari.com\/es\/wp-json\/wp\/v2\/pages\/6766\/revisions"}],"up":[{"embeddable":true,"href":"https:\/\/valencia.consellagrari.com\/es\/wp-json\/wp\/v2\/pages\/6760"}],"wp:attachment":[{"href":"https:\/\/valencia.consellagrari.com\/es\/wp-json\/wp\/v2\/media?parent=6766"}],"curies":[{"name":"wp","href":"https:\/\/api.w.org\/{rel}","templated":true}]}}