{"id":6784,"date":"2016-11-21T10:35:56","date_gmt":"2016-11-21T09:35:56","guid":{"rendered":"https:\/\/dev.consellagrari.com\/servicis-oferits\/serveis-agraris\/lucha-contra-plagas\/"},"modified":"2022-02-22T11:53:59","modified_gmt":"2022-02-22T10:53:59","slug":"lucha-contra-plagas","status":"publish","type":"page","link":"https:\/\/valencia.consellagrari.com\/es\/servicios\/servicios-agrarios\/lucha-contra-plagas\/","title":{"rendered":"Servicio de defensa contra plagas, epizootias e incendios agrarios"},"content":{"rendered":"<div class=\"wpb-content-wrapper\"><p>[vc_row el_class=\u00bbpage-center\u00bb][vc_column][vc_single_image source=\u00bbfeatured_image\u00bb img_size=\u00bblarge\u00bb alignment=\u00bbcenter\u00bb][vc_column_text]Le corresponde al Consell Agrari de Val\u00e8ncia denunciar ante el Ayuntamiento o ante la Administraci\u00f3n competente la existencia de plagas, enfermedades y da\u00f1os causados por cualquier accidente natural o provocado.<\/p>\n<p>El Consell Agrari Municipal realiza anualmente el tratamiento de desratizaci\u00f3n en la zona de huerta y de marjal en el t\u00e9rmino municipal de Val\u00e8ncia.[\/vc_column_text][\/vc_column][\/vc_row]<\/p>\n<\/div>","protected":false},"excerpt":{"rendered":"<p>[vc_row el_class=\u00bbpage-center\u00bb][vc_column][vc_single_image source=\u00bbfeatured_image\u00bb img_size=\u00bblarge\u00bb alignment=\u00bbcenter\u00bb][vc_column_text]Le corresponde al Consell Agrari de Val\u00e8ncia denunciar ante el Ayuntamiento o ante la Administraci\u00f3n competente la existencia de plagas, enfermedades y da\u00f1os causados por cualquier accidente natural o provocado. El Consell Agrari Municipal realiza anualmente el tratamiento de desratizaci\u00f3n en la zona de huerta y de marjal en el t\u00e9rmino&hellip;<\/p>\n","protected":false},"author":7,"featured_media":5680,"parent":6760,"menu_order":2,"comment_status":"closed","ping_status":"closed","template":"","meta":{"footnotes":""},"_links":{"self":[{"href":"https:\/\/valencia.consellagrari.com\/es\/wp-json\/wp\/v2\/pages\/6784"}],"collection":[{"href":"https:\/\/valencia.consellagrari.com\/es\/wp-json\/wp\/v2\/pages"}],"about":[{"href":"https:\/\/valencia.consellagrari.com\/es\/wp-json\/wp\/v2\/types\/page"}],"author":[{"embeddable":true,"href":"https:\/\/valencia.consellagrari.com\/es\/wp-json\/wp\/v2\/users\/7"}],"replies":[{"embeddable":true,"href":"https:\/\/valencia.consellagrari.com\/es\/wp-json\/wp\/v2\/comments?post=6784"}],"version-history":[{"count":0,"href":"https:\/\/valencia.consellagrari.com\/es\/wp-json\/wp\/v2\/pages\/6784\/revisions"}],"up":[{"embeddable":true,"href":"https:\/\/valencia.consellagrari.com\/es\/wp-json\/wp\/v2\/pages\/6760"}],"wp:featuredmedia":[{"embeddable":true,"href":"https:\/\/valencia.consellagrari.com\/es\/wp-json\/wp\/v2\/media\/5680"}],"wp:attachment":[{"href":"https:\/\/valencia.consellagrari.com\/es\/wp-json\/wp\/v2\/media?parent=6784"}],"curies":[{"name":"wp","href":"https:\/\/api.w.org\/{rel}","templated":true}]}}