{"id":7093,"date":"2016-11-21T09:46:36","date_gmt":"2016-11-21T08:46:36","guid":{"rendered":"https:\/\/dev.consellagrari.com\/reserva-hidrica\/"},"modified":"2022-02-16T11:16:18","modified_gmt":"2022-02-16T10:16:18","slug":"reserva-hidrica","status":"publish","type":"page","link":"https:\/\/valencia.consellagrari.com\/es\/recursos\/reserva-hidrica\/","title":{"rendered":"Reserva h\u00eddrica"},"content":{"rendered":"<p>El <strong>Sistema Autom\u00e1tico de Informaci\u00f3n Hidrol\u00f3gica<\/strong> (SAIH) es un sistema de informaci\u00f3n encargado de captar, transmitir en tiempo real, procesar y presentar aquellos datos que describen el estado hidrol\u00f3gico e hidr\u00e1ulico de la cuenca, incluyendo por tanto, el conocimiento del r\u00e9gimen h\u00eddrico a lo largo de la red fluvial y el estado de las obras hidr\u00e1ulicas principales y de los dispositivos de control que en ellas se ubican. Para captar estas variables se utilizan dispositivos (sensores) que est\u00e1n en contacto directo con el medio, y est\u00e1n dotados de unos codificadores que proporcionan la se\u00f1al el\u00e9ctrica o l\u00f3gica del estado de la variable que se mide. Como tal sistema de informaci\u00f3n se apoya en una red de comunicaciones. Cada uno de los puntos de dicha red esta equipado con un sistema de adquisici\u00f3n y procesado de datos, para su posterior env\u00edo al Centro de Procesos en Val\u00e8ncia.<\/p>\n<p>Adem\u00e1s de su utilizaci\u00f3n para una mejor gesti\u00f3n de las posibles avenidas, el SAIH cumple hoy en d\u00eda una funci\u00f3n esencial en la optimizaci\u00f3n de la gesti\u00f3n de los recursos h\u00eddricos y en el control de los caudales ambientales.<\/p>\n<h3 style=\"text-align: center;\"><strong><a href=\"http:\/\/saih.chj.es\/chj\/saih\/?f\">Sistema Autom\u00e1tico de Informaci\u00f3n Hidrol\u00f3gica J\u00facar<\/a><\/strong><\/h3>\n<p><a href=\"http:\/\/saih.chj.es\/chj\/saih\/?f\" target=\"_blank\" rel=\"noopener\"><img loading=\"lazy\" decoding=\"async\" class=\"aligncenter wp-image-7098 size-full\" src=\"https:\/\/valencia.consellagrari.com\/wp-content\/uploads\/2021\/11\/saih-jucar.png\" alt=\"\" width=\"877\" height=\"766\" srcset=\"https:\/\/valencia.consellagrari.com\/wp-content\/uploads\/2021\/11\/saih-jucar.png 877w, https:\/\/valencia.consellagrari.com\/wp-content\/uploads\/2021\/11\/saih-jucar-600x524.png 600w, https:\/\/valencia.consellagrari.com\/wp-content\/uploads\/2021\/11\/saih-jucar-768x671.png 768w\" sizes=\"(max-width: 877px) 100vw, 877px\" \/><\/a><\/h3>\n","protected":false},"excerpt":{"rendered":"<p>El Sistema Autom\u00e1tico de Informaci\u00f3n Hidrol\u00f3gica (SAIH) es un sistema de informaci\u00f3n encargado de captar, transmitir en tiempo real, procesar y presentar aquellos datos que describen el estado hidrol\u00f3gico e hidr\u00e1ulico de la cuenca, incluyendo por tanto, el conocimiento del r\u00e9gimen h\u00eddrico a lo largo de la red fluvial y el estado de las obras&hellip;<\/p>\n","protected":false},"author":7,"featured_media":0,"parent":7835,"menu_order":2,"comment_status":"closed","ping_status":"closed","template":"","meta":{"footnotes":""},"_links":{"self":[{"href":"https:\/\/valencia.consellagrari.com\/es\/wp-json\/wp\/v2\/pages\/7093"}],"collection":[{"href":"https:\/\/valencia.consellagrari.com\/es\/wp-json\/wp\/v2\/pages"}],"about":[{"href":"https:\/\/valencia.consellagrari.com\/es\/wp-json\/wp\/v2\/types\/page"}],"author":[{"embeddable":true,"href":"https:\/\/valencia.consellagrari.com\/es\/wp-json\/wp\/v2\/users\/7"}],"replies":[{"embeddable":true,"href":"https:\/\/valencia.consellagrari.com\/es\/wp-json\/wp\/v2\/comments?post=7093"}],"version-history":[{"count":0,"href":"https:\/\/valencia.consellagrari.com\/es\/wp-json\/wp\/v2\/pages\/7093\/revisions"}],"up":[{"embeddable":true,"href":"https:\/\/valencia.consellagrari.com\/es\/wp-json\/wp\/v2\/pages\/7835"}],"wp:attachment":[{"href":"https:\/\/valencia.consellagrari.com\/es\/wp-json\/wp\/v2\/media?parent=7093"}],"curies":[{"name":"wp","href":"https:\/\/api.w.org\/{rel}","templated":true}]}}