{"id":7394,"date":"2021-11-29T12:02:06","date_gmt":"2021-11-29T11:02:06","guid":{"rendered":"https:\/\/dev.consellagrari.com\/junta-de-sindics\/normativa\/"},"modified":"2022-09-01T09:56:11","modified_gmt":"2022-09-01T07:56:11","slug":"normativa","status":"publish","type":"page","link":"https:\/\/valencia.consellagrari.com\/es\/junta-de-sindics\/normativa\/","title":{"rendered":"Normativa"},"content":{"rendered":"<div class=\"wpb-content-wrapper\"><p>[vc_row el_class=\u00bbpage-center\u00bb][vc_column][vc_single_image source=\u00bbfeatured_image\u00bb img_size=\u00bblarge\u00bb alignment=\u00bbcenter\u00bb image_hovers=\u00bbfalse\u00bb el_class=\u00bbpage-featured-image\u00bb][vc_column_text]El \u00e1mbito normativo de actuaci\u00f3n de la Junta de S\u00edndics Agraris est\u00e1 constituido por el Estatuto del Consell Agrari de Val\u00e8ncia y por la Ley 5\/1995, de 20 de marzo, de la Generalitat Val\u00e8nciana, de Consejos Agrarios Municipales[\/vc_column_text][vc_row_inner][vc_column_inner width=\u00bb1\/2&#8243;][vc_column_text]<div class='w3eden'><div class=\"card bg-light c2a4 mt-2 mb-2\">\n    <div class=\"card-body text-center pb-4\">\n        <div class=\"text-center wicon\">\n            \n        <\/div>\n        <h3 class=\"p-0 m-0 mb-2\"><a style=\"font-weight: 700\" target=\"_blank\" href=\"https:\/\/valencia.consellagrari.com\/es\/download\/estatuto-del-organismo-autonomo-consell-agrari-municipal-de-valencia\/?wpdmdl=7834&refresh=6a057245643951778741829\">Estatutos del Organismo Aut\u00f3nomo Consell Agrari de Val\u00e8ncia<\/a><\/h3>\n        <p><p>BOP n\u00fam. 165, de fecha 29 de agosto de 2022<\/p>\n<\/p>\n        <div class=\"text-muted text-small\"><i class=\"fas fa-hdd\"><\/i> 127.11 KB<\/div>\n    <\/div>\n    <div class=\"card-footer text-center\">\n            <div class=\"d-button d-inline-block\"><a class='wpdm-download-link download-on-click btn btn-primary ' rel='nofollow' href='#' data-downloadurl=\"https:\/\/valencia.consellagrari.com\/es\/download\/estatuto-del-organismo-autonomo-consell-agrari-municipal-de-valencia\/?wpdmdl=7834&refresh=6a057245643951778741829\">Descargar<\/a><\/div>\n    <\/div>\n<\/div>\n<style>\n    .w3eden .c2a4 .wpdm_icon{ height: 64px !important; width: auto; }  .well.c2a4 .media-body{ font-size: 11pt; }\n    .w3eden .c2a4 .wicon img{ border-radius: 500px; max-width: 96px;margin: 5px auto 25px; }\n    .w3eden .c2a4 .btn{ border-radius: 50px; font-weight: 500; margin: 0 3px; padding: 0 25px; height: 36px; line-height: 36px; font-size: 12px; }\n<\/style>\n<\/div>[\/vc_column_text][\/vc_column_inner][vc_column_inner width=\u00bb1\/2&#8243;][vc_column_text]<div class='w3eden'><div class=\"card bg-light c2a4 mt-2 mb-2\">\n    <div class=\"card-body text-center pb-4\">\n        <div class=\"text-center wicon\">\n            \n        <\/div>\n        <h3 class=\"p-0 m-0 mb-2\"><a style=\"font-weight: 700\" target=\"_blank\" href=\"https:\/\/valencia.consellagrari.com\/es\/download\/ley-de-consejos-agrarios-municipales\/?wpdmdl=8155&refresh=6a057245751a41778741829\">Ley de consejos Agrarios Municipales<\/a><\/h3>\n        <p><p>BOE n.\u00ba 101, de fecha 28 de abril de 1995<\/p>\n<\/p>\n        <div class=\"text-muted text-small\"><i class=\"fas fa-hdd\"><\/i> 0.00 KB<\/div>\n    <\/div>\n    <div class=\"card-footer text-center\">\n            <div class=\"d-button d-inline-block\"><a class=\"wpdm-download-link download-on-click btn btn-primary \" target=\"_blank\" rel=\"nofollow\" href=\"#\" data-downloadurl=\"https:\/\/valencia.consellagrari.com\/es\/download\/ley-de-consejos-agrarios-municipales\/?wpdmdl=8155&refresh=6a057245751a41778741829\"><i class=\"icomoon-the7-font-the7-link-02\"><\/i><\/a><\/div>\n    <\/div>\n<\/div>\n<\/div>[\/vc_column_text][\/vc_column_inner][\/vc_row_inner][\/vc_column][\/vc_row]<\/p>\n<\/div>","protected":false},"excerpt":{"rendered":"<p>[vc_row el_class=\u00bbpage-center\u00bb][vc_column][vc_single_image source=\u00bbfeatured_image\u00bb img_size=\u00bblarge\u00bb alignment=\u00bbcenter\u00bb image_hovers=\u00bbfalse\u00bb el_class=\u00bbpage-featured-image\u00bb][vc_column_text]El \u00e1mbito normativo de actuaci\u00f3n de la Junta de S\u00edndics Agraris est\u00e1 constituido por el Estatuto del Consell Agrari de Val\u00e8ncia y por la Ley 5\/1995, de 20 de marzo, de la Generalitat Val\u00e8nciana, de Consejos Agrarios Municipales[\/vc_column_text][vc_row_inner][vc_column_inner width=\u00bb1\/2&#8243;][vc_column_text][\/vc_column_text][\/vc_column_inner][vc_column_inner width=\u00bb1\/2&#8243;][vc_column_text][\/vc_column_text][\/vc_column_inner][\/vc_row_inner][\/vc_column][\/vc_row]<\/p>\n","protected":false},"author":7,"featured_media":0,"parent":6646,"menu_order":0,"comment_status":"closed","ping_status":"closed","template":"","meta":{"footnotes":""},"_links":{"self":[{"href":"https:\/\/valencia.consellagrari.com\/es\/wp-json\/wp\/v2\/pages\/7394"}],"collection":[{"href":"https:\/\/valencia.consellagrari.com\/es\/wp-json\/wp\/v2\/pages"}],"about":[{"href":"https:\/\/valencia.consellagrari.com\/es\/wp-json\/wp\/v2\/types\/page"}],"author":[{"embeddable":true,"href":"https:\/\/valencia.consellagrari.com\/es\/wp-json\/wp\/v2\/users\/7"}],"replies":[{"embeddable":true,"href":"https:\/\/valencia.consellagrari.com\/es\/wp-json\/wp\/v2\/comments?post=7394"}],"version-history":[{"count":0,"href":"https:\/\/valencia.consellagrari.com\/es\/wp-json\/wp\/v2\/pages\/7394\/revisions"}],"up":[{"embeddable":true,"href":"https:\/\/valencia.consellagrari.com\/es\/wp-json\/wp\/v2\/pages\/6646"}],"wp:attachment":[{"href":"https:\/\/valencia.consellagrari.com\/es\/wp-json\/wp\/v2\/media?parent=7394"}],"curies":[{"name":"wp","href":"https:\/\/api.w.org\/{rel}","templated":true}]}}