{"id":7397,"date":"2021-11-29T12:03:28","date_gmt":"2021-11-29T11:03:28","guid":{"rendered":"https:\/\/dev.consellagrari.com\/?page_id=7397"},"modified":"2023-09-26T09:24:45","modified_gmt":"2023-09-26T07:24:45","slug":"tramites-de-incorporacion","status":"publish","type":"page","link":"https:\/\/valencia.consellagrari.com\/es\/junta-de-sindics\/tramites-de-incorporacion\/","title":{"rendered":"Tr\u00e1mites de incorporaci\u00f3n"},"content":{"rendered":"<div class=\"wpb-content-wrapper\"><p>[vc_row el_class=\u00bbpage-center\u00bb][vc_column][vc_single_image source=\u00bbfeatured_image\u00bb img_size=\u00bblarge\u00bb alignment=\u00bbcenter\u00bb image_hovers=\u00bbfalse\u00bb el_class=\u00bbpage-featured-image\u00bb][vc_column_text]<strong>La renovaci\u00f3n de la Junta de S\u00edndics Agraris se produce al inicio de cada legislatura, tras la constituci\u00f3n de la Corporaci\u00f3n Municipal del Ayuntamiento de Val\u00e8ncia.<\/strong><\/p>\n<p>El procedimiento que se sigue es el siguiente:<\/p>\n<ol>\n<li>Anuncio en la web institucional del organismo de la apertura del plazo de 10 d\u00edas h\u00e1biles para que nuevas entidades y organismos agrarios con implantaci\u00f3n en el t\u00e9rmino municipal de Val\u00e8ncia puedan incorporarse como miembros de la Junta de S\u00edndics Agraris.<\/li>\n<li>Comunicaci\u00f3n a las entidades agrarias para que en un plazo de 10 d\u00edas h\u00e1biles remitan a la direcci\u00f3n de correo electr\u00f3nico consellagrari@valencia.es con el asunto: \u2018Renovaci\u00f3n de miembros de la Junta de S\u00edndics del Consell Agrari Municipal\u2019 los datos del titular y del suplente designados para representar a la entidad, mediante el modelo de anexo que se acompa\u00f1a a la comunicaci\u00f3n.<\/li>\n<li>Aprobaci\u00f3n por la Vicepresidencia del Consell Agrari Municipal de Val\u00e8ncia, que dar\u00e1 cuenta al Consell Rector en la primera sesi\u00f3n que se celebre.<\/li>\n<li>Comunicaci\u00f3n de los nombramientos a la Conselleria de Agricultura, Desarrollo Rural, Emergencia Clim\u00e1tica y Transici\u00f3n Ecol\u00f3gica.<\/li>\n<\/ol>\n<p>[\/vc_column_text][vc_basic_grid post_type=\u00bbpost\u00bb max_items=\u00bb-1&#8243; element_width=\u00bb12&#8243; item=\u00bb8770&#8243; initial_loading_animation=\u00bbnone\u00bb grid_id=\u00bbvc_gid:1695713002204-b97972ca-8e8c-6&#8243; taxonomies=\u00bb771, 773&#8243;][\/vc_column][\/vc_row]<\/p>\n<\/div>","protected":false},"excerpt":{"rendered":"<p>[vc_row el_class=\u00bbpage-center\u00bb][vc_column][vc_single_image source=\u00bbfeatured_image\u00bb img_size=\u00bblarge\u00bb alignment=\u00bbcenter\u00bb image_hovers=\u00bbfalse\u00bb el_class=\u00bbpage-featured-image\u00bb][vc_column_text]La renovaci\u00f3n de la Junta de S\u00edndics Agraris se produce al inicio de cada legislatura, tras la constituci\u00f3n de la Corporaci\u00f3n Municipal del Ayuntamiento de Val\u00e8ncia. El procedimiento que se sigue es el siguiente: Anuncio en la web institucional del organismo de la apertura del plazo de 10 d\u00edas&hellip;<\/p>\n","protected":false},"author":7,"featured_media":0,"parent":6646,"menu_order":0,"comment_status":"closed","ping_status":"closed","template":"","meta":{"footnotes":""},"_links":{"self":[{"href":"https:\/\/valencia.consellagrari.com\/es\/wp-json\/wp\/v2\/pages\/7397"}],"collection":[{"href":"https:\/\/valencia.consellagrari.com\/es\/wp-json\/wp\/v2\/pages"}],"about":[{"href":"https:\/\/valencia.consellagrari.com\/es\/wp-json\/wp\/v2\/types\/page"}],"author":[{"embeddable":true,"href":"https:\/\/valencia.consellagrari.com\/es\/wp-json\/wp\/v2\/users\/7"}],"replies":[{"embeddable":true,"href":"https:\/\/valencia.consellagrari.com\/es\/wp-json\/wp\/v2\/comments?post=7397"}],"version-history":[{"count":0,"href":"https:\/\/valencia.consellagrari.com\/es\/wp-json\/wp\/v2\/pages\/7397\/revisions"}],"up":[{"embeddable":true,"href":"https:\/\/valencia.consellagrari.com\/es\/wp-json\/wp\/v2\/pages\/6646"}],"wp:attachment":[{"href":"https:\/\/valencia.consellagrari.com\/es\/wp-json\/wp\/v2\/media?parent=7397"}],"curies":[{"name":"wp","href":"https:\/\/api.w.org\/{rel}","templated":true}]}}