{"id":7411,"date":"2021-12-01T11:46:46","date_gmt":"2021-12-01T10:46:46","guid":{"rendered":"https:\/\/dev.consellagrari.com\/venta-directa-y-canales-cortos-de-comercializacion\/tires-de-comptar\/"},"modified":"2022-02-16T11:16:23","modified_gmt":"2022-02-16T10:16:23","slug":"tires-de-comptar","status":"publish","type":"page","link":"https:\/\/valencia.consellagrari.com\/es\/venta-directa\/tires-de-comptar\/","title":{"rendered":"Tires de comptar"},"content":{"rendered":"<div class=\"wpb-content-wrapper\"><p>[vc_row el_class=\u00bbpage-center\u00bb][vc_column][vc_single_image source=\u00bbfeatured_image\u00bb img_size=\u00bblarge\u00bb alignment=\u00bbcenter\u00bb image_hovers=\u00bbfalse\u00bb el_class=\u00bbpage-featured-image\u00bb][vc_column_text]Las Tiras de Contar forman parte, de manera destacada, del conjunto de tradiciones locales tercamente resilientes que conforman y mantienen la identidad y singularidad de nuestra ciudad contra la inercia globalizadora inherente a una gran ciudad.<\/p>\n<p>Estas plataformas, donde agricultores y agricultoras de la Huerta de Val\u00e8ncia ejercen el derecho de venta directa de su producto hortofrut\u00edcola, son la expresi\u00f3n de un derecho compartido entre toda la ciudadan\u00eda valenciana. No solo representa un derecho para las personas que sostienen nuestro patrimonio natural y productivo m\u00e1s preciado -l\u2019Horta de Val\u00e8ncia- de vender sus productos de manera directa sino que tambi\u00e9n representa para el conjunto de la ciudad el derecho de acceso a un producto alimenticio fresco, cercano, de temporada.<\/p>\n<p>Se pierde en el tiempo y en la memoria cu\u00e1ndo y c\u00f3mo comenz\u00f3 la tradici\u00f3n. Seguramente acompa\u00f1a a la ciudad de Val\u00e8ncia desde sus or\u00edgenes inextricablemente relacionados con la Huerta. Actualmente la costumbre se manifiesta cada madrugada en Mercavalencia donde una media de trescientas personas se re\u00fanen para ofrecer su producto reci\u00e9n cosechado a los puestos de los mercados municipales y al peque\u00f1o comercio local que a primera hora de la ma\u00f1ana lo pondr\u00e1n a la venta con una frescura insuperable. Pero tambi\u00e9n toma forma en las proximidades de dos mercados municipales de distrito. En el Cabanyal, a lo largo de la semana, los jueves y s\u00e1bados por la ma\u00f1ana; en el mercado de Moss\u00e9n Sorell, en el barrio del Carmen, cada s\u00e1bado, tambi\u00e9n por la ma\u00f1ana<\/p>\n<h3>Horarios<\/h3>\n<ul>\n<li><strong>Mossen Sorell:<\/strong> s\u00e1bado de 8 a 14h<\/li>\n<li><strong>Cabanyal:<\/strong> de jueves a s\u00e1bado de 8 a 14h<\/li>\n<\/ul>\n<p>[\/vc_column_text]<div id=\"ultimate-heading-628069e8a60f410b3\" class=\"uvc-heading ult-adjust-bottom-margin ultimate-heading-628069e8a60f410b3 uvc-9443  uvc-heading-default-font-sizes\" data-hspacer=\"no_spacer\"  data-halign=\"center\" style=\"text-align:center\"><div class=\"uvc-heading-spacer no_spacer\" style=\"top\"><\/div><div class=\"uvc-main-heading ult-responsive\"  data-ultimate-target='.uvc-heading.ultimate-heading-628069e8a60f410b3 h2'  data-responsive-json-new='{\"font-size\":\"\",\"line-height\":\"\"}' ><h2 style=\"--font-weight:theme;\">Productoras y productores<\/h2><\/div><div class=\"uvc-sub-heading ult-responsive\"  data-ultimate-target='.uvc-heading.ultimate-heading-628069e8a60f410b3 .uvc-sub-heading '  data-responsive-json-new='{\"font-size\":\"\",\"line-height\":\"\"}'  style=\"font-weight:normal;\">\u00a0<\/div><\/div>[\/vc_column][\/vc_row][vc_row][vc_column][vc_basic_grid post_type=\u00bbfitxa\u00bb max_items=\u00bb-1&#8243; orderby=\u00bbtitle\u00bb item=\u00bb7361&#8243; grid_id=\u00bbvc_gid:1644425376864-6dca0b91-fc28-7&#8243; taxonomies=\u00bb386&#8243;][\/vc_column][\/vc_row]<\/p>\n<\/div>","protected":false},"excerpt":{"rendered":"<p>[vc_row el_class=\u00bbpage-center\u00bb][vc_column][vc_single_image source=\u00bbfeatured_image\u00bb img_size=\u00bblarge\u00bb alignment=\u00bbcenter\u00bb image_hovers=\u00bbfalse\u00bb el_class=\u00bbpage-featured-image\u00bb][vc_column_text]Las Tiras de Contar forman parte, de manera destacada, del conjunto de tradiciones locales tercamente resilientes que conforman y mantienen la identidad y singularidad de nuestra ciudad contra la inercia globalizadora inherente a una gran ciudad. Estas plataformas, donde agricultores y agricultoras de la Huerta de Val\u00e8ncia ejercen el&hellip;<\/p>\n","protected":false},"author":7,"featured_media":7152,"parent":6722,"menu_order":0,"comment_status":"closed","ping_status":"closed","template":"","meta":{"footnotes":""},"_links":{"self":[{"href":"https:\/\/valencia.consellagrari.com\/es\/wp-json\/wp\/v2\/pages\/7411"}],"collection":[{"href":"https:\/\/valencia.consellagrari.com\/es\/wp-json\/wp\/v2\/pages"}],"about":[{"href":"https:\/\/valencia.consellagrari.com\/es\/wp-json\/wp\/v2\/types\/page"}],"author":[{"embeddable":true,"href":"https:\/\/valencia.consellagrari.com\/es\/wp-json\/wp\/v2\/users\/7"}],"replies":[{"embeddable":true,"href":"https:\/\/valencia.consellagrari.com\/es\/wp-json\/wp\/v2\/comments?post=7411"}],"version-history":[{"count":0,"href":"https:\/\/valencia.consellagrari.com\/es\/wp-json\/wp\/v2\/pages\/7411\/revisions"}],"up":[{"embeddable":true,"href":"https:\/\/valencia.consellagrari.com\/es\/wp-json\/wp\/v2\/pages\/6722"}],"wp:featuredmedia":[{"embeddable":true,"href":"https:\/\/valencia.consellagrari.com\/es\/wp-json\/wp\/v2\/media\/7152"}],"wp:attachment":[{"href":"https:\/\/valencia.consellagrari.com\/es\/wp-json\/wp\/v2\/media?parent=7411"}],"curies":[{"name":"wp","href":"https:\/\/api.w.org\/{rel}","templated":true}]}}