{"id":7835,"date":"2016-11-21T09:29:21","date_gmt":"2016-11-21T08:29:21","guid":{"rendered":"https:\/\/valencia.consellagrari.com\/recursos\/"},"modified":"2022-06-20T15:40:16","modified_gmt":"2022-06-20T13:40:16","slug":"recursos","status":"publish","type":"page","link":"https:\/\/valencia.consellagrari.com\/es\/recursos\/","title":{"rendered":"Recursos"},"content":{"rendered":"<div class=\"wpb-content-wrapper\"><p>[vc_row el_class=\u00bbpage-center\u00bb][vc_column][vc_single_image source=\u00bbfeatured_image\u00bb img_size=\u00bblarge\u00bb alignment=\u00bbcenter\u00bb image_hovers=\u00bbfalse\u00bb el_class=\u00bbpage-featured-image\u00bb][vc_column_text]<div id=\"ccchildpages-1\" class=\"ccchildpages twocol simple ccclearfix\"><div class=\"ccchildpage  ccfirst ccodd ccpage-count-1 ccpage-id-6726 ccpage-documentacion ccpage-has-parent ccpage-pid-7835 ccpage-parent-recursos\"><h3 class=\"ccpage_linked_title\"><a class=\"ccpage_title_link\" href=\"https:\/\/valencia.consellagrari.com\/es\/recursos\/documentacion\/\" title=\"Documentaci\u00f3n\">Documentaci\u00f3n<\/a><\/h3><div class=\"ccpages_excerpt\">Ordenar por: Fecha de publicaci\u00f3n T\u00edtulo Fecha de actualizaci\u00f3n Descargas Visitas Orden: Descendente Ascendente Aplicar el filtro Derecho Foral Valenciano 333.84 KB Descargar LEY 3\/2013, de 26 de julio, de la Generalitat, de los Contratos y otras Relaciones Jur\u00eddicas Agrarias Comunicaci\u00f3n previa de aportaci\u00f3n de abono org\u00e1nico 1.06 MB Descargar Modelo de instancia para la...<\/div><p class=\"ccpages_more\"><a href=\"https:\/\/valencia.consellagrari.com\/es\/recursos\/documentacion\/\"  title=\"\ud83e\udc12\">\ud83e\udc12<\/a><\/p><\/div><div class=\"ccchildpage  cclast cceven ccpage-count-2 ccpage-id-6731 ccpage-meteorologia ccpage-has-parent ccpage-pid-7835 ccpage-parent-recursos\"><h3 class=\"ccpage_linked_title\"><a class=\"ccpage_title_link\" href=\"https:\/\/valencia.consellagrari.com\/es\/recursos\/meteorologia\/\" title=\"Meteorolog\u00eda\">Meteorolog\u00eda<\/a><\/h3><div class=\"ccpages_excerpt\">[wcp_weather id=\"wcp_openweather_5832c572cc1ce\" city=\"2509954\" tempUnit=\"c\" windSpeedUnit=\"ms\" pressureUnit=\"mmHg\" template=\"default\" showCurrentWeather=\"on\" showForecastWeather=\"on\"]<\/div><p class=\"ccpages_more\"><a href=\"https:\/\/valencia.consellagrari.com\/es\/recursos\/meteorologia\/\"  title=\"\ud83e\udc12\">\ud83e\udc12<\/a><\/p><\/div><div class=\"ccchildpage  ccfirst ccodd ccpage-count-3 ccpage-id-7093 ccpage-reserva-hidrica ccpage-has-parent ccpage-pid-7835 ccpage-parent-recursos\"><h3 class=\"ccpage_linked_title\"><a class=\"ccpage_title_link\" href=\"https:\/\/valencia.consellagrari.com\/es\/recursos\/reserva-hidrica\/\" title=\"Reserva h\u00eddrica\">Reserva h\u00eddrica<\/a><\/h3><div class=\"ccpages_excerpt\">El Sistema Autom\u00e1tico de Informaci\u00f3n Hidrol\u00f3gica (SAIH) es un sistema de informaci\u00f3n encargado de captar, transmitir en tiempo real, procesar y presentar aquellos datos que describen el estado hidrol\u00f3gico e hidr\u00e1ulico de la cuenca, incluyendo por tanto, el conocimiento del r\u00e9gimen h\u00eddrico a lo largo de la red fluvial y el estado de las obras...<\/div><p class=\"ccpages_more\"><a href=\"https:\/\/valencia.consellagrari.com\/es\/recursos\/reserva-hidrica\/\"  title=\"\ud83e\udc12\">\ud83e\udc12<\/a><\/p><\/div><div class=\"ccchildpage  cclast cceven ccpage-count-4 ccpage-id-7105 ccpage-organismos-y-administraciones-vinculadas ccpage-has-parent ccpage-pid-7835 ccpage-parent-recursos\"><h3 class=\"ccpage_linked_title\"><a class=\"ccpage_title_link\" href=\"https:\/\/valencia.consellagrari.com\/es\/recursos\/organismos-y-administraciones-vinculadas\/\" title=\"Organismos y administraciones vinculadas\">Organismos y administraciones vinculadas<\/a><\/h3><div class=\"ccpages_excerpt\">[vc_row css=\".vc_custom_1643213440955{background-color: #9aacb0 !important;}\"][vc_column width=\"1\/3\"] Uni\u00f3n Europea [\/vc_column][vc_column width=\"1\/3\"] Ministerio de Agricultura [\/vc_column][vc_column width=\"1\/3\"] Ayuntamiento de Val\u00e8ncia [\/vc_column][\/vc_row][vc_row css=\".vc_custom_1643213467516{background-color: #9aacb0 !important;}\"][vc_column width=\"1\/3\"] Conselleria de Agricultura [\/vc_column][vc_column width=\"1\/3\"] Mercaval\u00e8ncia [\/vc_column][vc_column width=\"1\/3\"] Lonja de c\u00edtricos [\/vc_column][\/vc_row][vc_row css=\".vc_custom_1643213744776{margin-bottom: 30px !important;}\"][vc_column]Instituciones y entidades de la Junta de S\u00edndics Agraris (2019-2023)[\/vc_column][\/vc_row][vc_section css=\".vc_custom_1643213937280{background-color: #8ac640 !important;}\"][vc_row][vc_column width=\"1\/3\"] LA UNI\u00d3 DE LLAURADORS I...<\/div><p class=\"ccpages_more\"><a href=\"https:\/\/valencia.consellagrari.com\/es\/recursos\/organismos-y-administraciones-vinculadas\/\"  title=\"\ud83e\udc12\">\ud83e\udc12<\/a><\/p><\/div><\/div>[\/vc_column_text][\/vc_column][\/vc_row]<\/p>\n<\/div>","protected":false},"excerpt":{"rendered":"<p>[vc_row el_class=\u00bbpage-center\u00bb][vc_column][vc_single_image source=\u00bbfeatured_image\u00bb img_size=\u00bblarge\u00bb alignment=\u00bbcenter\u00bb image_hovers=\u00bbfalse\u00bb el_class=\u00bbpage-featured-image\u00bb][vc_column_text][\/vc_column_text][\/vc_column][\/vc_row]<\/p>\n","protected":false},"author":7,"featured_media":0,"parent":0,"menu_order":0,"comment_status":"closed","ping_status":"closed","template":"","meta":{"footnotes":""},"_links":{"self":[{"href":"https:\/\/valencia.consellagrari.com\/es\/wp-json\/wp\/v2\/pages\/7835"}],"collection":[{"href":"https:\/\/valencia.consellagrari.com\/es\/wp-json\/wp\/v2\/pages"}],"about":[{"href":"https:\/\/valencia.consellagrari.com\/es\/wp-json\/wp\/v2\/types\/page"}],"author":[{"embeddable":true,"href":"https:\/\/valencia.consellagrari.com\/es\/wp-json\/wp\/v2\/users\/7"}],"replies":[{"embeddable":true,"href":"https:\/\/valencia.consellagrari.com\/es\/wp-json\/wp\/v2\/comments?post=7835"}],"version-history":[{"count":0,"href":"https:\/\/valencia.consellagrari.com\/es\/wp-json\/wp\/v2\/pages\/7835\/revisions"}],"wp:attachment":[{"href":"https:\/\/valencia.consellagrari.com\/es\/wp-json\/wp\/v2\/media?parent=7835"}],"curies":[{"name":"wp","href":"https:\/\/api.w.org\/{rel}","templated":true}]}}