{"id":171,"date":"2018-03-16T13:25:41","date_gmt":"2018-03-16T13:25:41","guid":{"rendered":"https:\/\/hortasociopolis.wordpress.com\/?page_id=171"},"modified":"2018-05-25T00:23:24","modified_gmt":"2018-05-24T22:23:24","slug":"objectius","status":"publish","type":"page","link":"https:\/\/valencia.consellagrari.com\/hortsurbanslatorre\/objectius\/","title":{"rendered":"Objectius"},"content":{"rendered":"<p style=\"text-align: right;\"><em>(En castellano m\u00e1s abajo)<\/em><\/p>\n<p>Els horts es plantegen com a espais regulats en els quals, a trav\u00e9s del programa municipal, s&#8217;adjudica per un per\u00edode determinat de temps un terreny p\u00fablic als participants.<\/p>\n<p>La tend\u00e8ncia \u00e9s a que siguen autosuficients i siguen les mateixes persones les encarregades de la seua correcta gesti\u00f3, sent els fruits obtinguts per a l&#8217;autoconsum i no per a la venda.<\/p>\n<p>Els <strong>objectius<\/strong> que es persegueixen amb els Horts Urbans del Parc de La Torre (Soci\u00f3polis) s\u00f3n els seg\u00fcents:<\/p>\n<ol>\n<li>Conservaci\u00f3 de superf\u00edcie d&#8217;horta en el terme municipal de Val\u00e8ncia.<\/li>\n<li>Oferir un espai d&#8217;esplai, contacte amb la naturalesa i activitat rural al ve\u00efnat de Val\u00e8ncia.<\/li>\n<li>Fomentar la participaci\u00f3 ciutadana en el manteniment de l&#8217;activitat agr\u00edcola i els cultius aut\u00f2ctons.<\/li>\n<li>Generar espais de biodiversitat i millora del paisatge urb\u00e0.<\/li>\n<li>Promoure bones pr\u00e0ctiques ambientals de cultiu: gesti\u00f3 dels residus, estalvi d&#8217;aigua, recuperaci\u00f3 d&#8217;usos i costums de l&#8217;agricultura tradicional (la que avui anomenem ecol\u00f2gica), etc.<\/li>\n<li>Potenciar el car\u00e0cter educatiu i l\u00fadic dels horts.<\/li>\n<li>Establir i valorar les relacions entre el mitj\u00e0 natural i rural i les activitats ve\u00efnals de Val\u00e8ncia, immerses en un mitj\u00e0 urb\u00e0.<\/li>\n<li>Promoure una alimentaci\u00f3 sana i h\u00e0bits de vida saludables.<\/li>\n<li>Impulsar un major coneixement i respecte pel medi ambient.<\/li>\n<\/ol>\n<p>&nbsp;<\/p>\n<hr \/>\n<h1 style=\"text-align: center;\">Objetivos<\/h1>\n<p><em>Los huertos se plantean como espacios regulados en los que, a trav\u00e9s del programa municipal, se adjudica por un periodo determinado de tiempo un terreno p\u00fablico a los participantes.<\/em><\/p>\n<p><em>La tendencia es a que sean autosuficientes y sean las propias personas las encargadas de su correcta gesti\u00f3n, siendo los frutos obtenidos para el autoconsumo y no para la venta.<\/em><\/p>\n<p><em>Los <strong>objetivos<\/strong> que se persiguen con los Huertos Urbanos del Parque de La Torre (Soci\u00f3polis) son los siguientes:<\/em><\/p>\n<ol>\n<li><em>Conservaci\u00f3n de superficie de huerta en el t\u00e9rmino municipal de Valencia.<\/em><\/li>\n<li><em>Ofrecer un espacio de esparcimiento, contacto con la naturaleza y actividad rural al vecindario de Valencia.<\/em><\/li>\n<li><em>Fomentar la participaci\u00f3n ciudadana en el mantenimiento de la actividad agr\u00edcola y los cultivos aut\u00f3ctonos.<\/em><\/li>\n<li><em>Generar espacios de biodiversidad y mejora del paisaje urbano.<\/em><\/li>\n<li><em>Promover buenas pr\u00e1cticas ambientales de cultivo: gesti\u00f3n de los residuos, ahorro de agua, recuperaci\u00f3n de usos y costumbres de la agricultura tradicional (la que hoy llamamos ecol\u00f3gica), etc.<\/em><\/li>\n<li><em>Potenciar el car\u00e1cter educativo y l\u00fadico de los huertos.<\/em><\/li>\n<li><em>Establecer y valorar las relaciones entre el medio natural y rural y las actividades vecinales de Valencia, inmersas en un medio urbano.<\/em><\/li>\n<li><em>Promover una alimentaci\u00f3n sana y h\u00e1bitos de vida saludables.<\/em><\/li>\n<li><em>Impulsar un mayor conocimiento y respeto por el medio ambiente.<\/em><\/li>\n<\/ol>\n","protected":false},"excerpt":{"rendered":"<p>(En castellano m\u00e1s abajo) Els horts es plantegen com a espais regulats en els quals, a trav\u00e9s del programa municipal, s&#8217;adjudica per un per\u00edode determinat de temps un terreny p\u00fablic als participants. La tend\u00e8ncia \u00e9s a que siguen autosuficients i siguen les mateixes persones les encarregades de la seua correcta gesti\u00f3, sent els fruits obtinguts &hellip; <\/p>\n<p class=\"read-more\"><a class=\"readmore-btn\" href=\"https:\/\/valencia.consellagrari.com\/hortsurbanslatorre\/objectius\/\">+<span class=\"screen-reader-text\">  Read More<\/span><\/a><\/p>\n","protected":false},"author":1,"featured_media":0,"parent":0,"menu_order":0,"comment_status":"closed","ping_status":"closed","template":"","meta":[],"_links":{"self":[{"href":"https:\/\/valencia.consellagrari.com\/hortsurbanslatorre\/wp-json\/wp\/v2\/pages\/171"}],"collection":[{"href":"https:\/\/valencia.consellagrari.com\/hortsurbanslatorre\/wp-json\/wp\/v2\/pages"}],"about":[{"href":"https:\/\/valencia.consellagrari.com\/hortsurbanslatorre\/wp-json\/wp\/v2\/types\/page"}],"author":[{"embeddable":true,"href":"https:\/\/valencia.consellagrari.com\/hortsurbanslatorre\/wp-json\/wp\/v2\/users\/1"}],"replies":[{"embeddable":true,"href":"https:\/\/valencia.consellagrari.com\/hortsurbanslatorre\/wp-json\/wp\/v2\/comments?post=171"}],"version-history":[{"count":6,"href":"https:\/\/valencia.consellagrari.com\/hortsurbanslatorre\/wp-json\/wp\/v2\/pages\/171\/revisions"}],"predecessor-version":[{"id":370,"href":"https:\/\/valencia.consellagrari.com\/hortsurbanslatorre\/wp-json\/wp\/v2\/pages\/171\/revisions\/370"}],"wp:attachment":[{"href":"https:\/\/valencia.consellagrari.com\/hortsurbanslatorre\/wp-json\/wp\/v2\/media?parent=171"}],"curies":[{"name":"wp","href":"https:\/\/api.w.org\/{rel}","templated":true}]}}