{"id":50,"date":"2018-02-26T05:47:48","date_gmt":"2018-02-26T05:47:48","guid":{"rendered":"https:\/\/hortasociopolis.wordpress.com\/?page_id=50"},"modified":"2018-05-28T16:43:06","modified_gmt":"2018-05-28T14:43:06","slug":"ubicacio","status":"publish","type":"page","link":"https:\/\/valencia.consellagrari.com\/hortsurbanslatorre\/ubicacio\/","title":{"rendered":"Ubicaci\u00f3"},"content":{"rendered":"<p>El Parc de La Torre es localitza al costat de L\u2019Alqueria del Saboner, en la pedania de La Torre, situada al sud de l&#8217;\u00e0rea metropolitana de Val\u00e8ncia. M\u00e9s concretament al carrer Pai de la Torre, 3V, 46017 Val\u00e8ncia.<\/p>\n<p><iframe loading=\"lazy\" style=\"border: 0;\" src=\"https:\/\/www.google.com\/maps\/embed?pb=!1m18!1m12!1m3!1d49306.2326553218!2d-0.4324871208984156!3d39.43227480000001!2m3!1f0!2f0!3f0!3m2!1i1024!2i768!4f13.1!3m3!1m2!1s0xd604ee8c38ddf6b%3A0x3e88febca2d128f9!2sHorts+Municipals+de+Soci%C3%B3polis!5e0!3m2!1ses!2ses!4v1526938610079\" width=\"600\" height=\"450\" frameborder=\"0\" allowfullscreen=\"allowfullscreen\"><\/iframe><\/p>\n","protected":false},"excerpt":{"rendered":"<p>El Parc de La Torre es localitza al costat de L\u2019Alqueria del Saboner, en la pedania de La Torre, situada al sud de l&#8217;\u00e0rea metropolitana de Val\u00e8ncia. M\u00e9s concretament al carrer Pai de la Torre, 3V, 46017 Val\u00e8ncia.<\/p>\n","protected":false},"author":1,"featured_media":0,"parent":0,"menu_order":0,"comment_status":"closed","ping_status":"closed","template":"","meta":[],"_links":{"self":[{"href":"https:\/\/valencia.consellagrari.com\/hortsurbanslatorre\/wp-json\/wp\/v2\/pages\/50"}],"collection":[{"href":"https:\/\/valencia.consellagrari.com\/hortsurbanslatorre\/wp-json\/wp\/v2\/pages"}],"about":[{"href":"https:\/\/valencia.consellagrari.com\/hortsurbanslatorre\/wp-json\/wp\/v2\/types\/page"}],"author":[{"embeddable":true,"href":"https:\/\/valencia.consellagrari.com\/hortsurbanslatorre\/wp-json\/wp\/v2\/users\/1"}],"replies":[{"embeddable":true,"href":"https:\/\/valencia.consellagrari.com\/hortsurbanslatorre\/wp-json\/wp\/v2\/comments?post=50"}],"version-history":[{"count":3,"href":"https:\/\/valencia.consellagrari.com\/hortsurbanslatorre\/wp-json\/wp\/v2\/pages\/50\/revisions"}],"predecessor-version":[{"id":381,"href":"https:\/\/valencia.consellagrari.com\/hortsurbanslatorre\/wp-json\/wp\/v2\/pages\/50\/revisions\/381"}],"wp:attachment":[{"href":"https:\/\/valencia.consellagrari.com\/hortsurbanslatorre\/wp-json\/wp\/v2\/media?parent=50"}],"curies":[{"name":"wp","href":"https:\/\/api.w.org\/{rel}","templated":true}]}}