{"id":72,"date":"2018-02-26T10:25:35","date_gmt":"2018-02-26T10:25:35","guid":{"rendered":"https:\/\/hortasociopolis.wordpress.com\/?page_id=72"},"modified":"2018-05-28T17:45:10","modified_gmt":"2018-05-28T15:45:10","slug":"normes-dus","status":"publish","type":"page","link":"https:\/\/valencia.consellagrari.com\/hortsurbanslatorre\/normes-dus\/","title":{"rendered":"Normes d&#8217;\u00fas"},"content":{"rendered":"<p style=\"text-align: right;\"><em>(En castellano m\u00e1s abajo)<\/em><\/p>\n<p>En el punt 7 del <a href=\"http:\/\/valencia.consellagrari.com\/hortsurbanslatorre\/wp-content\/uploads\/2018\/05\/pliego-de-clausulas.pdf\" target=\"_blank\" rel=\"noopener\">Plec de Cl\u00e0usules Reguladores<\/a> es detallen les obligacions de l&#8217;usuari.<\/p>\n<p>En primer lloc s&#8217;espera del titular de la cessi\u00f3 que conree el terreny de manera respectuosa amb els elements de la parcel\u00b7la i que s&#8217;ajuste al cultiu d&#8217;hortalisses, flors i arom\u00e0tiques \u00fanicament (m\u00e9s endavant, en el punt 8, s&#8217;especifiquen quines plantes estan prohibides, tals com arbres, plantes degradants, psicotr\u00f2piques, etc.).<\/p>\n<p>Tamb\u00e9 es demana que l&#8217;usuari execute el seu treball personalment o per persones pr\u00e8viament autoritzades, sense perjudici dels casos de for\u00e7a major o d&#8217;ajuda m\u00fatua entre hortolans.<\/p>\n<p>En tot moment els adjudicataris han de seguir les instruccions donades pel personal del Consell Agrari a fi d&#8217;assegurar un bon funcionament dels horts.<\/p>\n<p>Encara que en les cl\u00e0usules no s&#8217;especifica la prohibici\u00f3 de l&#8217;\u00fas de productes qu\u00edmics no autoritzats per les normes de l&#8217;agricultura ecol\u00f2gica, des de l&#8217;any 2017 les instruccions van en aquest sentit, quedant totalment prohibit l&#8217;\u00fas d&#8217;adobs i fitosanitaris no autoritzats per aquesta normativa ecol\u00f2gica. En qualsevol cas, en cas de dubte cal consultar abans amb el personal encarregat.<\/p>\n<p>El punt 8 arreplega, com s&#8217;ha dit, les prohibicions quant a cultius, \u00fas de la parcel\u00b7la, normes del parc, etc.<\/p>\n<p>\u00c9s important llegir amb deteniment totes aquestes normes.<\/p>\n<p style=\"padding-left: 30px;\"><a href=\"http:\/\/valencia.consellagrari.com\/hortsurbanslatorre\/wp-content\/uploads\/2018\/05\/pliego-de-clausulas.pdf\" target=\"_blank\" rel=\"noopener\">Plec de cl\u00e0usules reguladores<\/a><\/p>\n<p>&nbsp;<\/p>\n<hr \/>\n<h1 style=\"text-align: center;\">Normas de uso<\/h1>\n<p>En el punto 7 del <a href=\"http:\/\/valencia.consellagrari.com\/hortsurbanslatorre\/wp-content\/uploads\/2018\/05\/pliego-de-clausulas.pdf\" target=\"_blank\" rel=\"noopener\">Pliego de Cl\u00e1usulas Reguladoras<\/a> se detallan las obligaciones del usuario.<\/p>\n<p>En primer lugar se espera del titular de la cesi\u00f3n que cultive el terreno de manera respetuosa con los elementos de la parcela y que se ajuste al cultivo de hortalizas, flores y arom\u00e1ticas \u00fanicamente (m\u00e1s adelante, en el punto 8, se especifican que plantas est\u00e1n prohibidas, tales como \u00e1rboles, plantas degradantes, psicotr\u00f3picas, etc.).<\/p>\n<p>Tambi\u00e9n se pide que el usuario ejecute su trabajo personalmente o por personas previamente autorizadas, sin perjuicio de los casos de fuerza mayor o de la ayuda mutua entre hortelanos.<\/p>\n<p>En todo momento los adjudicatarios han de seguir las instrucciones dadas por el personal del Consell Agrari a fin de asegurar un buen funcionamiento de los huertos.<\/p>\n<p>Aunque en las cl\u00e1usulas no se especifica la prohibici\u00f3n del uso de productos qu\u00edmicos no autorizados por las normas de la agricultura ecol\u00f3gica, desde el a\u00f1o 2017 las instrucciones van en ese sentido, quedando totalmente prohibido el uso de abonos y fitosanitarios no autorizados por dicha normativa ecol\u00f3gica. En cualquier caso, en caso de duda hay que consultar antes con el personal encargado.<\/p>\n<p>El punto 8 recoge, como se ha dicho, las prohibiciones en cuanto a cultivos, uso de la parcela, normas del parque, etc.<\/p>\n<p>Es importante leer con detenimiento todas estas normas.<\/p>\n<p style=\"padding-left: 30px;\"><a href=\"http:\/\/valencia.consellagrari.com\/hortsurbanslatorre\/wp-content\/uploads\/2018\/05\/pliego-de-clausulas.pdf\" target=\"_blank\" rel=\"noopener\">Pliego de Cl\u00e1usulas Reguladoras<\/a><\/p>\n","protected":false},"excerpt":{"rendered":"<p>(En castellano m\u00e1s abajo) En el punt 7 del Plec de Cl\u00e0usules Reguladores es detallen les obligacions de l&#8217;usuari. En primer lloc s&#8217;espera del titular de la cessi\u00f3 que conree el terreny de manera respectuosa amb els elements de la parcel\u00b7la i que s&#8217;ajuste al cultiu d&#8217;hortalisses, flors i arom\u00e0tiques \u00fanicament (m\u00e9s endavant, en el &hellip; <\/p>\n<p class=\"read-more\"><a class=\"readmore-btn\" href=\"https:\/\/valencia.consellagrari.com\/hortsurbanslatorre\/normes-dus\/\">+<span class=\"screen-reader-text\">  Read More<\/span><\/a><\/p>\n","protected":false},"author":1,"featured_media":0,"parent":0,"menu_order":0,"comment_status":"closed","ping_status":"closed","template":"","meta":[],"_links":{"self":[{"href":"https:\/\/valencia.consellagrari.com\/hortsurbanslatorre\/wp-json\/wp\/v2\/pages\/72"}],"collection":[{"href":"https:\/\/valencia.consellagrari.com\/hortsurbanslatorre\/wp-json\/wp\/v2\/pages"}],"about":[{"href":"https:\/\/valencia.consellagrari.com\/hortsurbanslatorre\/wp-json\/wp\/v2\/types\/page"}],"author":[{"embeddable":true,"href":"https:\/\/valencia.consellagrari.com\/hortsurbanslatorre\/wp-json\/wp\/v2\/users\/1"}],"replies":[{"embeddable":true,"href":"https:\/\/valencia.consellagrari.com\/hortsurbanslatorre\/wp-json\/wp\/v2\/comments?post=72"}],"version-history":[{"count":4,"href":"https:\/\/valencia.consellagrari.com\/hortsurbanslatorre\/wp-json\/wp\/v2\/pages\/72\/revisions"}],"predecessor-version":[{"id":394,"href":"https:\/\/valencia.consellagrari.com\/hortsurbanslatorre\/wp-json\/wp\/v2\/pages\/72\/revisions\/394"}],"wp:attachment":[{"href":"https:\/\/valencia.consellagrari.com\/hortsurbanslatorre\/wp-json\/wp\/v2\/media?parent=72"}],"curies":[{"name":"wp","href":"https:\/\/api.w.org\/{rel}","templated":true}]}}