{"id":82,"date":"2018-02-26T10:30:32","date_gmt":"2018-02-26T10:30:32","guid":{"rendered":"https:\/\/hortasociopolis.wordpress.com\/?page_id=82"},"modified":"2018-05-28T17:51:35","modified_gmt":"2018-05-28T15:51:35","slug":"gestio-de-les-restes-vegetals-compost","status":"publish","type":"page","link":"https:\/\/valencia.consellagrari.com\/hortsurbanslatorre\/gestio-de-les-restes-vegetals-compost\/","title":{"rendered":"Gesti\u00f3 de les restes vegetals"},"content":{"rendered":"<p>Normes per depositar les restes vegetals provinents de les parcel\u00b7les a la zona de recepci\u00f3.<\/p>\n<p>P\u00e0gina en construcci\u00f3.<\/p>\n","protected":false},"excerpt":{"rendered":"<p>Normes per depositar les restes vegetals provinents de les parcel\u00b7les a la zona de recepci\u00f3. P\u00e0gina en construcci\u00f3.<\/p>\n","protected":false},"author":1,"featured_media":0,"parent":0,"menu_order":0,"comment_status":"closed","ping_status":"closed","template":"","meta":[],"_links":{"self":[{"href":"https:\/\/valencia.consellagrari.com\/hortsurbanslatorre\/wp-json\/wp\/v2\/pages\/82"}],"collection":[{"href":"https:\/\/valencia.consellagrari.com\/hortsurbanslatorre\/wp-json\/wp\/v2\/pages"}],"about":[{"href":"https:\/\/valencia.consellagrari.com\/hortsurbanslatorre\/wp-json\/wp\/v2\/types\/page"}],"author":[{"embeddable":true,"href":"https:\/\/valencia.consellagrari.com\/hortsurbanslatorre\/wp-json\/wp\/v2\/users\/1"}],"replies":[{"embeddable":true,"href":"https:\/\/valencia.consellagrari.com\/hortsurbanslatorre\/wp-json\/wp\/v2\/comments?post=82"}],"version-history":[{"count":1,"href":"https:\/\/valencia.consellagrari.com\/hortsurbanslatorre\/wp-json\/wp\/v2\/pages\/82\/revisions"}],"predecessor-version":[{"id":401,"href":"https:\/\/valencia.consellagrari.com\/hortsurbanslatorre\/wp-json\/wp\/v2\/pages\/82\/revisions\/401"}],"wp:attachment":[{"href":"https:\/\/valencia.consellagrari.com\/hortsurbanslatorre\/wp-json\/wp\/v2\/media?parent=82"}],"curies":[{"name":"wp","href":"https:\/\/api.w.org\/{rel}","templated":true}]}}