{"id":84,"date":"2018-02-26T10:31:09","date_gmt":"2018-02-26T10:31:09","guid":{"rendered":"https:\/\/hortasociopolis.wordpress.com\/?page_id=84"},"modified":"2018-05-28T17:51:59","modified_gmt":"2018-05-28T15:51:59","slug":"reg","status":"publish","type":"page","link":"https:\/\/valencia.consellagrari.com\/hortsurbanslatorre\/reg\/","title":{"rendered":"Reg"},"content":{"rendered":"<p>Peculiaritats del sistema de reg a manta, dies de reg, bones pr\u00e0ctiques&#8230;<\/p>\n<p>P\u00e0gina en construcci\u00f3.<\/p>\n","protected":false},"excerpt":{"rendered":"<p>Peculiaritats del sistema de reg a manta, dies de reg, bones pr\u00e0ctiques&#8230; P\u00e0gina en construcci\u00f3.<\/p>\n","protected":false},"author":1,"featured_media":0,"parent":0,"menu_order":0,"comment_status":"closed","ping_status":"closed","template":"","meta":[],"_links":{"self":[{"href":"https:\/\/valencia.consellagrari.com\/hortsurbanslatorre\/wp-json\/wp\/v2\/pages\/84"}],"collection":[{"href":"https:\/\/valencia.consellagrari.com\/hortsurbanslatorre\/wp-json\/wp\/v2\/pages"}],"about":[{"href":"https:\/\/valencia.consellagrari.com\/hortsurbanslatorre\/wp-json\/wp\/v2\/types\/page"}],"author":[{"embeddable":true,"href":"https:\/\/valencia.consellagrari.com\/hortsurbanslatorre\/wp-json\/wp\/v2\/users\/1"}],"replies":[{"embeddable":true,"href":"https:\/\/valencia.consellagrari.com\/hortsurbanslatorre\/wp-json\/wp\/v2\/comments?post=84"}],"version-history":[{"count":1,"href":"https:\/\/valencia.consellagrari.com\/hortsurbanslatorre\/wp-json\/wp\/v2\/pages\/84\/revisions"}],"predecessor-version":[{"id":402,"href":"https:\/\/valencia.consellagrari.com\/hortsurbanslatorre\/wp-json\/wp\/v2\/pages\/84\/revisions\/402"}],"wp:attachment":[{"href":"https:\/\/valencia.consellagrari.com\/hortsurbanslatorre\/wp-json\/wp\/v2\/media?parent=84"}],"curies":[{"name":"wp","href":"https:\/\/api.w.org\/{rel}","templated":true}]}}