{"id":95,"date":"2018-02-26T10:34:43","date_gmt":"2018-02-26T10:34:43","guid":{"rendered":"https:\/\/hortasociopolis.wordpress.com\/?page_id=95"},"modified":"2018-05-21T23:26:17","modified_gmt":"2018-05-21T21:26:17","slug":"jornades-i-cursos","status":"publish","type":"page","link":"https:\/\/valencia.consellagrari.com\/hortsurbanslatorre\/jornades-i-cursos\/","title":{"rendered":"Jornades i cursos"},"content":{"rendered":"<h3><a href=\"http:\/\/valencia.consellagrari.com\/hortsurbanslatorre\/2018\/05\/activitat-amb-la-d-o-xufa-de-valencia\/\">15\/05\/18. Sembra de xufes amb la D.O. Xufa de Val\u00e8ncia<\/a><\/h3>\n<p>La D.O. Xufa de Val\u00e8ncia ens convida a participar en la plantaci\u00f3 de xufes als horts municipals, amb alumnes del C.P. Padre Manj\u00f3n (La Torre).<\/p>\n<h3><a href=\"http:\/\/valencia.consellagrari.com\/hortsurbanslatorre\/2018\/05\/plantacio-de-carabasses-amb-fuvama\/\">08\/05\/18. Plantaci\u00f3 de carabasses amb FUVAMA<\/a><\/h3>\n<p>Plantaci\u00f3 de carabasses ecol\u00f2giques i desdejuny saludable organitzat per la Fundaci\u00f3 Valenciana d&#8217;Agricultira i Medi Ambient (FUVAMA), amb la participaci\u00f3 d&#8217;alumnes del Col\u00b7legi Oller de Val\u00e8ncia i el Padre Manj\u00f3n de La Torre.<\/p>\n<h3><a href=\"http:\/\/valencia.consellagrari.com\/hortsurbanslatorre\/2018\/05\/tallers-amb-la-torre-en-marxa\/\">28\/04\/18. Dissabtes als Horts Urbans<\/a><\/h3>\n<p>Tallers per a grans i menuts oferits per <a href=\"http:\/\/www.sembraensao.org\" target=\"_blank\" rel=\"noopener\">Sembra en Sa\u00f3<\/a>, en el marc de Setmana Cultural &#8220;La Torre en Marxa&#8221;.<\/p>\n","protected":false},"excerpt":{"rendered":"<p>15\/05\/18. Sembra de xufes amb la D.O. Xufa de Val\u00e8ncia La D.O. Xufa de Val\u00e8ncia ens convida a participar en la plantaci\u00f3 de xufes als horts municipals, amb alumnes del C.P. Padre Manj\u00f3n (La Torre). 08\/05\/18. Plantaci\u00f3 de carabasses amb FUVAMA Plantaci\u00f3 de carabasses ecol\u00f2giques i desdejuny saludable organitzat per la Fundaci\u00f3 Valenciana d&#8217;Agricultira i &hellip; <\/p>\n<p class=\"read-more\"><a class=\"readmore-btn\" href=\"https:\/\/valencia.consellagrari.com\/hortsurbanslatorre\/jornades-i-cursos\/\">+<span class=\"screen-reader-text\">  Read More<\/span><\/a><\/p>\n","protected":false},"author":1,"featured_media":0,"parent":0,"menu_order":0,"comment_status":"closed","ping_status":"closed","template":"","meta":[],"_links":{"self":[{"href":"https:\/\/valencia.consellagrari.com\/hortsurbanslatorre\/wp-json\/wp\/v2\/pages\/95"}],"collection":[{"href":"https:\/\/valencia.consellagrari.com\/hortsurbanslatorre\/wp-json\/wp\/v2\/pages"}],"about":[{"href":"https:\/\/valencia.consellagrari.com\/hortsurbanslatorre\/wp-json\/wp\/v2\/types\/page"}],"author":[{"embeddable":true,"href":"https:\/\/valencia.consellagrari.com\/hortsurbanslatorre\/wp-json\/wp\/v2\/users\/1"}],"replies":[{"embeddable":true,"href":"https:\/\/valencia.consellagrari.com\/hortsurbanslatorre\/wp-json\/wp\/v2\/comments?post=95"}],"version-history":[{"count":10,"href":"https:\/\/valencia.consellagrari.com\/hortsurbanslatorre\/wp-json\/wp\/v2\/pages\/95\/revisions"}],"predecessor-version":[{"id":299,"href":"https:\/\/valencia.consellagrari.com\/hortsurbanslatorre\/wp-json\/wp\/v2\/pages\/95\/revisions\/299"}],"wp:attachment":[{"href":"https:\/\/valencia.consellagrari.com\/hortsurbanslatorre\/wp-json\/wp\/v2\/media?parent=95"}],"curies":[{"name":"wp","href":"https:\/\/api.w.org\/{rel}","templated":true}]}}